{"id":1393,"date":"2018-05-03T11:20:51","date_gmt":"2018-05-03T09:20:51","guid":{"rendered":"https:\/\/jamonesibericosmadrid.com\/?page_id=1393"},"modified":"2018-05-03T11:26:14","modified_gmt":"2018-05-03T09:26:14","slug":"general-conditions","status":"publish","type":"page","link":"https:\/\/jamonesibericosmadrid.com\/en\/general-conditions\/","title":{"rendered":"General Conditions"},"content":{"rendered":"<div class=\"fusion-fullwidth fullwidth-box fusion-builder-row-1 nonhundred-percent-fullwidth non-hundred-percent-height-scrolling\" style=\"--awb-border-radius-top-left:0px;--awb-border-radius-top-right:0px;--awb-border-radius-bottom-right:0px;--awb-border-radius-bottom-left:0px;--awb-flex-wrap:wrap;\" ><div class=\"fusion-builder-row fusion-row\"><div class=\"fusion-layout-column fusion_builder_column fusion-builder-column-0 fusion_builder_column_1_1 1_1 fusion-one-full fusion-column-first fusion-column-last\" style=\"--awb-bg-size:cover;\"><div class=\"fusion-column-wrapper fusion-flex-column-wrapper-legacy\"><div class=\"fusion-tabs fusion-tabs-1 classic nav-is-justified horizontal-tabs icon-position-left mobile-mode-accordion\" style=\"--awb-title-border-radius-top-left:0px;--awb-title-border-radius-top-right:0px;--awb-title-border-radius-bottom-right:0px;--awb-title-border-radius-bottom-left:0px;--awb-inactive-color:#ebeaea;--awb-background-color:#ffffff;--awb-border-color:#ebeaea;--awb-active-border-color:#966b58;\"><div class=\"nav\"><ul class=\"nav-tabs nav-justified\" role=\"tablist\"><li class=\"active\" role=\"presentation\"><a class=\"tab-link\" data-toggle=\"tab\" role=\"tab\" aria-controls=\"tab-eb9e8653203036bc652\" aria-selected=\"true\" id=\"fusion-tab-legal\" href=\"#tab-eb9e8653203036bc652\"><h4 class=\"fusion-tab-heading\">LEGAL<\/h4><\/a><\/li><li role=\"presentation\"><a class=\"tab-link\" data-toggle=\"tab\" role=\"tab\" aria-controls=\"tab-bc47361bf46d7513841\" aria-selected=\"false\" tabindex=\"-1\" id=\"fusion-tab-cookies\" href=\"#tab-bc47361bf46d7513841\"><h4 class=\"fusion-tab-heading\">COOKIES<\/h4><\/a><\/li><li role=\"presentation\"><a class=\"tab-link\" data-toggle=\"tab\" role=\"tab\" aria-controls=\"tab-bb677b7b631b78bf88f\" aria-selected=\"false\" tabindex=\"-1\" id=\"fusion-tab-generalconditions\" href=\"#tab-bb677b7b631b78bf88f\"><h4 class=\"fusion-tab-heading\">GENERAL CONDITIONS<\/h4><\/a><\/li><li role=\"presentation\"><a class=\"tab-link\" data-toggle=\"tab\" role=\"tab\" aria-controls=\"tab-8a3ffb492fd33bcad93\" aria-selected=\"false\" tabindex=\"-1\" id=\"fusion-tab-informaci\u00d3ndereparto\" href=\"#tab-8a3ffb492fd33bcad93\"><h4 class=\"fusion-tab-heading\">INFORMACI\u00d3N DE REPARTO<\/h4><\/a><\/li><\/ul><\/div><div class=\"tab-content\"><div class=\"nav fusion-mobile-tab-nav\"><ul class=\"nav-tabs nav-justified\" role=\"tablist\"><li class=\"active\" role=\"presentation\"><a class=\"tab-link\" data-toggle=\"tab\" role=\"tab\" aria-controls=\"tab-eb9e8653203036bc652\" aria-selected=\"true\" id=\"mobile-fusion-tab-legal\" href=\"#tab-eb9e8653203036bc652\"><h4 class=\"fusion-tab-heading\">LEGAL<\/h4><\/a><\/li><\/ul><\/div><div class=\"tab-pane fade fusion-clearfix in active\" role=\"tabpanel\" tabindex=\"0\" aria-labelledby=\"fusion-tab-legal\" id=\"tab-eb9e8653203036bc652\">\n<p>1. IDENTIDAD DEL TITULAR WEB<\/p>\n<p>DENOMINACI\u00d3N SOCIAL: ALBERTO L\u00d3PEZ ARAQUE con domicilio social C\/ CORREDERA BAJA 13, 28004 MADRID y con NIF 50707060H.<\/p>\n<p>TEL\u00c9FONO: 915 228 512<\/p>\n<p>NOMBRE DEL DOMINIO: www.jamonesibericosmadrid.com<\/p>\n<p>2. ACEPTACI\u00d3N DE LAS CONDICIONES DE USO<\/p>\n<p>La utilizaci\u00f3n de este sitio Web atribuye al navegante, sea persona f\u00edsica o jur\u00eddica, la condici\u00f3n de USUARIO, lo cual implica la adhesi\u00f3n a los t\u00e9rminos y condiciones que a continuaci\u00f3n se indican.<\/p>\n<p>A todos los efectos, se contemplar\u00e1n los t\u00e9rminos y condiciones en la versi\u00f3n publicada en el momento en que se produce el acceso.<\/p>\n<p>ALBERTO L\u00d3PEZ ARAQUE recomienda al USUARIO leer atentamente los t\u00e9rminos y condiciones que a continuaci\u00f3n se detallan antes de hacer uso de los servicios ofertados.<\/p>\n<p>Asimismo, el acceso a determinados servicios a trav\u00e9s de este sitio Web puede encontrarse sometido a ciertas condiciones particulares propias que, seg\u00fan los casos, sustituyen, completan y\/o modifican estas condiciones generales.<\/p>\n<p>Por tanto, con anterioridad al acceso y\/o utilizaci\u00f3n de nuestros servicios, el USUARIO debe leer atentamente tambi\u00e9n las correspondientes condiciones particulares. En caso de no aceptar las condiciones de uso, deber\u00e1 abstenerse de acceder y utilizar los servicios contenidos en esta Web.<\/p>\n<p>Las presentes condiciones de uso regulan el uso gen\u00e9rico de la Web por parte del USUARIO que tiene la posibilidad de visualizarla e imprimirlas.<\/p>\n<p>ALBERTO L\u00d3PEZ ARAQUE se reserva el derecho a modificar o suprimir en cualquier momento y sin previo aviso los contenidos, servicios e informaciones que se encuentran en esta Web, as\u00ed como a limitar o cancelar los t\u00e9rminos y condiciones aplicables a la Web.<\/p>\n<p>3. PROPIEDAD INTELECTUAL E INDUSTRIAL<\/p>\n<p>El contenido de esta Web se encuentra protegido por las Leyes sobre Propiedad Intelectual e Industrial.<\/p>\n<p>El sitio Web, incluyendo a t\u00edtulo enunciativo pero no limitativo su programaci\u00f3n, edici\u00f3n, compilaci\u00f3n y dem\u00e1s elementos necesarios para su funcionamiento, los dise\u00f1os, logotipos, texto y\/o gr\u00e1ficos son propiedad de ALBERTO L\u00d3PEZ ARAQUE o en su caso dispone de licencia o autorizaci\u00f3n expresa por parte de los autores.<\/p>\n<p>Independientemente de la finalidad para la que fueran destinados, la reproducci\u00f3n total o parcial, uso, explotaci\u00f3n, distribuci\u00f3n y comercializaci\u00f3n, requiere en todo caso de la autorizaci\u00f3n escrita previa por parte de ALBERTO L\u00d3PEZ ARAQUE. La infracci\u00f3n de cualquiera de los citados derechos puede constituir una vulneraci\u00f3n de las presentes disposiciones, as\u00ed como un delito castigado de acuerdo con los art\u00edculos 270 y siguientes del C\u00f3digo Penal.<\/p>\n<p>Los dise\u00f1os, logotipos, texto y\/o gr\u00e1ficos ajenos a ALBERTO L\u00d3PEZ ARAQUE y que pudieran aparecer en el sitio Web, pertenecen a sus respectivos propietarios, siendo ellos mismos responsables de cualquier posible controversia que pudiera suscitarse respecto a los mismos. En todo caso, ALBERTO L\u00d3PEZ ARAQUE cuenta con la autorizaci\u00f3n expresa y previa por parte de los mismos.<\/p>\n<p>Las reclamaciones que pudieran interponerse por los USUARIOS en relaci\u00f3n con posibles incumplimientos de los derechos de propiedad intelectual o industrial sobre cualquiera de los Contenidos de este sitio Web deber\u00e1n dirigirse a C\/ CORREDERA BAJA 13, 28004 MADRID.<\/p>\n<p>4. ACCESO A LA WEB<\/p>\n<p>Nuestra Web puede ser visitada por cualquier USUARIO de forma libre y gratuita. Los Datos de Car\u00e1cter Personal que nos facilite ser\u00e1n siempre tratados de conformidad con lo dispuesto en la Ley Org\u00e1nica 15\/1999 sobre Protecci\u00f3n de Datos de Car\u00e1cter Personal.<\/p>\n<p>5. USO CORRECTO DEL SITIO WEB<\/p>\n<p>El USUARIO se compromete a utilizar la Web, los contenidos y los servicios de acuerdo con la Ley, con las buenas costumbres y el orden p\u00fablico.<\/p>\n<p>El USUARIO se obliga y compromete a:<\/p>\n<p>No utilizar la Web o los servicios que se prestan a trav\u00e9s de ella con finalidades o efectos il\u00edcitos o contrarios al contenido de este Aviso Legal que lesionen los intereses o derechos de terceros, o que de cualquier forma pueda da\u00f1ar, inutilizar o deteriorar la Web o sus servicios o impedir un uso satisfactorio de la Web a otros usuarios.<\/p>\n<p>No destruir, alterar, inutilizar o, de cualquier otra forma, da\u00f1ar los datos, los programas o los documentos electr\u00f3nicos y otros que se encuentren en la Web.<\/p>\n<p>No introducir programas, virus, macroinstrucciones, miniaplicaciones o cualquier otro dispositivo l\u00f3gico o secuencia de caracteres que causen o puedan causar cualquier tipo de alteraci\u00f3n en los sistemas inform\u00e1ticos de ALBERTO L\u00d3PEZ ARAQUE o de terceros.<\/p>\n<p>No hacer mal uso de informaciones, mensajes, gr\u00e1ficos, dibujos, archivos de sonido y\/o imagen, fotograf\u00edas, grabaciones, software y, en general, cualquier clase de material accesible a trav\u00e9s de la Web o de los servicios que ofrece.<\/p>\n<p>No introducir actuaciones, actitudes o ideas discriminatorias por raz\u00f3n de sexo, raza, religi\u00f3n, creencias, edad o condici\u00f3n. \u2028Asimismo, ALBERTO L\u00d3PEZ ARAQUE se reserva el derecho a denegar o retirar el acceso a la Web y\/o a los servicios en cualquier momento y sin necesidad de previo aviso a aquellos USUARIOS que incumplan estas condiciones generales.<\/p>\n<p>6. R\u00c9GIMEN DE RESPONSABILIDAD<\/p>\n<p>ALBERTO L\u00d3PEZ ARAQUE no se har\u00e1 responsable, directa ni subsidiariamente de:<\/p>\n<p>La calidad del servicio, la velocidad de acceso, el correcto funcionamiento ni la disponibilidad ni continuidad de funcionamiento de la Web.<\/p>\n<p>Que existan interrupciones del servicio, demoras, errores, mal funcionamiento del mismo y, en general, dem\u00e1s inconvenientes que tengan su origen en causa que escapan del control de ALBERTO L\u00d3PEZ ARAQUE.<\/p>\n<p>Una actuaci\u00f3n dolosa o culposa del USUARIO y\/o tenga por origen causas de fuerza mayor. En cualquier caso, sea cual fuere su causa.<\/p>\n<p>Da\u00f1os directos o indirectos, da\u00f1o emergente y\/o por lucro cesante.<\/p>\n<p>Los contenidos y opiniones de terceros ni de la informaci\u00f3n contenida en p\u00e1ginas Web de \u2028terceros a las que se pueda acceder por Enlaces o buscadores del sitio Web.<\/p>\n<p>Los da\u00f1os que puedan causarse en los equipos de los USUARIOS por posibles virus inform\u00e1ticos contra\u00eddos a causa de su navegaci\u00f3n en el sitio Web o por cualquier otro da\u00f1o \u2028derivado de esa navegaci\u00f3n.<\/p>\n<p>Del incumplimiento de la ley, la moral y las buenas costumbres generalmente aceptadas o \u2028el orden p\u00fablico como consecuencia de la transmisi\u00f3n, difusi\u00f3n, almacenamiento, puesta a \u2028disposici\u00f3n, recepci\u00f3n, obtenci\u00f3n o acceso a los contenidos.<\/p>\n<p>Los vicios, y defectos de toda clase de los contenidos transmitidos, difundidos, \u2028almacenados o puestos a disposici\u00f3n, la falta de actualizaci\u00f3n o de exactitud de los mismos, ni de su calidad cient\u00edfica en su caso.<\/p>\n<p>As\u00ed mismo, ALBERTO L\u00d3PEZ ARAQUE no garantiza que la Web y el servidor est\u00e9n libres de virus y no se hace responsable de los da\u00f1os causados por el acceso a la Web o por la imposibilidad de acceder.\u2028 ALBERTO L\u00d3PEZ ARAQUE tendr\u00e1 derecho, sin que exista indemnizaci\u00f3n alguna al USUARIO por estos conceptos, a suspender temporalmente los servicios y Contenidos del sitio Web para efectuar operaciones de mantenimiento, mejora o reparaci\u00f3n de los mismos.<\/p>\n<p>7. PROTECCI\u00d3N DE DATOS<\/p>\n<p>De conformidad con lo dispuesto en la Ley Org\u00e1nica 15\/1999, de Protecci\u00f3n de Datos de Car\u00e1cter Personal (LOPD) y su normativa de desarrollo, el responsable del sitio web ALBERTO L\u00d3PEZ ARAQUE, en cumplimiento de lo dispuesto en los arts. 5 y 6 de la LOPD, le informa a todos los usuarios del sitio web que faciliten o vayan a facilitar sus datos personales, que estos ser\u00e1n incorporados en un fichero automatizado que se encuentra debidamente inscrito en la Agencia Espa\u00f1ola de Protecci\u00f3n de Datos.<\/p>\n<p>Si desea ejercitar sus derechos de acceso, rectificaci\u00f3n, cancelaci\u00f3n u oposici\u00f3n, podr\u00e1 dirigirse a C\/ CORREDERA BAJA 13, 28004 MADRID.<\/p>\n<p>8. PUBLICIDAD<\/p>\n<p>Conforme a lo regulado en la Ley de Servicios de la Sociedad de la Informaci\u00f3n y Comercio Electr\u00f3nico (LSSICE) la pol\u00edtica respecto al correo electr\u00f3nico se centra en remitir \u00fanicamente comunicaciones que el USUARIO haya solicitado recibir. Si no desea recibir estos mensajes por correo electr\u00f3nico, puede dirigirse a la direcci\u00f3n C\/ CORREDERA BAJA 13, 28004 MADRID.<\/p>\n<p>9. LEGISLACI\u00d3N APLICABLE Y COMPETENCIA JUDICIAL<\/p>\n<p>Las presentes condiciones est\u00e1n redactadas en espa\u00f1ol, y se encuentran sometidas a la legislaci\u00f3n espa\u00f1ola vigente. Para toda cuesti\u00f3n litigiosa o que incumba al sitio Web de ALBERTO L\u00d3PEZ ARAQUE, ser\u00e1n competentes los Juzgados y Tribunales de Madrid, Espa\u00f1a.<\/p>\n<\/div><div class=\"nav fusion-mobile-tab-nav\"><ul class=\"nav-tabs nav-justified\" role=\"tablist\"><li role=\"presentation\"><a class=\"tab-link\" data-toggle=\"tab\" role=\"tab\" aria-controls=\"tab-bc47361bf46d7513841\" aria-selected=\"false\" tabindex=\"-1\" id=\"mobile-fusion-tab-cookies\" href=\"#tab-bc47361bf46d7513841\"><h4 class=\"fusion-tab-heading\">COOKIES<\/h4><\/a><\/li><\/ul><\/div><div class=\"tab-pane fade fusion-clearfix\" role=\"tabpanel\" tabindex=\"0\" aria-labelledby=\"fusion-tab-cookies\" id=\"tab-bc47361bf46d7513841\">\n<h1>Pol\u00edtica de cookies<\/h1>\n<p>Una\u00a0<i>cookie<\/i>\u00a0es un peque\u00f1o fichero de texto que se almacena en su navegador cuando visita casi cualquier p\u00e1gina web. Su utilidad es que la web sea capaz de recordar su visita cuando vuelva a navegar por esa p\u00e1gina. Las\u00a0<i>cookies\u00a0<\/i>suelen almacenar informaci\u00f3n de car\u00e1cter t\u00e9cnico, preferencias personales, personalizaci\u00f3n de contenidos, estad\u00edsticas de uso, enlaces a redes sociales, acceso a cuentas de usuario, etc. El objetivo de la\u00a0<i>cookie<\/i>\u00a0es adaptar el contenido de la web a su perfil y necesidades, sin\u00a0<i>cookies<\/i>\u00a0los servicios ofrecidos por cualquier p\u00e1gina se ver\u00edan mermados notablemente.<\/p>\n<h2>Cookies utilizadas en este sitio web<\/h2>\n<p>Siguiendo las directrices de la Agencia Espa\u00f1ola de Protecci\u00f3n de Datos procedemos a detallar el uso de\u00a0<i>cookies\u00a0<\/i>que hace esta web con el fin de informarle con la m\u00e1xima exactitud posible.<\/p>\n<p>Este sitio web utiliza las siguientes\u00a0<b>cookies propias<\/b>:<\/p>\n<ul>\n<li>Cookies de sesi\u00f3n, para garantizar que los usuarios que escriban comentarios en el blog sean humanos y no aplicaciones automatizadas. De esta forma se combate el\u00a0<i>spam<\/i>.<\/li>\n<\/ul>\n<p>Este sitio web utiliza las siguientes\u00a0<b>cookies de terceros<\/b>:<\/p>\n<ul>\n<li>Google Analytics: Almacena\u00a0<i>cookies<\/i>\u00a0para poder elaborar estad\u00edsticas sobre el tr\u00e1fico y volumen de visitas de esta web. Al utilizar este sitio web est\u00e1 consintiendo el tratamiento de informaci\u00f3n acerca de usted por Google. Por tanto, el ejercicio de cualquier derecho en este sentido deber\u00e1 hacerlo comunicando directamente con Google.<\/li>\n<li>Redes sociales: Cada red social utiliza sus propias\u00a0<i>cookies<\/i>\u00a0para que usted pueda pinchar en botones del tipo\u00a0<i>Me gusta<\/i>\u00a0o\u00a0<i>Compartir<\/i>.<\/li>\n<\/ul>\n<h2>Desactivaci\u00f3n o eliminaci\u00f3n de cookies<\/h2>\n<p>En cualquier momento podr\u00e1 ejercer su derecho de desactivaci\u00f3n o eliminaci\u00f3n de cookies de este sitio web. Estas acciones se realizan de forma diferente en funci\u00f3n del navegador que est\u00e9 usando.\u00a0<a href=\"http:\/\/tiendaesencia.com\/mas-informacion-sobre-las-cookies\/#navegadores\" target=\"_blank\" rel=\"noopener\">Aqu\u00ed le dejamos una gu\u00eda r\u00e1pida para los navegadores m\u00e1s populares<\/a>.<\/p>\n<h2>Notas adicionales<\/h2>\n<ul>\n<li>Ni esta web ni sus representantes legales se hacen responsables ni del contenido ni de la veracidad de las pol\u00edticas de privacidad que puedan tener los terceros mencionados en esta pol\u00edtica de\u00a0<i>cookies<\/i>.<\/li>\n<li>Los navegadores web son las herramientas encargadas de almacenar las\u00a0<i>cookies<\/i>\u00a0y desde este lugar debe efectuar su derecho a eliminaci\u00f3n o desactivaci\u00f3n de las mismas. Ni esta web ni sus representantes legales pueden garantizar la correcta o incorrecta manipulaci\u00f3n de las\u00a0<i>cookies<\/i>\u00a0por parte de los mencionados navegadores.<\/li>\n<li>En algunos casos es necesario instalar\u00a0<i>cookies<\/i>\u00a0para que el navegador no olvide su decisi\u00f3n de no aceptaci\u00f3n de las mismas.<\/li>\n<li>En el caso de las\u00a0<i>cookies<\/i>\u00a0de Google Analytics, esta empresa almacena las\u00a0<i>cookies<\/i>\u00a0en servidores ubicados en Estados Unidos y se compromete a no compartirla con terceros, excepto en los casos en los que sea necesario para el funcionamiento del sistema o cuando la ley obligue a tal efecto. Seg\u00fan Google no guarda su direcci\u00f3n IP. Google Inc. es una compa\u00f1\u00eda adherida al Acuerdo de Puerto Seguro que garantiza que todos los datos transferidos ser\u00e1n tratados con un nivel de protecci\u00f3n acorde a la normativa europea. Puede consultar informaci\u00f3n detallada a este respecto\u00a0<a href=\"http:\/\/safeharbor.export.gov\/companyinfo.aspx?id=16626\" target=\"_blank\" rel=\"noopener\">en este enlace<\/a>. Si desea informaci\u00f3n sobre el uso que Google da a las cookies\u00a0<a href=\"https:\/\/developers.google.com\/analytics\/devguides\/collection\/analyticsjs\/cookie-usage?hl=es&amp;csw=1\" target=\"_blank\" rel=\"noopener\">le adjuntamos este otro enlace<\/a>.<\/li>\n<li>Para cualquier duda o consulta acerca de esta pol\u00edtica de\u00a0<i>cookies<\/i>\u00a0no dude en comunicarse con nosotros a trav\u00e9s de la secci\u00f3n de contacto.<\/li>\n<\/ul>\n<\/div><div class=\"nav fusion-mobile-tab-nav\"><ul class=\"nav-tabs nav-justified\" role=\"tablist\"><li role=\"presentation\"><a class=\"tab-link\" data-toggle=\"tab\" role=\"tab\" aria-controls=\"tab-bb677b7b631b78bf88f\" aria-selected=\"false\" tabindex=\"-1\" id=\"mobile-fusion-tab-generalconditions\" href=\"#tab-bb677b7b631b78bf88f\"><h4 class=\"fusion-tab-heading\">GENERAL CONDITIONS<\/h4><\/a><\/li><\/ul><\/div><div class=\"tab-pane fade fusion-clearfix\" role=\"tabpanel\" tabindex=\"0\" aria-labelledby=\"fusion-tab-generalconditions\" id=\"tab-bb677b7b631b78bf88f\">\n<p>1. Introduction<\/p>\n<p>The general conditions of use and sale detailed below (hereinafter called \u2018General Conditions\u2019), rule all the contract relations between any buyer in the website jamonify.com (hereinafter called the \u2018Client\u2019) and the company L\u00f3pez Pascual, owner of the web jamonesibericosmadrid.com (hereinafter called the \u2018Shop\u2019).<\/p>\n<p>All the purchases in the Shop are ruled by the general conditions in force when the order is placed. To place an order, you will have to accept all our sale general conditions once you have read them.<\/p>\n<p>In case a condition is missing in this document, it will be subject to the professional regulations of the Distance Selling Association.<\/p>\n<p>The law provides for a period of fourteen calendar days from receipt of the order to withdraw the purchase. But given that this is a foodstuff, freshly cut and very specific conditions of storage, it is exempt from this obligation. Therefore paragraph Guarantee Jamonify we indicate how to return the product if it arrived damaged or in poor condition.<\/p>\n<p>2. Guarantee<\/p>\n<p>If you have just picked up and opened the goods and they are not in perfect condition, we will replace them for free. You must send an email with a picture of the product and explain the problem to us. After analysing your complaint we will send the courier agency to pick the goods up in order to check and replace them if needed. Do not send the goods without having contacted us before.<\/p>\n<p>All the products have a recommendation on the expiry date, but this date must be understood as the moment when the quality starts to decrease significantly. The product can still be eaten. The Shop will not accept any liability if you eat the product after that date.<\/p>\n<p>3. Prices and amounts.<\/p>\n<p>The prices of the products and the services are in Euros, VAT inclusive.<\/p>\n<p>5. Customer\u2019s registration<\/p>\n<p>When the Customer makes a purchase from this website, the personal information collected enables us to process and deliver his or her order and prepare invoices. Purchase of products is only allowed to people of full age, so the Customer must type his or her date of birth together with his or her personal details. Any omission or untruth in this information will mean the cancellation of the orders.<\/p>\n<p>When placing an order, you can allow us to keep your personal data for two years maximum and keep you posted via email about our<br \/>\nPromotions and about What\u2019s New on our website. You can also refuse to do that and your data will be deactivated immediately. In order to see the information related to personal data protection, please read our Privacy Politics.<\/p>\n<p>6. Laws<\/p>\n<p>These General Conditions are written pursuant to the Spanish Consumer and Customer Protection Act 26\/84.<\/p>\n<\/div><div class=\"nav fusion-mobile-tab-nav\"><ul class=\"nav-tabs nav-justified\" role=\"tablist\"><li role=\"presentation\"><a class=\"tab-link\" data-toggle=\"tab\" role=\"tab\" aria-controls=\"tab-8a3ffb492fd33bcad93\" aria-selected=\"false\" tabindex=\"-1\" id=\"mobile-fusion-tab-informaci\u00d3ndereparto\" href=\"#tab-8a3ffb492fd33bcad93\"><h4 class=\"fusion-tab-heading\">INFORMACI\u00d3N DE REPARTO<\/h4><\/a><\/li><\/ul><\/div><div class=\"tab-pane fade fusion-clearfix\" role=\"tabpanel\" tabindex=\"0\" aria-labelledby=\"fusion-tab-informaci\u00d3ndereparto\" id=\"tab-8a3ffb492fd33bcad93\">\n<p><strong>Delivery<\/strong><\/p>\n<p>Due to the fact that the jamon needs to be selected or hand-cut to keep all its properties, we need a period of 24 hours to cut or prepare your order and pack it, and other 48 hours for delivery (courier). It takes between 4 and 6 days to receive your order depending on the country of destination .<\/p>\n<p>Orders placed on Friday, bank holidays or at the weekend will be prepared the next working day so that they are as fresh as possible.<br \/>\nThis deadline can be modified due to problems during transportation or for any other reasons beyond our control. We will provide the customer with a tracking number that will allow the customer to check his or her order at any time.<\/p>\n<\/div><\/div><\/div><div class=\"fusion-clearfix\"><\/div><\/div><\/div><\/div><\/div>\n","protected":false},"excerpt":{"rendered":"","protected":false},"author":1,"featured_media":0,"parent":0,"menu_order":0,"comment_status":"closed","ping_status":"closed","template":"","meta":{"footnotes":""},"class_list":["post-1393","page","type-page","status-publish","hentry"],"_links":{"self":[{"href":"https:\/\/jamonesibericosmadrid.com\/en\/wp-json\/wp\/v2\/pages\/1393","targetHints":{"allow":["GET"]}}],"collection":[{"href":"https:\/\/jamonesibericosmadrid.com\/en\/wp-json\/wp\/v2\/pages"}],"about":[{"href":"https:\/\/jamonesibericosmadrid.com\/en\/wp-json\/wp\/v2\/types\/page"}],"author":[{"embeddable":true,"href":"https:\/\/jamonesibericosmadrid.com\/en\/wp-json\/wp\/v2\/users\/1"}],"replies":[{"embeddable":true,"href":"https:\/\/jamonesibericosmadrid.com\/en\/wp-json\/wp\/v2\/comments?post=1393"}],"version-history":[{"count":0,"href":"https:\/\/jamonesibericosmadrid.com\/en\/wp-json\/wp\/v2\/pages\/1393\/revisions"}],"wp:attachment":[{"href":"https:\/\/jamonesibericosmadrid.com\/en\/wp-json\/wp\/v2\/media?parent=1393"}],"curies":[{"name":"wp","href":"https:\/\/api.w.org\/{rel}","templated":true}]}}