{"id":1070,"date":"2018-02-20T10:22:13","date_gmt":"2018-02-20T09:22:13","guid":{"rendered":"https:\/\/jamonesibericosmadrid.com\/product\/2001-baron-de-chirel-reserva-magnum\/"},"modified":"2025-12-10T17:39:00","modified_gmt":"2025-12-10T16:39:00","slug":"2016-baron-de-chirel-reserva","status":"publish","type":"product","link":"https:\/\/jamonesibericosmadrid.com\/en\/producto\/2016-baron-de-chirel-reserva\/","title":{"rendered":"2016 Bar\u00f3n de Chirel Reserva"},"content":{"rendered":"<h2>2016 Bar\u00f3n de Chirel Reserva<\/h2>\n<p>This wine was created in 1986 from an experimental production originating from a selection of old vines (+40 years old) with a low performance and an extraordinary quality. It has a very limited production, only from the best vintage years, which express the character of the vineyard, the soil and the grapes, combined in a harmonious ensemble.<\/p>\n<p>Bar\u00f3n de Chirel is a modern classic which showcases the identity, tradition and modernity of Rioja.<\/p>\n<p>The first vintage of Bar\u00f3n de Chirel, in 1986, was a response to the growing interest in fine quality Riojas. Since the outset, Marqu\u00e9s de Riscal has had very close ties with the winemaking methods of Bordeaux. At around that time Marqu\u00e9s de Riscal was working with a consultant named Professor Guy Guimberteau, successor to \u00c9mile Peynaud, who in his Bordeaux oenological training also had Francisco Hurtado de Am\u00e9zaga as a student. Later, in 1997, Paul Pontallier, director general of one of the five Bordeaux\u00a0<em>premiers crus,<\/em>\u00a0Ch\u00e2teau Margaux, also joined. From this relationship sprang the idea of making an experimental wine which would revive the grandeur of those mythical M\u00e9doc Reservas brought right up to date with the technology and resources of the 20<sup>th<\/sup>\u00a0century.<\/p>\n<p>Vines aged between 80 and 110 years\u2019 old were selected, with very low yields and better quality grapes. The wine was only made in the best vintages when the vines express the full character of the terroir; the \u201cNew Era of Rioja\u201d had just begun. Pioneer and precursor of what would later be known as \u201chigh expression wines\u201d. After the success when it first broke into a market hungry for fine quality wines, an endless procession of wines began to appear in the wake of Bar\u00f3n de Chirel, enjoying great prestige among the most discerning consumers.<\/p>\n<p>Type: Reserva red wine.<br \/>\nGrapes: Tempranillo and Cabernet.<br \/>\nAged: for more than 24 months.<br \/>\nRIOJA DO Vintage: Extraordinary.<\/p>\n","protected":false},"excerpt":{"rendered":"<h2>2016 Bar\u00f3n de Chirel Reserva<\/h2>\n<p>This wine was created in 1986 from an experimental production originating from a selection of old vines (+40 years old) with a low performance and an extraordinary quality.<\/p>\n","protected":false},"featured_media":792,"comment_status":"open","ping_status":"closed","template":"","meta":[],"product_brand":[],"product_cat":[67],"product_tag":[],"class_list":{"0":"post-1070","1":"product","2":"type-product","3":"status-publish","4":"has-post-thumbnail","6":"product_cat-wines","7":"tm-no-options","9":"first","10":"instock","11":"taxable","12":"shipping-taxable","13":"purchasable","14":"product-type-simple"},"_links":{"self":[{"href":"https:\/\/jamonesibericosmadrid.com\/en\/wp-json\/wp\/v2\/product\/1070","targetHints":{"allow":["GET"]}}],"collection":[{"href":"https:\/\/jamonesibericosmadrid.com\/en\/wp-json\/wp\/v2\/product"}],"about":[{"href":"https:\/\/jamonesibericosmadrid.com\/en\/wp-json\/wp\/v2\/types\/product"}],"replies":[{"embeddable":true,"href":"https:\/\/jamonesibericosmadrid.com\/en\/wp-json\/wp\/v2\/comments?post=1070"}],"wp:featuredmedia":[{"embeddable":true,"href":"https:\/\/jamonesibericosmadrid.com\/en\/wp-json\/wp\/v2\/media\/792"}],"wp:attachment":[{"href":"https:\/\/jamonesibericosmadrid.com\/en\/wp-json\/wp\/v2\/media?parent=1070"}],"wp:term":[{"taxonomy":"product_brand","embeddable":true,"href":"https:\/\/jamonesibericosmadrid.com\/en\/wp-json\/wp\/v2\/product_brand?post=1070"},{"taxonomy":"product_cat","embeddable":true,"href":"https:\/\/jamonesibericosmadrid.com\/en\/wp-json\/wp\/v2\/product_cat?post=1070"},{"taxonomy":"product_tag","embeddable":true,"href":"https:\/\/jamonesibericosmadrid.com\/en\/wp-json\/wp\/v2\/product_tag?post=1070"}],"curies":[{"name":"wp","href":"https:\/\/api.w.org\/{rel}","templated":true}]}}