{"id":1090,"date":"2018-02-28T09:37:03","date_gmt":"2018-02-28T08:37:03","guid":{"rendered":"https:\/\/jamonesibericosmadrid.com\/product\/2008-vendimia-tardia-chivite-coleccion-125\/"},"modified":"2024-02-06T11:36:38","modified_gmt":"2024-02-06T10:36:38","slug":"2008-vendimia-tardia-chivite-coleccion-125","status":"publish","type":"product","link":"https:\/\/jamonesibericosmadrid.com\/en\/producto\/2008-vendimia-tardia-chivite-coleccion-125\/","title":{"rendered":"2008 Vendimia tard\u00eda Chivite Colecci\u00f3n 125"},"content":{"rendered":"<h2>Chivite Colecci\u00f3n 125 Vendimia tard\u00eda 2008<\/h2>\n<p>This sweet natural wine is made from the best Moscatel de grano menudo grapes, over matured on the vines in the vineyard &#8216;El Candelero&#8217;. Planted in 1969, they are harvested by hand in 12 selections, from October to December. The wine is aged in new French oak barrels. Thanks to its handmade and delicate processing, this wine has a remarkable bottle ageing potential.<\/p>\n<p>Type: Barrel-fermented sweet white wine.<br \/>\nGrapes: Moscatel de grano menudo.<br \/>\nAged: 5 months in French oak barrels.<br \/>\nNAVARRA DO\u00a0\u00a0 Vintage: Outstanding.<\/p>\n","protected":false},"excerpt":{"rendered":"<h3>Chivite Colecci\u00f3n 125 Vendimia tard\u00eda 2008<\/h3>\n<p>This sweet natural wine is made from the best Moscatel de grano menudo grapes, over matured on the vines in the vineyard &#8216;El Candelero&#8217;.<\/p>\n","protected":false},"featured_media":754,"comment_status":"open","ping_status":"closed","template":"","meta":[],"product_brand":[],"product_cat":[67],"product_tag":[],"class_list":{"0":"post-1090","1":"product","2":"type-product","3":"status-publish","4":"has-post-thumbnail","6":"product_cat-wines","7":"tm-no-options","9":"first","10":"outofstock","11":"taxable","12":"shipping-taxable","13":"purchasable","14":"product-type-simple"},"_links":{"self":[{"href":"https:\/\/jamonesibericosmadrid.com\/en\/wp-json\/wp\/v2\/product\/1090","targetHints":{"allow":["GET"]}}],"collection":[{"href":"https:\/\/jamonesibericosmadrid.com\/en\/wp-json\/wp\/v2\/product"}],"about":[{"href":"https:\/\/jamonesibericosmadrid.com\/en\/wp-json\/wp\/v2\/types\/product"}],"replies":[{"embeddable":true,"href":"https:\/\/jamonesibericosmadrid.com\/en\/wp-json\/wp\/v2\/comments?post=1090"}],"wp:featuredmedia":[{"embeddable":true,"href":"https:\/\/jamonesibericosmadrid.com\/en\/wp-json\/wp\/v2\/media\/754"}],"wp:attachment":[{"href":"https:\/\/jamonesibericosmadrid.com\/en\/wp-json\/wp\/v2\/media?parent=1090"}],"wp:term":[{"taxonomy":"product_brand","embeddable":true,"href":"https:\/\/jamonesibericosmadrid.com\/en\/wp-json\/wp\/v2\/product_brand?post=1090"},{"taxonomy":"product_cat","embeddable":true,"href":"https:\/\/jamonesibericosmadrid.com\/en\/wp-json\/wp\/v2\/product_cat?post=1090"},{"taxonomy":"product_tag","embeddable":true,"href":"https:\/\/jamonesibericosmadrid.com\/en\/wp-json\/wp\/v2\/product_tag?post=1090"}],"curies":[{"name":"wp","href":"https:\/\/api.w.org\/{rel}","templated":true}]}}