{"id":1098,"date":"2018-02-28T09:41:33","date_gmt":"2018-02-28T08:41:33","guid":{"rendered":"https:\/\/jamonesibericosmadrid.com\/product\/1996-matarromera-gran-reserva\/"},"modified":"2025-01-09T11:11:30","modified_gmt":"2025-01-09T10:11:30","slug":"castillo-ygay-2011","status":"publish","type":"product","link":"https:\/\/jamonesibericosmadrid.com\/en\/producto\/castillo-ygay-2011\/","title":{"rendered":"Castillo YgaY 2011"},"content":{"rendered":"<h1>Castillo YgaY 2011<\/h1>\n<p>Our flagship, a benchmark in the D.O. Ca Rioja with an unquestionable recognition worldwide. It represents the consistency of a project started in 1852 and masterfully maintained. Part of its greatness resides on the fact that it is only made in selected vintages.<\/p>\n<p>Castillo Ygay has developed a great complexity over the years without losing its exceptional freshness and demonstrating its superb quality and marked elegance.<\/p>\n<p>Castillo Ygay is always made from grapes sourced from La Plana, a 40-hectare (98-acre) vineyard, planted in 1950 and located at 485 meters altitude, the highest area of Ygay Estate; the 300-hectare estate surrounding the winery in Rioja Alta.<\/p>\n<div id=\"attachment_7437\" style=\"width: 310px\" class=\"wp-caption alignnone\"><img decoding=\"async\" aria-describedby=\"caption-attachment-7437\" class=\"lazyload wp-image-7437 size-medium\" src=\"https:\/\/jamonesibericosmadrid.com\/wp-content\/uploads\/2018\/02\/red-wine-pouring-from-bottle-glas.2e16d0ba.fill-1800x945-1-300x158.jpg\" data-orig-src=\"https:\/\/jamonesibericosmadrid.com\/wp-content\/uploads\/2018\/02\/red-wine-pouring-from-bottle-glas.2e16d0ba.fill-1800x945-1-300x158.jpg\" alt=\"Castillo YgaY 2011\" width=\"300\" height=\"158\" srcset=\"data:image\/svg+xml,%3Csvg%20xmlns%3D%27http%3A%2F%2Fwww.w3.org%2F2000%2Fsvg%27%20width%3D%27300%27%20height%3D%27158%27%20viewBox%3D%270%200%20300%20158%27%3E%3Crect%20width%3D%27300%27%20height%3D%27158%27%20fill-opacity%3D%220%22%2F%3E%3C%2Fsvg%3E\" data-srcset=\"https:\/\/jamonesibericosmadrid.com\/wp-content\/uploads\/2018\/02\/red-wine-pouring-from-bottle-glas.2e16d0ba.fill-1800x945-1-200x105.jpg 200w, https:\/\/jamonesibericosmadrid.com\/wp-content\/uploads\/2018\/02\/red-wine-pouring-from-bottle-glas.2e16d0ba.fill-1800x945-1-300x158.jpg 300w, https:\/\/jamonesibericosmadrid.com\/wp-content\/uploads\/2018\/02\/red-wine-pouring-from-bottle-glas.2e16d0ba.fill-1800x945-1-400x210.jpg 400w, https:\/\/jamonesibericosmadrid.com\/wp-content\/uploads\/2018\/02\/red-wine-pouring-from-bottle-glas.2e16d0ba.fill-1800x945-1-500x263.jpg 500w, https:\/\/jamonesibericosmadrid.com\/wp-content\/uploads\/2018\/02\/red-wine-pouring-from-bottle-glas.2e16d0ba.fill-1800x945-1-600x315.jpg 600w, https:\/\/jamonesibericosmadrid.com\/wp-content\/uploads\/2018\/02\/red-wine-pouring-from-bottle-glas.2e16d0ba.fill-1800x945-1-700x368.jpg 700w, https:\/\/jamonesibericosmadrid.com\/wp-content\/uploads\/2018\/02\/red-wine-pouring-from-bottle-glas.2e16d0ba.fill-1800x945-1-768x403.jpg 768w, https:\/\/jamonesibericosmadrid.com\/wp-content\/uploads\/2018\/02\/red-wine-pouring-from-bottle-glas.2e16d0ba.fill-1800x945-1-800x420.jpg 800w, https:\/\/jamonesibericosmadrid.com\/wp-content\/uploads\/2018\/02\/red-wine-pouring-from-bottle-glas.2e16d0ba.fill-1800x945-1-1024x538.jpg 1024w, https:\/\/jamonesibericosmadrid.com\/wp-content\/uploads\/2018\/02\/red-wine-pouring-from-bottle-glas.2e16d0ba.fill-1800x945-1-1200x630.jpg 1200w, https:\/\/jamonesibericosmadrid.com\/wp-content\/uploads\/2018\/02\/red-wine-pouring-from-bottle-glas.2e16d0ba.fill-1800x945-1-1536x806.jpg 1536w, https:\/\/jamonesibericosmadrid.com\/wp-content\/uploads\/2018\/02\/red-wine-pouring-from-bottle-glas.2e16d0ba.fill-1800x945-1.jpg 1800w\" data-sizes=\"auto\" data-orig-sizes=\"(max-width: 300px) 100vw, 300px\" \/><p id=\"caption-attachment-7437\" class=\"wp-caption-text\">Castillo YgaY 2011<\/p><\/div>\n<p>Grapes are de-stemmed after going through a selection table. The grape varieties ferment separately in stainless steel tanks, with controlled temperature. The alcoholic fermentation lasts 10-12 days approx. making regularly pumping over and delestage operations to favor the contact of the must with the skins and extract slowly the aromas and the phenolic compounds.<\/p>\n<p>The tempranillo is aged for 34 months in 225-litre American oak barrels and the mazuelo is aged for 34 months in 225-litre French oak barrels. After blending, the wine remains 20 months in a concrete tank until bottling.<\/p>\n<p><strong>Vi\u00f1edos propios<\/strong><br \/>\nCastillo Ygay se elabora exclusivamente con las mejores uvas de La Plana, un pago de 40 ha. plantado en 1950, situado a 485 m. de altitud, en la zona ma\u0301s elevada de la Finca Ygay. Una finca de 300 ha. que rodea la bodega de Marque\u0301s de Murrieta situada en la Rioja Alta.<br \/>\n<strong>Vendimia manual<\/strong><br \/>\nLlevamos a cabo una vendimia manual seleccionada, en palots de pequen\u0303a capacidad para preservar la calidad de la uva. El tempranillo se vendimio\u0301 el 17 y el<br \/>\n22 de septiembre y la mazuelo el 28 de septiembre de 2011.<br \/>\n<strong>Vinificaci\u00f3n<\/strong><br \/>\nLos racimos se despalillan y, tras su paso por la mesa de seleccio\u0301n, las variedades fermentan por separado en depo\u0301sitos de acero inoxidable con control de<br \/>\ntemperatura.<\/p>\n<p>El encubado tiene una duracio\u0301n de aproximadamente 10-12 di\u0301as durante los cuales se realizan continuas labores de remontados, bazuqueos y<br \/>\ndelestage para favorecer el contacto del mosto con los hollejos y provocar una lenta y natural extraccio\u0301n de aromas y polifenoles.<\/p>\n<p>Tras la fermentacio\u0301n, las partes so\u0301lidas de la uva son prensadas en prensas verticales, mediante un proceso suave y lento que favorece la extraccio\u0301n del color y taninos maduros del <a href=\"https:\/\/es.wikipedia.org\/wiki\/Hollejo\" target=\"_blank\" rel=\"noopener\">hollejo.<\/a><br \/>\n<strong>Proceso de crianza<\/strong><\/p>\n<p>La tempranillo envejece durante 34 meses en barricas de roble americano de 225 l y la mazuelo durante 34 meses en barricas de roble france\u0301s de 225 l. Una vez decidido el ensamblaje, el vino permanece en depo\u0301sito de hormigo\u0301n 20 meses hasta su embotellado.<\/p>\n<p>Los racimos se despalillan y, tras su paso por la mesa de seleccio\u0301n, las variedades fermentan por separado en depo\u0301sitos de acero inoxidable con control de temperatura.<\/p>\n<p>El encubado tiene una duracio\u0301n de aproximadamente 10-12 di\u0301as durante los cuales se realizan continuas labores de remontados y delestage para favorecer el contacto del mosto con los hollejos y provocar una lenta y natural extraccio\u0301n de aromas y polifenoles, proceso suave y lento que favorece la extraccio\u0301n del color y taninos maduros del hollejo.<\/p>\n<p><strong>Nota de cata<\/strong><br \/>\nUn infinito y complejo rango de aromas definen este Castillo Ygay 2011 que evoca picota madura, ara\u0301ndanos y cassis con refinados toques demonte bajo, hierbas mediterra\u0301neas, pimienta negra, clavo y moca. El equilibrio define a estevino an\u0303ada tras an\u0303ada; vivo en boca a la vez que envolvente y armo\u0301nico.<\/p>\n<p>Con taninos sedosos y un largo y elegante final. \u201cTras un inolvidable 2010, Castillo Ygay vuelve a expresar el maravilloso potencial del pago La Plana.<\/p>\n<p><strong>Maridaje<\/strong><\/p>\n<p>Boletus Edulis plancheados y en cremoso con su punto \u00e1cido, trufa blanca y yema de huevo ecol\u00f3gica; carabinero en su estado natural,<a href=\"https:\/\/jamonesibericosmadrid.com\/producto\/salchichon-de-bellota-iberico-trufado\/\" target=\"_blank\" rel=\"nofollow noopener\"> la trufa negra<\/a> de Cameros y crujiente de tinta \u00e1cida de calamar; los cortes de solomillo Wagyu y raza Sayaguesa al horno de brasa de cepas mazuelo.<\/p>\n<p>N\u00e9ctar de piquillo, salsa de trufa negra y patata sufl\u00e9; pargo de anzuelo, velout\u00e9 de su col\u00e1geno y ostra en fino escabeche de hierba luisa con caviar Beluga; tarta de <a href=\"https:\/\/jamonesibericosmadrid.com\/quesos\/\" target=\"_blank\" rel=\"noopener\">quesos<\/a> azules y trufados con nuez amarga garrapi\u00f1ada.<\/p>\n<p><strong>N\u00famero de botellas<\/strong><br \/>\n131.668 (0,75 l), 2.060 (1,5 l), 206 (3 l) y 15 (18 l) .<\/p>\n<p>&nbsp;<\/p>\n","protected":false},"excerpt":{"rendered":"<h2>Castillo YgaY 2011<\/h2>\n[caption id=\"attachment_7436\" align=\"alignleft\" width=\"177\"]<img decoding=\"async\" class=\" wp-image-7436\" src=\"https:\/\/jamonesibericosmadrid.com\/wp-content\/uploads\/2018\/02\/red-wine-pouring-from-bottle-glas.2e16d0ba.fill-1800x945-1-300x158.jpg\" alt=\"Castillo YgaY 2011\" width=\"177\" height=\"93\" srcset=\"https:\/\/jamonesibericosmadrid.com\/wp-content\/uploads\/2018\/02\/red-wine-pouring-from-bottle-glas.2e16d0ba.fill-1800x945-1-200x105.jpg 200w, https:\/\/jamonesibericosmadrid.com\/wp-content\/uploads\/2018\/02\/red-wine-pouring-from-bottle-glas.2e16d0ba.fill-1800x945-1-300x158.jpg 300w, https:\/\/jamonesibericosmadrid.com\/wp-content\/uploads\/2018\/02\/red-wine-pouring-from-bottle-glas.2e16d0ba.fill-1800x945-1-400x210.jpg 400w, https:\/\/jamonesibericosmadrid.com\/wp-content\/uploads\/2018\/02\/red-wine-pouring-from-bottle-glas.2e16d0ba.fill-1800x945-1-500x263.jpg 500w, https:\/\/jamonesibericosmadrid.com\/wp-content\/uploads\/2018\/02\/red-wine-pouring-from-bottle-glas.2e16d0ba.fill-1800x945-1-600x315.jpg 600w, https:\/\/jamonesibericosmadrid.com\/wp-content\/uploads\/2018\/02\/red-wine-pouring-from-bottle-glas.2e16d0ba.fill-1800x945-1-700x368.jpg 700w, https:\/\/jamonesibericosmadrid.com\/wp-content\/uploads\/2018\/02\/red-wine-pouring-from-bottle-glas.2e16d0ba.fill-1800x945-1-768x403.jpg 768w, https:\/\/jamonesibericosmadrid.com\/wp-content\/uploads\/2018\/02\/red-wine-pouring-from-bottle-glas.2e16d0ba.fill-1800x945-1-800x420.jpg 800w, https:\/\/jamonesibericosmadrid.com\/wp-content\/uploads\/2018\/02\/red-wine-pouring-from-bottle-glas.2e16d0ba.fill-1800x945-1-1024x538.jpg 1024w, https:\/\/jamonesibericosmadrid.com\/wp-content\/uploads\/2018\/02\/red-wine-pouring-from-bottle-glas.2e16d0ba.fill-1800x945-1-1200x630.jpg 1200w, https:\/\/jamonesibericosmadrid.com\/wp-content\/uploads\/2018\/02\/red-wine-pouring-from-bottle-glas.2e16d0ba.fill-1800x945-1-1536x806.jpg 1536w, https:\/\/jamonesibericosmadrid.com\/wp-content\/uploads\/2018\/02\/red-wine-pouring-from-bottle-glas.2e16d0ba.fill-1800x945-1.jpg 1800w\" sizes=\"(max-width: 177px) 100vw, 177px\" \/> Castillo YgaY 2011[\/caption]\n<p>The tempranillo is aged for 34 months in 225-litre American oak barrels and the mazuelo is aged for 34 months in 225-litre French oak barrels. After blending, the wine remains 20 months in a concrete tank until bottling.<\/p>\n<p>&nbsp;<\/p>\n","protected":false},"featured_media":7541,"comment_status":"open","ping_status":"closed","template":"","meta":[],"product_brand":[],"product_cat":[67],"product_tag":[],"class_list":{"0":"post-1098","1":"product","2":"type-product","3":"status-publish","4":"has-post-thumbnail","6":"product_cat-wines","7":"tm-no-options","9":"first","10":"instock","11":"taxable","12":"shipping-taxable","13":"purchasable","14":"product-type-simple"},"_links":{"self":[{"href":"https:\/\/jamonesibericosmadrid.com\/en\/wp-json\/wp\/v2\/product\/1098","targetHints":{"allow":["GET"]}}],"collection":[{"href":"https:\/\/jamonesibericosmadrid.com\/en\/wp-json\/wp\/v2\/product"}],"about":[{"href":"https:\/\/jamonesibericosmadrid.com\/en\/wp-json\/wp\/v2\/types\/product"}],"replies":[{"embeddable":true,"href":"https:\/\/jamonesibericosmadrid.com\/en\/wp-json\/wp\/v2\/comments?post=1098"}],"wp:featuredmedia":[{"embeddable":true,"href":"https:\/\/jamonesibericosmadrid.com\/en\/wp-json\/wp\/v2\/media\/7541"}],"wp:attachment":[{"href":"https:\/\/jamonesibericosmadrid.com\/en\/wp-json\/wp\/v2\/media?parent=1098"}],"wp:term":[{"taxonomy":"product_brand","embeddable":true,"href":"https:\/\/jamonesibericosmadrid.com\/en\/wp-json\/wp\/v2\/product_brand?post=1098"},{"taxonomy":"product_cat","embeddable":true,"href":"https:\/\/jamonesibericosmadrid.com\/en\/wp-json\/wp\/v2\/product_cat?post=1098"},{"taxonomy":"product_tag","embeddable":true,"href":"https:\/\/jamonesibericosmadrid.com\/en\/wp-json\/wp\/v2\/product_tag?post=1098"}],"curies":[{"name":"wp","href":"https:\/\/api.w.org\/{rel}","templated":true}]}}