{"id":1130,"date":"2018-03-15T13:32:50","date_gmt":"2021-04-03T10:02:13","guid":{"rendered":"https:\/\/jamonesibericosmadrid.com\/?post_type=product&#038;p=1130"},"modified":"2021-04-03T12:02:13","modified_gmt":"2021-04-03T10:02:13","slug":"robert-pierrel-blanc-de-blancs-2","status":"publish","type":"product","link":"https:\/\/jamonesibericosmadrid.com\/en\/producto\/robert-pierrel-blanc-de-blancs-2\/","title":{"rendered":"Champagne Robert Pierrel Ros\u00e9"},"content":{"rendered":"<h2>Champagne Robert Pierrel Ros\u00e9<\/h2>\n<p>A blend of around 65% Pinot noir and 35% Chardonnay, 20% of which is wine matured in oak tuns, the Ros\u00e9 Vintage cuv\u00e9e is generally matured on lees for 4 years and left for a minimum of 6 months after d\u00e9gorgement (disgorging) to attain perfect maturity.\u00a0 This champagne shows a marvellous fizz with an elegant flow of fine and resilient bubbles. It presents a light golden colour, transparent with greenish highlights. The palate is fresh, with hints of toasted nuts. It is well balanced, smooth and well round and has a slight mineral flavour, with a lingering finish of honey notes.<\/p>\n","protected":false},"excerpt":{"rendered":"<h2>Champagne Robert Pierrel Ros\u00e9<\/h2>\n<p>A blend of around 65% Pinot noir and 35% Chardonnay, 20% of which is wine matured in oak tuns, the Ros\u00e9 Vintage cuv\u00e9e is generally matured on lees for 4 years and left for a minimum of 6 months after d\u00e9gorgement (disgorging) to attain perfect maturity.<\/p>\n<p>Champagne from the Pierrel winery made from 100% Chardonnay grapes.<\/p>\n","protected":false},"featured_media":4433,"comment_status":"open","ping_status":"closed","template":"","meta":[],"product_brand":[],"product_cat":[61],"product_tag":[],"class_list":{"0":"post-1130","1":"product","2":"type-product","3":"status-publish","4":"has-post-thumbnail","6":"product_cat-champagnes-en","7":"tm-no-options","9":"first","10":"instock","11":"taxable","12":"shipping-taxable","13":"purchasable","14":"product-type-simple"},"_links":{"self":[{"href":"https:\/\/jamonesibericosmadrid.com\/en\/wp-json\/wp\/v2\/product\/1130","targetHints":{"allow":["GET"]}}],"collection":[{"href":"https:\/\/jamonesibericosmadrid.com\/en\/wp-json\/wp\/v2\/product"}],"about":[{"href":"https:\/\/jamonesibericosmadrid.com\/en\/wp-json\/wp\/v2\/types\/product"}],"replies":[{"embeddable":true,"href":"https:\/\/jamonesibericosmadrid.com\/en\/wp-json\/wp\/v2\/comments?post=1130"}],"wp:featuredmedia":[{"embeddable":true,"href":"https:\/\/jamonesibericosmadrid.com\/en\/wp-json\/wp\/v2\/media\/4433"}],"wp:attachment":[{"href":"https:\/\/jamonesibericosmadrid.com\/en\/wp-json\/wp\/v2\/media?parent=1130"}],"wp:term":[{"taxonomy":"product_brand","embeddable":true,"href":"https:\/\/jamonesibericosmadrid.com\/en\/wp-json\/wp\/v2\/product_brand?post=1130"},{"taxonomy":"product_cat","embeddable":true,"href":"https:\/\/jamonesibericosmadrid.com\/en\/wp-json\/wp\/v2\/product_cat?post=1130"},{"taxonomy":"product_tag","embeddable":true,"href":"https:\/\/jamonesibericosmadrid.com\/en\/wp-json\/wp\/v2\/product_tag?post=1130"}],"curies":[{"name":"wp","href":"https:\/\/api.w.org\/{rel}","templated":true}]}}