{"id":1223,"date":"2018-02-28T12:52:18","date_gmt":"2018-02-28T11:52:18","guid":{"rendered":"https:\/\/jamonesibericosmadrid.com\/product\/gabriel-castano-morcon-of-acorn-fed-iberian-pork-loin\/"},"modified":"2024-01-19T19:30:26","modified_gmt":"2024-01-19T18:30:26","slug":"gabriel-castano-morcon-of-acorn-fed-iberian-pork-loin","status":"publish","type":"product","link":"https:\/\/jamonesibericosmadrid.com\/en\/producto\/gabriel-castano-morcon-of-acorn-fed-iberian-pork-loin\/","title":{"rendered":"Gabriel Casta\u00f1o morc\u00f3n of acorn-fed Iberian pork loin"},"content":{"rendered":"<h2>Gabriel Casta\u00f1o morc\u00f3n of acorn-fed Iberian pork loin<\/h2>\n<p>Morc\u00f3n is manually stuffed in natural casing \u2013 adopting a characteristic spherical shape \u2013 and marinated with paprika. The selected parts are mainly lean meat, some of them of the best quality, located near the loin and the neck. The morc\u00f3n pieces mature and are left to rest in natural drying places from 4 to 6 months.<br \/>\nIt seems that its name comes from the type of casing traditionally used to stuff this piece, called morc\u00f3n or blind gut (the animal&#8217;s large intestine).<\/p>\n<p>Ingredients: Selected lean pork, Iberian neck meat, meat selected by Gabriel Casta\u00f1o, sea salt, garlic and paprika. Gluten free.<br \/>\nVacuum packed pieces of 750 &#8211; 900 g approx.<\/p>\n","protected":false},"excerpt":{"rendered":"<h3>Gabriel Casta\u00f1o morc\u00f3n of acorn-fed Iberian pork loin<\/h3>\n<p>Morc\u00f3n is manually stuffed in natural casing \u2013 adopting a characteristic spherical shape \u2013 and marinated with paprika.<\/p>\n","protected":false},"featured_media":874,"comment_status":"open","ping_status":"closed","template":"","meta":[],"product_brand":[],"product_cat":[63],"product_tag":[],"class_list":{"0":"post-1223","1":"product","2":"type-product","3":"status-publish","4":"has-post-thumbnail","6":"product_cat-iberian-cold-meat","7":"tm-no-options","9":"first","10":"outofstock","11":"taxable","12":"shipping-taxable","13":"purchasable","14":"product-type-simple"},"_links":{"self":[{"href":"https:\/\/jamonesibericosmadrid.com\/en\/wp-json\/wp\/v2\/product\/1223","targetHints":{"allow":["GET"]}}],"collection":[{"href":"https:\/\/jamonesibericosmadrid.com\/en\/wp-json\/wp\/v2\/product"}],"about":[{"href":"https:\/\/jamonesibericosmadrid.com\/en\/wp-json\/wp\/v2\/types\/product"}],"replies":[{"embeddable":true,"href":"https:\/\/jamonesibericosmadrid.com\/en\/wp-json\/wp\/v2\/comments?post=1223"}],"wp:featuredmedia":[{"embeddable":true,"href":"https:\/\/jamonesibericosmadrid.com\/en\/wp-json\/wp\/v2\/media\/874"}],"wp:attachment":[{"href":"https:\/\/jamonesibericosmadrid.com\/en\/wp-json\/wp\/v2\/media?parent=1223"}],"wp:term":[{"taxonomy":"product_brand","embeddable":true,"href":"https:\/\/jamonesibericosmadrid.com\/en\/wp-json\/wp\/v2\/product_brand?post=1223"},{"taxonomy":"product_cat","embeddable":true,"href":"https:\/\/jamonesibericosmadrid.com\/en\/wp-json\/wp\/v2\/product_cat?post=1223"},{"taxonomy":"product_tag","embeddable":true,"href":"https:\/\/jamonesibericosmadrid.com\/en\/wp-json\/wp\/v2\/product_tag?post=1223"}],"curies":[{"name":"wp","href":"https:\/\/api.w.org\/{rel}","templated":true}]}}