{"id":2373,"date":"2019-05-25T13:40:50","date_gmt":"2019-05-25T11:40:50","guid":{"rendered":"https:\/\/jamonesibericosmadrid.com\/?post_type=product&#038;p=2373"},"modified":"2021-07-02T11:45:22","modified_gmt":"2021-07-02T09:45:22","slug":"alion-reserva-2015","status":"publish","type":"product","link":"https:\/\/jamonesibericosmadrid.com\/en\/producto\/alion-reserva-2015\/","title":{"rendered":"Ali\u00f3n Reserva 2015"},"content":{"rendered":"<h2>Ali\u00f3n Reserva 2015<\/h2>\n<p>Ali\u00f3n es propiedad de Vega Sicilia, aunque elaborado en una bodega independiente. Gana muchos enteros a medida que pasan los a\u00f1os y se ha ganado un nombre entre los grandes tintos espa\u00f1oles. Destaca por su elegancia y untuosidad en boca. Una manera algo m\u00e1s acecesible de descubrir un Ribera del Duero de la que seguramente es la firma m\u00e1s ic\u00f3nica de esta denominaci\u00f3n de origen.<\/p>\n<p>Aunque sali\u00f3 al mercado como &#8220;segunda marca&#8221; de la famosa <a href=\"https:\/\/es.wikipedia.org\/wiki\/Vega_Sicilia\" target=\"_blank\" rel=\"noopener\">Vega Sicilia<\/a> -para abastecer las demandas que la bodega no pod\u00eda satisfacer- en pocos a\u00f1os Ali\u00f3n ha superado ese papel para convertirse en un vino importante, con entidad propia.<\/p>\n<div id=\"attachment_4976\" style=\"width: 103px\" class=\"wp-caption alignleft\"><img decoding=\"async\" aria-describedby=\"caption-attachment-4976\" class=\"lazyload  wp-image-4976\" src=\"https:\/\/jamonesibericosmadrid.com\/wp-content\/uploads\/2019\/05\/copa_de_vino-compri-300x193.jpg\" data-orig-src=\"https:\/\/jamonesibericosmadrid.com\/wp-content\/uploads\/2019\/05\/copa_de_vino-compri-300x193.jpg\" alt=\"Ali\u00f3n Reserva 2015\" width=\"93\" height=\"60\" srcset=\"data:image\/svg+xml,%3Csvg%20xmlns%3D%27http%3A%2F%2Fwww.w3.org%2F2000%2Fsvg%27%20width%3D%2793%27%20height%3D%2760%27%20viewBox%3D%270%200%2093%2060%27%3E%3Crect%20width%3D%2793%27%20height%3D%2760%27%20fill-opacity%3D%220%22%2F%3E%3C%2Fsvg%3E\" data-srcset=\"https:\/\/jamonesibericosmadrid.com\/wp-content\/uploads\/2019\/05\/copa_de_vino-compri-200x129.jpg 200w, https:\/\/jamonesibericosmadrid.com\/wp-content\/uploads\/2019\/05\/copa_de_vino-compri-300x193.jpg 300w, https:\/\/jamonesibericosmadrid.com\/wp-content\/uploads\/2019\/05\/copa_de_vino-compri-320x202.jpg 320w, https:\/\/jamonesibericosmadrid.com\/wp-content\/uploads\/2019\/05\/copa_de_vino-compri-400x257.jpg 400w, https:\/\/jamonesibericosmadrid.com\/wp-content\/uploads\/2019\/05\/copa_de_vino-compri-460x295.jpg 460w, https:\/\/jamonesibericosmadrid.com\/wp-content\/uploads\/2019\/05\/copa_de_vino-compri-500x321.jpg 500w, https:\/\/jamonesibericosmadrid.com\/wp-content\/uploads\/2019\/05\/copa_de_vino-compri-600x386.jpg 600w, https:\/\/jamonesibericosmadrid.com\/wp-content\/uploads\/2019\/05\/copa_de_vino-compri.jpg 700w\" data-sizes=\"auto\" data-orig-sizes=\"(max-width: 93px) 100vw, 93px\" \/><p id=\"caption-attachment-4976\" class=\"wp-caption-text\">Ali\u00f3n Reserva 2015<\/p><\/div>\n<p><strong>Ali\u00f3n<\/strong>\u00a0fue procursor en <a href=\"https:\/\/www.riberadelduero.es\/\" target=\"_blank\" rel=\"noopener\">Ribera del duero<\/a> en el uso de barricas nuevas francesas. La cosecha\u00a0<strong>2015<\/strong>\u00a0introduce en la elaboraci\u00f3n del vino un 20% de barricas francesas muy antiguas. El resultado es excepcional.<\/p>\n<p><b>Ali\u00f3n<\/b>, cuyo nombre hace referencia al concejo leon\u00e9s en el que naci\u00f3 el patriarca de la\u00a0<b>familia \u00c1lvarez<\/b>, est\u00e1 situada a escasos 15 kil\u00f3metros de la casa madre y en una situaci\u00f3n muy similar, entre el curso del Duero y la carretera de Valladolid a Soria, en las inmediaciones de la capital vitivin\u00edcola de la Ribera,\u00a0<b>Pe\u00f1afiel.<\/b><\/p>\n<p>Si bien las primeras cosechas de este vino se elaboraron en las instalaciones de Vega Sicilia se aplic\u00f3 una nueva filosof\u00eda a un vino que no pod\u00eda quedar como el &#8220;hermano peque\u00f1o&#8221; del gran vino m\u00edtico, sino que ten\u00eda que ser capaz de volar por s\u00ed mismo y demostrar las virtudes de terru\u00f1o, climatolog\u00eda y variedad propias de la Ribera del Duero.<\/p>\n<p>En principio, la apuesta ya estaba en marcha y con excelentes resultados, pero en este sector, y en aquella \u00e9poca, en la que el vino espa\u00f1ol empezaba a ocupar un puesto notorio de calidad en un mundo cada vez m\u00e1s global, parar de pronto creyendo que ya estaba todo hecho, conllevaba el riesgo de &#8220;morir de \u00e9xito&#8221;. En Ali\u00f3n eran conscientes y en el a\u00f1o 2000 se acomete una remodelaci\u00f3n en las bodegas.\u00a0<b>Tras los excelentes resultados obtenidos en Vega Sicilia con la fermentaci\u00f3n en dep\u00f3sitos de roble, deciden trasladar esta pr\u00e1ctica tambi\u00e9n a Ali\u00f3n<\/b>, y los resultados comienzan a ser evidentes con la cosecha de 2001.<\/p>\n<p>Tras esta innovaci\u00f3n en los dep\u00f3sitos de fermentaci\u00f3n, las obras contin\u00faan en bodega con ampliaciones que acabar\u00e1n en 2009, fecha en que Ali\u00f3n puede decir que ha dado por concluida su adaptaci\u00f3n a las exigencias de calidad actuales.<\/p>\n<p>Al atravesar el hall se entra directamente en la nave de barricas, en la que descansan las\u00a0<b>1.000 piezas de madera francesa nueva que se emplean para la crianza de este vino<\/b>. Son diversos fabricantes los que surten de estos preciados recipientes.<\/p>\n<p>La nave de vinificaci\u00f3n, de forma rectangular, alberga una veintena de\u00a0<b>dep\u00f3sitos de fermentaci\u00f3n de madera que se renuevan cada 5 a\u00f1os<\/b>. Estos gigantes de madera se alinean a partes iguales en cada lateral de la nave. Por encima de ellos discurre una cinta en la que se mueve la despalilladora, una por cada l\u00ednea, que se coloca sobre cada dep\u00f3sito y deja caer la pasta para vinificar. La entrada de uva, en cajas, se realiza a trav\u00e9s de una mesa de selecci\u00f3n empleada para tal fin en la \u00e9poca de vendimia.<\/p>\n<p>Elegante, con un ataque extremadamente fino, paso de boca firme, finalizando con gran untuosidad. Denota una gran pureza donde sobresalen aromas de fruta en el punto justo de maduraci\u00f3n. Final largo y elegante. Un gran ejemplo de la Ribera del Duero. Aqu\u00ed te sugerimos otra gran opci\u00f3n de la <a href=\"https:\/\/jamonesibericosmadrid.com\/producto\/vina-ardanza-reserva-especial-2001\/\" target=\"_blank\" rel=\"noopener\">DO Rioja<\/a>.<\/p>\n<h3>Ali\u00f3n Reserva 2015<\/h3>\n<p><strong>Tipo: Tinto Reserva<br \/>\n<\/strong><strong>Uva: 100% tinto fino.<br \/>\n<\/strong><strong>Crianza: 14 meses en barrica y 2 a\u00f1os en botella.<br \/>\n<\/strong><strong>D.O. RIBERA DE DUERO<br \/>\n<\/strong><strong>A\u00f1ada: Excelente.<br \/>\n<\/strong><\/p>\n","protected":false},"excerpt":{"rendered":"<h3>Ali\u00f3n Reserva 2015\u00a0 \u00a0 <img decoding=\"async\" class=\"alignleft\" src=\"https:\/\/jamonesibericosmadrid.com\/wp-content\/uploads\/2019\/05\/copa_de_vino-compri-300x193.jpg\" alt=\"Ali\u00f3n Reserva 2015\" width=\"117\" height=\"75\" \/><\/h3>\n<p>Elegante, con un ataque extremadamente fino, paso de boca firme, finalizando con gran untuosidad. Denota una gran pureza donde sobresalen aromas de fruta en el punto justo de maduraci\u00f3n.Final largo y elegante.<\/p>\n","protected":false},"featured_media":3817,"comment_status":"open","ping_status":"closed","template":"","meta":[],"product_brand":[],"product_cat":[42],"product_tag":[],"class_list":{"0":"post-2373","1":"product","2":"type-product","3":"status-publish","4":"has-post-thumbnail","6":"product_cat-vinos","7":"tm-no-options","9":"first","10":"outofstock","11":"taxable","12":"shipping-taxable","13":"purchasable","14":"product-type-simple"},"_links":{"self":[{"href":"https:\/\/jamonesibericosmadrid.com\/en\/wp-json\/wp\/v2\/product\/2373","targetHints":{"allow":["GET"]}}],"collection":[{"href":"https:\/\/jamonesibericosmadrid.com\/en\/wp-json\/wp\/v2\/product"}],"about":[{"href":"https:\/\/jamonesibericosmadrid.com\/en\/wp-json\/wp\/v2\/types\/product"}],"replies":[{"embeddable":true,"href":"https:\/\/jamonesibericosmadrid.com\/en\/wp-json\/wp\/v2\/comments?post=2373"}],"wp:featuredmedia":[{"embeddable":true,"href":"https:\/\/jamonesibericosmadrid.com\/en\/wp-json\/wp\/v2\/media\/3817"}],"wp:attachment":[{"href":"https:\/\/jamonesibericosmadrid.com\/en\/wp-json\/wp\/v2\/media?parent=2373"}],"wp:term":[{"taxonomy":"product_brand","embeddable":true,"href":"https:\/\/jamonesibericosmadrid.com\/en\/wp-json\/wp\/v2\/product_brand?post=2373"},{"taxonomy":"product_cat","embeddable":true,"href":"https:\/\/jamonesibericosmadrid.com\/en\/wp-json\/wp\/v2\/product_cat?post=2373"},{"taxonomy":"product_tag","embeddable":true,"href":"https:\/\/jamonesibericosmadrid.com\/en\/wp-json\/wp\/v2\/product_tag?post=2373"}],"curies":[{"name":"wp","href":"https:\/\/api.w.org\/{rel}","templated":true}]}}