{"id":2410,"date":"2019-05-29T12:54:04","date_gmt":"2019-05-29T10:54:04","guid":{"rendered":"https:\/\/jamonesibericosmadrid.com\/?post_type=product&#038;p=2410"},"modified":"2026-01-03T11:08:50","modified_gmt":"2026-01-03T10:08:50","slug":"protos-gran-reserva-2014","status":"publish","type":"product","link":"https:\/\/jamonesibericosmadrid.com\/en\/producto\/protos-gran-reserva-2014\/","title":{"rendered":"Protos Gran Reserva 2014"},"content":{"rendered":"<h1>Protos Gran Reserva 2014<\/h1>\n<p>Gracias a su gran calidad, garantizada por el hecho de que s\u00f3lo en grandes a\u00f1adas se procede a su elaboraci\u00f3n, el vino tinto Gran Reserva de Protos atesora numerosos e importantes reconocimientos. En su \u00faltima edici\u00f3n, <strong>Protos Gran Reserva 2014<\/strong>\u00a0confirma su <a href=\"https:\/\/jamonesibericosmadrid.com\/historia-del-salazon-en-el-jamon-iberico\/\">poder\u00edo<\/a> y exhibe sus cl\u00e1sicos aromas a confitura de fruta negra, perfectamente ensamblados con las notas terciarias aportadas por su larga estancia de 24 meses en barricas de roble franc\u00e9s, nuevas y de un a\u00f1o. Para su dise\u00f1o, se emplearon\u00a0<strong>uvas de la variedad tinta del pa\u00eds<\/strong>\u00a0procedentes de parcelas con un vi\u00f1edo de m\u00e1s de 50 a\u00f1os de edad, que se vendimiaron manualmente y se seleccionaron en mesa. Tras la fermentaci\u00f3n de los frutos a temperatura controlada (26\u00ba-28\u00ba) y su maceraci\u00f3n, durante 21 d\u00edas, con remontados diarios, el vino realiz\u00f3 una crianza de dos a\u00f1os en barrica, seguida de un afinamiento en botella, durante tres a\u00f1os m\u00e1s, antes de su salida al mercado.<\/p>\n<p>Con m\u00e1s de 90 a\u00f1os de trayectoria,\u00a0<strong>Bodegas Protos<\/strong>\u00a0es referencia, no s\u00f3lo en\u00a0<strong>Ribera del Duero<\/strong>, denominaci\u00f3n de la que fue impulsora, si no en el vino espa\u00f1ol. La firma sita en la localidad vallisoletana de Pe\u00f1afiel posee un excepcional\u00a0<em>terroir\u00a0<\/em>que refleja en todas sus creaciones y ha convertido esta zona de producci\u00f3n en una de las mejores del mundo.<\/p>\n<div id=\"attachment_4976\" style=\"width: 310px\" class=\"wp-caption alignnone\"><img decoding=\"async\" aria-describedby=\"caption-attachment-4976\" class=\"lazyload size-medium wp-image-4976\" src=\"https:\/\/jamonesibericosmadrid.com\/wp-content\/uploads\/2019\/05\/copa_de_vino-compri-300x193.jpg\" data-orig-src=\"https:\/\/jamonesibericosmadrid.com\/wp-content\/uploads\/2019\/05\/copa_de_vino-compri-300x193.jpg\" alt=\"Protos Gran Reserva 2014\" width=\"300\" height=\"193\" srcset=\"data:image\/svg+xml,%3Csvg%20xmlns%3D%27http%3A%2F%2Fwww.w3.org%2F2000%2Fsvg%27%20width%3D%27300%27%20height%3D%27193%27%20viewBox%3D%270%200%20300%20193%27%3E%3Crect%20width%3D%27300%27%20height%3D%27193%27%20fill-opacity%3D%220%22%2F%3E%3C%2Fsvg%3E\" data-srcset=\"https:\/\/jamonesibericosmadrid.com\/wp-content\/uploads\/2019\/05\/copa_de_vino-compri-200x129.jpg 200w, https:\/\/jamonesibericosmadrid.com\/wp-content\/uploads\/2019\/05\/copa_de_vino-compri-300x193.jpg 300w, https:\/\/jamonesibericosmadrid.com\/wp-content\/uploads\/2019\/05\/copa_de_vino-compri-400x257.jpg 400w, https:\/\/jamonesibericosmadrid.com\/wp-content\/uploads\/2019\/05\/copa_de_vino-compri-460x295.jpg 460w, https:\/\/jamonesibericosmadrid.com\/wp-content\/uploads\/2019\/05\/copa_de_vino-compri-500x321.jpg 500w, https:\/\/jamonesibericosmadrid.com\/wp-content\/uploads\/2019\/05\/copa_de_vino-compri-600x386.jpg 600w, https:\/\/jamonesibericosmadrid.com\/wp-content\/uploads\/2019\/05\/copa_de_vino-compri.jpg 700w\" data-sizes=\"auto\" data-orig-sizes=\"(max-width: 300px) 100vw, 300px\" \/><p id=\"caption-attachment-4976\" class=\"wp-caption-text\">Protos Gran Reserva 2014<\/p><\/div>\n<p>Este tinto soberbio, potente y redondo, resulta perfecto en el maridaje con quesos curados y, especialmente, con platos de caza mayor, carnes asadas (ternera, cordero o cerdo) y guisos y estofados tradicionales.<\/p>\n<p>Y como bien indica su nombre, sale al mercado cinco a\u00f1os despu\u00e9s de la vendimia, despu\u00e9s de una <b>larga crianza<\/b> en tinos, barricas y botella.<\/p>\n<p>&nbsp;<\/p>\n<h2>Protos Gran Reserva 2014<\/h2>\n<p>Este Gran Reserva, es la expresi\u00f3n m\u00e1s pura del tinto fino <a href=\"https:\/\/es.wikipedia.org\/wiki\/Tempranillo_%28uva%29\" target=\"_blank\" rel=\"noopener\">(tempranillo<\/a>) en Protos. El ensamblaje de variedades que conforman este magn\u00edfico vino tiene en el tinto fino la uva predominante de manera muy mayoritaria.<\/p>\n<p>Estos suelos tienen su origen en material que se fue erosionando y acumulando como coluvio en las laderas inferiores, desarrollando un suelo de alta expresi\u00f3n, con una evoluci\u00f3n importante concretada con la formaci\u00f3n de un horizonte c\u00e1lcico en profundidad.<\/p>\n<p>Elaborado por la bodega pionera de la D.O. Ribera del Duero,<strong>\u00a0Protos Gran Reserva 2014<\/strong>\u00a0es un cl\u00e1sico. Un magn\u00edfico vino tinto monovarietal de tinta del pa\u00eds, envejecido durante 5 a\u00f1os, dos de ellos en barrica, que se edita exclusivamente en las mejores a\u00f1adas.<\/p>\n<h4>Protos Gran Reserva 2014<\/h4>\n<h4>Ficha completa<\/h4>\n<p><strong>D.O. Ribera del Duero 100%<\/strong> Tempranillo en suelos arcilloso-calc\u00e1reos, con zonales pardos y una parte aluvial. Desde la a\u00f1ada 2010 fermentan cada parcela por separado.<\/p>\n<p>El tinto Valbuena tiene una crianza m\u00e1s corta que el Vega Sicilia \u00danico.Permaneci\u00f3 durante 5 meses en dep\u00f3sitos de madera de 20.000 litros de capacidad. Posteriormente permaneci\u00f3 durante 16 aproximadamente meses en barricas nuevas (50% roble americano y 50% roble franc\u00e9s), 4 meses en barrica envinada y finalmente 4 meses en gran tino de madera antes de su embotellado en Junio del 2000.<\/p>\n<p><strong>Tipo: Tinto Gran Reserva<br \/>\n<\/strong><strong>Uva: 100% tempranillo<br \/>\n<\/strong><strong>Crianza: 24 meses en barrica y 3 a\u00f1os m\u00e1s en botella.<br \/>\n<\/strong><strong>D.O. RIBERA DE DUERO<br \/>\n<\/strong><strong>A\u00f1ada: Excelente.<\/strong><\/p>\n<p>&nbsp;<\/p>\n","protected":false},"excerpt":{"rendered":"<h2>Protos Gran Reserva 2014<\/h2>\n<p>Con m\u00e1s de 90 a\u00f1os de trayectoria,\u00a0<strong>Bodegas Protos<\/strong>\u00a0es referencia, no s\u00f3lo en\u00a0<strong>Ribera del Duero<\/strong>, denominaci\u00f3n de la que fue impulsora, si no en el vino espa\u00f1ol. La firma sita en la localidad vallisoletana de Pe\u00f1afiel posee un excepcional\u00a0<em>terroir\u00a0<\/em>que refleja en todas sus creaciones y ha convertido esta zona de producci\u00f3n en una de las mejores del mundo.<\/p>\n","protected":false},"featured_media":7288,"comment_status":"open","ping_status":"closed","template":"","meta":[],"product_brand":[],"product_cat":[42],"product_tag":[],"class_list":{"0":"post-2410","1":"product","2":"type-product","3":"status-publish","4":"has-post-thumbnail","6":"product_cat-vinos","7":"tm-no-options","9":"first","10":"instock","11":"taxable","12":"shipping-taxable","13":"purchasable","14":"product-type-simple"},"_links":{"self":[{"href":"https:\/\/jamonesibericosmadrid.com\/en\/wp-json\/wp\/v2\/product\/2410","targetHints":{"allow":["GET"]}}],"collection":[{"href":"https:\/\/jamonesibericosmadrid.com\/en\/wp-json\/wp\/v2\/product"}],"about":[{"href":"https:\/\/jamonesibericosmadrid.com\/en\/wp-json\/wp\/v2\/types\/product"}],"replies":[{"embeddable":true,"href":"https:\/\/jamonesibericosmadrid.com\/en\/wp-json\/wp\/v2\/comments?post=2410"}],"wp:featuredmedia":[{"embeddable":true,"href":"https:\/\/jamonesibericosmadrid.com\/en\/wp-json\/wp\/v2\/media\/7288"}],"wp:attachment":[{"href":"https:\/\/jamonesibericosmadrid.com\/en\/wp-json\/wp\/v2\/media?parent=2410"}],"wp:term":[{"taxonomy":"product_brand","embeddable":true,"href":"https:\/\/jamonesibericosmadrid.com\/en\/wp-json\/wp\/v2\/product_brand?post=2410"},{"taxonomy":"product_cat","embeddable":true,"href":"https:\/\/jamonesibericosmadrid.com\/en\/wp-json\/wp\/v2\/product_cat?post=2410"},{"taxonomy":"product_tag","embeddable":true,"href":"https:\/\/jamonesibericosmadrid.com\/en\/wp-json\/wp\/v2\/product_tag?post=2410"}],"curies":[{"name":"wp","href":"https:\/\/api.w.org\/{rel}","templated":true}]}}