{"id":5457,"date":"2021-03-27T12:31:44","date_gmt":"2021-03-27T11:31:45","guid":{"rendered":"https:\/\/jamonesibericosmadrid.com\/?post_type=product&#038;p=5457"},"modified":"2024-02-12T16:49:11","modified_gmt":"2024-02-12T15:49:11","slug":"cotes-du-rhone-la-fiole-red-wine","status":"publish","type":"product","link":"https:\/\/jamonesibericosmadrid.com\/en\/producto\/cotes-du-rhone-la-fiole-red-wine\/","title":{"rendered":"C\u00f4tes du Rh\u00f4ne La Fiole red wine"},"content":{"rendered":"<h2>C\u00f4tes du Rh\u00f4ne La Fiole tinto<\/h2>\n<p>Ruby in color with purple tints.\u00a0Surprisingly opulent with explosive aromas of fresh fruits like raspberry, black currant and red berry.\u00a0Perfect balance between freshness and fruitiness.<\/p>\n<p>Further up the scale from the C\u00f4tes du Rh\u00f4ne AOC the C\u00f4tes du Rh\u00f4ne-Villages AOC is produced by 95 authorized communes in the departments of the Ard\u00e8che, the Dr\u00f4me, the Gard, and the Vaucluse. The appellation includes 95 communes, with a total of approximately 3,000 hectares under cultivation. The average yield is approximately 38 hectolitres per hectare. The Grenache grape is required to be present at not less than 50%, with 20% Syrah and\/or Mourv\u00e8dre. A maximum of 20% of other authorized varieties is permitted. The minimum required alcoholic strength is 12%.<sup id=\"cite_ref-ReferenceA_3-0\" class=\"reference\"><\/sup><\/p>\n","protected":false},"excerpt":{"rendered":"<h2>C\u00f4tes du Rh\u00f4ne La Fiole tinto<\/h2>\n<p>Ruby in color with purple tints.\u00a0Surprisingly opulent with explosive aromas of fresh fruits like raspberry, black currant and red berry.\u00a0Perfect balance between freshness and fruitiness.<\/p>\n","protected":false},"featured_media":5460,"comment_status":"open","ping_status":"closed","template":"","meta":[],"product_brand":[],"product_cat":[67],"product_tag":[],"class_list":{"0":"post-5457","1":"product","2":"type-product","3":"status-publish","4":"has-post-thumbnail","6":"product_cat-wines","7":"tm-no-options","9":"first","10":"instock","11":"taxable","12":"shipping-taxable","13":"purchasable","14":"product-type-simple"},"_links":{"self":[{"href":"https:\/\/jamonesibericosmadrid.com\/en\/wp-json\/wp\/v2\/product\/5457","targetHints":{"allow":["GET"]}}],"collection":[{"href":"https:\/\/jamonesibericosmadrid.com\/en\/wp-json\/wp\/v2\/product"}],"about":[{"href":"https:\/\/jamonesibericosmadrid.com\/en\/wp-json\/wp\/v2\/types\/product"}],"replies":[{"embeddable":true,"href":"https:\/\/jamonesibericosmadrid.com\/en\/wp-json\/wp\/v2\/comments?post=5457"}],"wp:featuredmedia":[{"embeddable":true,"href":"https:\/\/jamonesibericosmadrid.com\/en\/wp-json\/wp\/v2\/media\/5460"}],"wp:attachment":[{"href":"https:\/\/jamonesibericosmadrid.com\/en\/wp-json\/wp\/v2\/media?parent=5457"}],"wp:term":[{"taxonomy":"product_brand","embeddable":true,"href":"https:\/\/jamonesibericosmadrid.com\/en\/wp-json\/wp\/v2\/product_brand?post=5457"},{"taxonomy":"product_cat","embeddable":true,"href":"https:\/\/jamonesibericosmadrid.com\/en\/wp-json\/wp\/v2\/product_cat?post=5457"},{"taxonomy":"product_tag","embeddable":true,"href":"https:\/\/jamonesibericosmadrid.com\/en\/wp-json\/wp\/v2\/product_tag?post=5457"}],"curies":[{"name":"wp","href":"https:\/\/api.w.org\/{rel}","templated":true}]}}