{"id":5694,"date":"2021-01-14T19:57:48","date_gmt":"2021-01-14T18:57:48","guid":{"rendered":"https:\/\/jamonesibericosmadrid.com\/producto\/tobia-seleccion-de-autor-2017\/"},"modified":"2023-04-29T15:22:42","modified_gmt":"2023-04-29T13:22:42","slug":"tobia-seleccion-de-autor-2017","status":"publish","type":"product","link":"https:\/\/jamonesibericosmadrid.com\/en\/producto\/tobia-seleccion-de-autor-2017\/","title":{"rendered":"Tob\u00eda Selecci\u00f3n de Autor 2017"},"content":{"rendered":"<h2>Tob\u00eda Selecci\u00f3n de Autor 2017<\/h2>\n<p>This 2017 Rioja harvest was the earliest until then, it was finished by October the 10th!<br \/>\n2017 harvest has given us high quality grapes where vineyards from coldest areas and with moderate yieldings stood out. It can be stated that both sanitary and vegetative states have been excellent due to very favourable climatic conditions during ripeness period with lack of plagues and diseases. This allowed us to carry out a selective harvest from different spots to reach an optimum degree of ripeness.<br \/>\nAnother remarkable and very important fact linked to the quality of this harvest is the lesser weight and size of the grapes thus improving the proportion skin\/pulp.<br \/>\nVineyards<br \/>\n\u2022 Tempranillo (70%) comes from a vineyard located in San Asensio, planted in 1965, in goblet training. Altitude: 480 m. Calcareous clay soil with gravel. Northfacing. Climate: purely Atlantic.<br \/>\n\u2022 Maturana Tinta (15%). The vineyard is located in the area Hormilla- San Asensio.<br \/>\nAltitude: 610 m. Soils: Calcareous clay soil, very stony.<br \/>\n\u2022 Merlot (15%) comes from an experimental vineyard Rioja DOCa located in Haro, planted in 1990, conducted in trellis. Altitude: 590 m. Calcareous clay soil with gravel. Orientation: south-east. Atlantic climate.<br \/>\nWinemaking<br \/>\n\u2022 Meticulously hand selected from the three vineyards and minimalist winemaking process separately.<br \/>\n\u2022 Whole berry cold maceration is carried out after destemming at controlled temperature.<br \/>\n\u2022 Alcoholic fermentation is carried out into \u201csmart tanks\u201d at a controlled temperature.<br \/>\n\u2022 Malolactic fermentation took place in oak barrel.<br \/>\n\u2022 Aged for 18 months in the same new French fine-grained oak barrel.<br \/>\n\u2022 Stabilization took place in the barrels, without any clarification additive.<br \/>\n\u2022 Bottled without filtration so as to respect the quality of the wine.<br \/>\n\u2022 Total production: 6,600 bottles of 75 cl.<br \/>\nTasting Notes<br \/>\nBrilliant and clear aspect. Cherry red colour with intense burgundy rims.<br \/>\nIntense and elegant symphony of menthol and balsamic aromas, well blended of<br \/>\nwild black and red berries on a background of undergrowth. The sweet aromas of fruit give way to the spiced scent like white pepper, nutmeg and cinnamon shrouded by touches of cocoa and cedar.<br \/>\nThe palate is broad, fresh, pleasant and velvety. A cheerful and elegant wine.<br \/>\nAnalysis<br \/>\nAlcohol: 14.81% Total Acidity: 5.51 g\/l (Ac. Tartaric)<br \/>\nSugar Reducing: 2.70 gr\/l.<br \/>\nRecommended Temperature: 10\u00baC<\/p>\n","protected":false},"excerpt":{"rendered":"<h3>Tob\u00eda Selecci\u00f3n de Autor 2017<\/h3>\n<p>This 2017 Rioja harvest was the earliest until then, it was finished by October the 10th!<\/p>\n","protected":false},"featured_media":3622,"comment_status":"open","ping_status":"closed","template":"","meta":[],"product_brand":[],"product_cat":[67],"product_tag":[],"class_list":{"0":"post-5694","1":"product","2":"type-product","3":"status-publish","4":"has-post-thumbnail","6":"product_cat-wines","7":"tm-no-options","9":"first","10":"outofstock","11":"taxable","12":"shipping-taxable","13":"purchasable","14":"product-type-simple"},"_links":{"self":[{"href":"https:\/\/jamonesibericosmadrid.com\/en\/wp-json\/wp\/v2\/product\/5694","targetHints":{"allow":["GET"]}}],"collection":[{"href":"https:\/\/jamonesibericosmadrid.com\/en\/wp-json\/wp\/v2\/product"}],"about":[{"href":"https:\/\/jamonesibericosmadrid.com\/en\/wp-json\/wp\/v2\/types\/product"}],"replies":[{"embeddable":true,"href":"https:\/\/jamonesibericosmadrid.com\/en\/wp-json\/wp\/v2\/comments?post=5694"}],"wp:featuredmedia":[{"embeddable":true,"href":"https:\/\/jamonesibericosmadrid.com\/en\/wp-json\/wp\/v2\/media\/3622"}],"wp:attachment":[{"href":"https:\/\/jamonesibericosmadrid.com\/en\/wp-json\/wp\/v2\/media?parent=5694"}],"wp:term":[{"taxonomy":"product_brand","embeddable":true,"href":"https:\/\/jamonesibericosmadrid.com\/en\/wp-json\/wp\/v2\/product_brand?post=5694"},{"taxonomy":"product_cat","embeddable":true,"href":"https:\/\/jamonesibericosmadrid.com\/en\/wp-json\/wp\/v2\/product_cat?post=5694"},{"taxonomy":"product_tag","embeddable":true,"href":"https:\/\/jamonesibericosmadrid.com\/en\/wp-json\/wp\/v2\/product_tag?post=5694"}],"curies":[{"name":"wp","href":"https:\/\/api.w.org\/{rel}","templated":true}]}}