{"id":6353,"date":"2022-05-09T19:11:59","date_gmt":"2022-05-09T17:11:59","guid":{"rendered":"https:\/\/jamonesibericosmadrid.com\/?post_type=product&#038;p=6353"},"modified":"2025-07-08T23:32:35","modified_gmt":"2025-07-08T21:32:35","slug":"follador-prosecco-doc-treviso","status":"publish","type":"product","link":"https:\/\/jamonesibericosmadrid.com\/en\/producto\/follador-prosecco-doc-treviso\/","title":{"rendered":"Follador Prosecco DOC Treviso"},"content":{"rendered":"<h2 class=\"heading\">Follador Prosecco DOC Treviso<\/h2>\n<p>La Familia Follador se preocupa mucho por su patrimonio cultural en la elaboraci\u00f3n del vino.\u00a0No se ha quedado quieta en el pasado, ni se deja intimidar por los tiempos modernos, sino que ha casado tranquilamente las t\u00e9cnicas tradicionales de cultivo en los vi\u00f1edos con las m\u00e1s modernas tecnolog\u00edas de elaboraci\u00f3n, para obtener vinos muy valorados incluso por los expertos del sector.<\/p>\n<p>Un vino espumoso memorable y sofisticado cuyo nombre nos recuerda un cielo azul fresco, brillante y claro.<\/p>\n<p>Un espumante noble.\u00a0Este vino es la expresi\u00f3n perfecta de los aromas t\u00edpicos y ricas sensaciones olfativas de Prosecco.\u00a0Color amarillo pajizo brillante con reflejos verde lima.\u00a0Efervescencia suave y gota fina.\u00a0Delicado bouquet en nariz con intensos recuerdos a manzana verde y flores frescas.\u00a0Medio dulce y bien estructurado, agradable y armonioso en boca con un final seco.\u00a0Ideal como aperitivo y acompa\u00f1a bien a postres y frutos secos.<\/p>\n","protected":false},"excerpt":{"rendered":"<h2 class=\"heading\">Follador Prosecco DOC Treviso<\/h2>\n<p>Un vino espumoso memorable y sofisticado cuyo nombre nos recuerda un cielo azul fresco, brillante y claro.<\/p>\n<p>Un espumante noble.\u00a0Este vino es la expresi\u00f3n perfecta de los aromas t\u00edpicos y ricas sensaciones olfativas de Prosecco.\u00a0Color amarillo pajizo brillante con reflejos verde lima.\u00a0Efervescencia suave y gota fina.\u00a0Delicado bouquet en nariz con intensos recuerdos a manzana verde y flores frescas.\u00a0Medio dulce y bien estructurado, agradable y armonioso en boca con un final seco.\u00a0Ideal como aperitivo y acompa\u00f1a bien a postres y frutos secos.<\/p>\n<p>&nbsp;<\/p>\n","protected":false},"featured_media":6354,"comment_status":"open","ping_status":"closed","template":"","meta":[],"product_brand":[],"product_cat":[43],"product_tag":[],"class_list":{"0":"post-6353","1":"product","2":"type-product","3":"status-publish","4":"has-post-thumbnail","6":"product_cat-champagnes","7":"tm-no-options","9":"first","10":"outofstock","11":"taxable","12":"shipping-taxable","13":"purchasable","14":"product-type-simple"},"_links":{"self":[{"href":"https:\/\/jamonesibericosmadrid.com\/en\/wp-json\/wp\/v2\/product\/6353","targetHints":{"allow":["GET"]}}],"collection":[{"href":"https:\/\/jamonesibericosmadrid.com\/en\/wp-json\/wp\/v2\/product"}],"about":[{"href":"https:\/\/jamonesibericosmadrid.com\/en\/wp-json\/wp\/v2\/types\/product"}],"replies":[{"embeddable":true,"href":"https:\/\/jamonesibericosmadrid.com\/en\/wp-json\/wp\/v2\/comments?post=6353"}],"wp:featuredmedia":[{"embeddable":true,"href":"https:\/\/jamonesibericosmadrid.com\/en\/wp-json\/wp\/v2\/media\/6354"}],"wp:attachment":[{"href":"https:\/\/jamonesibericosmadrid.com\/en\/wp-json\/wp\/v2\/media?parent=6353"}],"wp:term":[{"taxonomy":"product_brand","embeddable":true,"href":"https:\/\/jamonesibericosmadrid.com\/en\/wp-json\/wp\/v2\/product_brand?post=6353"},{"taxonomy":"product_cat","embeddable":true,"href":"https:\/\/jamonesibericosmadrid.com\/en\/wp-json\/wp\/v2\/product_cat?post=6353"},{"taxonomy":"product_tag","embeddable":true,"href":"https:\/\/jamonesibericosmadrid.com\/en\/wp-json\/wp\/v2\/product_tag?post=6353"}],"curies":[{"name":"wp","href":"https:\/\/api.w.org\/{rel}","templated":true}]}}