{"id":6714,"date":"2023-03-23T12:44:57","date_gmt":"2023-03-23T11:44:57","guid":{"rendered":"https:\/\/jamonesibericosmadrid.com\/?post_type=product&#038;p=6714"},"modified":"2024-11-15T20:35:24","modified_gmt":"2024-11-15T19:35:24","slug":"jamon-de-guijuelo-pureza","status":"publish","type":"product","link":"https:\/\/jamonesibericosmadrid.com\/en\/producto\/jamon-de-guijuelo-pureza\/","title":{"rendered":"Jam\u00f3n Ib\u00e9rico de bellota 75 % DO Guijuelo"},"content":{"rendered":"<h1>Jam\u00f3n Ib\u00e9rico de bellota 75 % DO Guijuelo<\/h1>\n<p>Natural Iberian ham with &#8216;Guijuelo Quality certificate. It is prepared with acorn-fed free-range Iberian pigs, the hams of which are cured in natural drying places. The Guijuelo DO Regulatory Board determines that the acorn-fed pig is that which is slaughtered when the mast-feeding season ends respecting the minimum weights defined for slaughter and the established breeding periods.<\/p>\n<p>Ingredients: Iberian ham, sea salt, preservatives E250 and E252.<\/p>\n","protected":false},"excerpt":{"rendered":"<h1>Jam\u00f3n Ib\u00e9rico de bellota 75 % DO Guijuelo<\/h1>\n<p>Natural Iberian ham with &#8216;Guijuelo Quality certificate.<\/p>\n","protected":false},"featured_media":8162,"comment_status":"open","ping_status":"closed","template":"","meta":[],"product_brand":[],"product_cat":[65,300],"product_tag":[],"class_list":{"0":"post-6714","1":"product","2":"type-product","3":"status-publish","4":"has-post-thumbnail","6":"product_cat-iberian-hams","7":"product_cat-whole-hams","8":"tm-has-options","10":"first","11":"instock","12":"taxable","13":"shipping-taxable","14":"purchasable","15":"product-type-variable"},"_links":{"self":[{"href":"https:\/\/jamonesibericosmadrid.com\/en\/wp-json\/wp\/v2\/product\/6714","targetHints":{"allow":["GET"]}}],"collection":[{"href":"https:\/\/jamonesibericosmadrid.com\/en\/wp-json\/wp\/v2\/product"}],"about":[{"href":"https:\/\/jamonesibericosmadrid.com\/en\/wp-json\/wp\/v2\/types\/product"}],"replies":[{"embeddable":true,"href":"https:\/\/jamonesibericosmadrid.com\/en\/wp-json\/wp\/v2\/comments?post=6714"}],"wp:featuredmedia":[{"embeddable":true,"href":"https:\/\/jamonesibericosmadrid.com\/en\/wp-json\/wp\/v2\/media\/8162"}],"wp:attachment":[{"href":"https:\/\/jamonesibericosmadrid.com\/en\/wp-json\/wp\/v2\/media?parent=6714"}],"wp:term":[{"taxonomy":"product_brand","embeddable":true,"href":"https:\/\/jamonesibericosmadrid.com\/en\/wp-json\/wp\/v2\/product_brand?post=6714"},{"taxonomy":"product_cat","embeddable":true,"href":"https:\/\/jamonesibericosmadrid.com\/en\/wp-json\/wp\/v2\/product_cat?post=6714"},{"taxonomy":"product_tag","embeddable":true,"href":"https:\/\/jamonesibericosmadrid.com\/en\/wp-json\/wp\/v2\/product_tag?post=6714"}],"curies":[{"name":"wp","href":"https:\/\/api.w.org\/{rel}","templated":true}]}}