{"id":7783,"date":"2024-05-22T20:46:59","date_gmt":"2024-05-22T18:46:59","guid":{"rendered":"https:\/\/jamonesibericosmadrid.com\/?post_type=product&#038;p=7783"},"modified":"2026-05-06T19:57:16","modified_gmt":"2026-05-06T17:57:16","slug":"cecina-wagyu-japanese-blood","status":"publish","type":"product","link":"https:\/\/jamonesibericosmadrid.com\/en\/producto\/cecina-wagyu-japanese-blood\/","title":{"rendered":"Cecina WAGYU Japanese Blood"},"content":{"rendered":"<h2 class=\"\" data-start=\"822\" data-end=\"879\">Cecina WAGYU Japanese Blood: la perfecci\u00f3n hecha carne<\/h2>\n<p class=\"\" data-start=\"881\" data-end=\"1199\">Si existe un producto capaz de representar el lujo y la perfecci\u00f3n en el mundo gourmet, es sin duda la <strong data-start=\"984\" data-end=\"1015\">cecina Wagyu Japanese Blood<\/strong>. Cortada muy finamente y presentada en sobres al vac\u00edo de 90 gramos, esta cecina no solo es un alimento: es un s\u00edmbolo de tradici\u00f3n, gen\u00e9tica \u00fanica y excelencia gastron\u00f3mica japonesa.<\/p>\n<h3 class=\"\" data-start=\"1201\" data-end=\"1231\">Wagyu: una raza legendaria<\/h3>\n<p class=\"\" data-start=\"1233\" data-end=\"1684\">La carne de Wagyu proviene de una raza bovina originaria de Jap\u00f3n, criada con mimo y siguiendo m\u00e9todos ancestrales. Solo cuatro tipos de ganado pueden recibir legalmente el nombre de Wagyu: <a href=\"https:\/\/wagyutesorodejapon.com\/articulos\/gu%C3%ADa-para-principiantes-describiendo-wagyu\" target=\"_blank\" rel=\"noopener\">Kuroge Washu<\/a> (negra japonesa), <a href=\"https:\/\/wagyutesorodejapon.com\/articulos\/gu%C3%ADa-para-principiantes-describiendo-wagyu\" target=\"_blank\" rel=\"noopener\">Akage Washu<\/a> (marr\u00f3n japonesa), <a href=\"https:\/\/wagyutesorodejapon.com\/articulos\/gu%C3%ADa-para-principiantes-describiendo-wagyu\" target=\"_blank\" rel=\"noopener\">Nihon Tankaku Shu<\/a> (cuernos cortos japonesa) y <a href=\"https:\/\/wagyutesorodejapon.com\/articulos\/gu%C3%ADa-para-principiantes-describiendo-wagyu\" target=\"_blank\" rel=\"noopener\">Mukaku Washu<\/a> (moteada japonesa). Cada animal cuenta con un <strong data-start=\"1590\" data-end=\"1638\">n\u00famero de identificaci\u00f3n \u00fanico de 10 d\u00edgitos<\/strong> que garantiza su autenticidad y trazabilidad.<\/p>\n<p data-start=\"1686\" data-end=\"1981\"><img decoding=\"async\" class=\"lazyload aligncenter wp-image-8334 size-large\" src=\"https:\/\/jamonesibericosmadrid.com\/wp-content\/uploads\/2024\/05\/cecina-wagyu-1024x573.webp\" data-orig-src=\"https:\/\/jamonesibericosmadrid.com\/wp-content\/uploads\/2024\/05\/cecina-wagyu-1024x573.webp\" alt=\"Cecina WAGYU Japanese Blood\" width=\"1024\" height=\"573\" srcset=\"data:image\/svg+xml,%3Csvg%20xmlns%3D%27http%3A%2F%2Fwww.w3.org%2F2000%2Fsvg%27%20width%3D%271024%27%20height%3D%27573%27%20viewBox%3D%270%200%201024%20573%27%3E%3Crect%20width%3D%271024%27%20height%3D%27573%27%20fill-opacity%3D%220%22%2F%3E%3C%2Fsvg%3E\" data-srcset=\"https:\/\/jamonesibericosmadrid.com\/wp-content\/uploads\/2024\/05\/cecina-wagyu-200x112.webp 200w, https:\/\/jamonesibericosmadrid.com\/wp-content\/uploads\/2024\/05\/cecina-wagyu-300x168.webp 300w, https:\/\/jamonesibericosmadrid.com\/wp-content\/uploads\/2024\/05\/cecina-wagyu-400x224.webp 400w, https:\/\/jamonesibericosmadrid.com\/wp-content\/uploads\/2024\/05\/cecina-wagyu-500x280.webp 500w, https:\/\/jamonesibericosmadrid.com\/wp-content\/uploads\/2024\/05\/cecina-wagyu-600x336.webp 600w, https:\/\/jamonesibericosmadrid.com\/wp-content\/uploads\/2024\/05\/cecina-wagyu-700x392.webp 700w, https:\/\/jamonesibericosmadrid.com\/wp-content\/uploads\/2024\/05\/cecina-wagyu-768x430.webp 768w, https:\/\/jamonesibericosmadrid.com\/wp-content\/uploads\/2024\/05\/cecina-wagyu-800x447.webp 800w, https:\/\/jamonesibericosmadrid.com\/wp-content\/uploads\/2024\/05\/cecina-wagyu-1024x573.webp 1024w, https:\/\/jamonesibericosmadrid.com\/wp-content\/uploads\/2024\/05\/cecina-wagyu-1200x671.webp 1200w, https:\/\/jamonesibericosmadrid.com\/wp-content\/uploads\/2024\/05\/cecina-wagyu.webp 1248w\" data-sizes=\"auto\" data-orig-sizes=\"(max-width: 1024px) 100vw, 1024px\" \/><\/p>\n<p class=\"\" data-start=\"1686\" data-end=\"1981\">La <strong data-start=\"984\" data-end=\"1015\">cecina Wagyu Japanese Blood<\/strong> que te ofrecemos procede de animales seleccionados con un cuidado extremo. Alimentados con una <strong data-start=\"1797\" data-end=\"1844\">mezcla secreta de 12 ingredientes naturales<\/strong>, entre ellos ca\u00f1a de az\u00facar, desarrollan un sabor dulce, profundo y seductor, completamente diferente al de cualquier otra carne curada.<\/p>\n<h3 class=\"\" data-start=\"1983\" data-end=\"2013\">Un marmoleado incomparable<\/h3>\n<p class=\"\" data-start=\"2015\" data-end=\"2284\">Uno de los grandes secretos del <strong data-start=\"2047\" data-end=\"2064\">Wagyu japon\u00e9s<\/strong> es su <strong data-start=\"2071\" data-end=\"2093\">intenso marmoleado<\/strong>. Este t\u00e9rmino hace referencia a la grasa intramuscular que recorre las fibras de carne y que, al fundirse en boca, ofrece una sensaci\u00f3n de terneza extrema y una explosi\u00f3n de sabor sin igual.<\/p>\n<p class=\"\" data-start=\"2286\" data-end=\"2467\">Mientras que otras <a href=\"https:\/\/jamonesibericosmadrid.com\/producto\/cecina-extra-de-vacuno\/\" target=\"_blank\" rel=\"noopener\">cecinas de alta calidad<\/a> suelen ser menos entreveradas., nuestra <strong data-start=\"984\" data-end=\"1015\">cecina Wagyu Japanese Blood<\/strong><strong data-start=\"2342\" data-end=\"2390\">\u00a0destaca por su veteado perfecto<\/strong>, logrando una textura sedosa, jugosa y untuosa que se deshace en el paladar.<\/p>\n<h3 class=\"\" data-start=\"2469\" data-end=\"2514\">Cortada muy finamente y envasada al vac\u00edo<\/h3>\n<p class=\"\" data-start=\"2516\" data-end=\"2804\">Cada sobre de 90\u202fg contiene <strong data-start=\"2544\" data-end=\"2581\">fin\u00edsimas lonchas de cecina Wagyu<\/strong>, cortadas con precisi\u00f3n para que puedas apreciar al m\u00e1ximo su delicadeza. El corte fino no solo favorece una degustaci\u00f3n m\u00e1s placentera, sino que permite que el marmoleado libere todos sus aromas al contacto con la lengua.<\/p>\n<p class=\"\" data-start=\"2806\" data-end=\"3010\">Adem\u00e1s, el producto se presenta <strong data-start=\"2838\" data-end=\"2859\">envasado al vac\u00edo<\/strong>, garantizando su conservaci\u00f3n perfecta y preservando todo su sabor hasta el momento de servirlo. Ideal tanto para consumo inmediato como para regalar.<\/p>\n<h3 class=\"\" data-start=\"3012\" data-end=\"3056\">Trazabilidad y autenticidad garantizadas<\/h3>\n<p class=\"\" data-start=\"3058\" data-end=\"3337\">Jap\u00f3n mantiene un sistema riguroso de autenticaci\u00f3n a trav\u00e9s de su Oficina de Verificaci\u00f3n de Reses. Por eso, cada pieza de carne Wagyu tiene un n\u00famero \u00fanico que <strong data-start=\"3220\" data-end=\"3271\">certifica su linaje, procedencia y autenticidad<\/strong>, asegurando que est\u00e1s degustando un producto realmente exclusivo.<\/p>\n<p class=\"\" data-start=\"3339\" data-end=\"3688\">El linaje del Wagyu influye directamente en su calidad. Por ejemplo, el <strong data-start=\"3411\" data-end=\"3421\">Tajima<\/strong>, uno de los m\u00e1s reconocidos, fue hist\u00f3ricamente criado por su fuerza y estructura muscular, lo que favorece una mayor infiltraci\u00f3n de grasa. Otros linajes como Tottori, Shimane, Okayama o Kumamoto tambi\u00e9n aportan sus propias caracter\u00edsticas a esta carne excepcional.<\/p>\n<h3 class=\"\" data-start=\"3690\" data-end=\"3738\">Una joya culinaria para ocasiones especiales<\/h3>\n<p class=\"\" data-start=\"3740\" data-end=\"4027\">La <strong data-start=\"3743\" data-end=\"3774\">cecina Wagyu Japanese Blood<\/strong> es perfecta para los momentos en los que deseas destacar. Desde un aperitivo gourmet hasta una tabla de embutidos selecta, pasando por maridajes con vinos tintos elegantes o incluso como protagonista de un plato creativo, esta cecina siempre sorprende.<\/p>\n<p class=\"\" data-start=\"4029\" data-end=\"4223\">Puedes acompa\u00f1arla con un buen vino tinto con cuerpo \u2014como un <a href=\"https:\/\/es.wikipedia.org\/wiki\/Tempranillo_(uva)\" target=\"_blank\" rel=\"noopener\">Tempranillo<\/a> o un Syrah\u2014, pan r\u00fastico ligeramente tostado o incluso unas virutas de parmesano para una experiencia sensorial sublime.<\/p>\n<h3 class=\"\" data-start=\"4225\" data-end=\"4256\">Beneficios \u00fanicos de <strong data-start=\"984\" data-end=\"1015\">cecina Wagyu Japanese Blood<\/strong><\/h3>\n<ul data-start=\"4258\" data-end=\"4651\">\n<li class=\"\" data-start=\"4258\" data-end=\"4321\">\n<p class=\"\" data-start=\"4260\" data-end=\"4321\"><strong data-start=\"4260\" data-end=\"4286\">Textura aterciopelada:<\/strong> se funde en boca como mantequilla.<\/p>\n<\/li>\n<li class=\"\" data-start=\"4322\" data-end=\"4387\">\n<p class=\"\" data-start=\"4324\" data-end=\"4387\"><strong data-start=\"4324\" data-end=\"4351\">Sabor profundo y dulce:<\/strong> gracias a su alimentaci\u00f3n especial.<\/p>\n<\/li>\n<li class=\"\" data-start=\"4388\" data-end=\"4460\">\n<p class=\"\" data-start=\"4390\" data-end=\"4460\"><strong data-start=\"4390\" data-end=\"4410\">Grasa saludable:<\/strong> rica en \u00e1cidos grasos insaturados como el oleico.<\/p>\n<\/li>\n<li class=\"\" data-start=\"4461\" data-end=\"4561\">\n<p class=\"\" data-start=\"4463\" data-end=\"4561\"><strong data-start=\"4463\" data-end=\"4486\">Docilidad gen\u00e9tica:<\/strong> lo que facilita una crianza m\u00e1s tranquila y mejora la calidad de la carne.<\/p>\n<\/li>\n<li class=\"\" data-start=\"4562\" data-end=\"4651\">\n<p class=\"\" data-start=\"4564\" data-end=\"4651\"><strong data-start=\"4564\" data-end=\"4598\">Conversi\u00f3n alimenticia eficaz:<\/strong> ideal tanto en pastoreo como en granjas sostenibles.<\/p>\n<\/li>\n<\/ul>\n<h3 class=\"\" data-start=\"4653\" data-end=\"4684\">Ingredientes y conservaci\u00f3n<\/h3>\n<ul data-start=\"4686\" data-end=\"4999\">\n<li class=\"\" data-start=\"4686\" data-end=\"4737\">\n<p class=\"\" data-start=\"4688\" data-end=\"4737\"><strong data-start=\"4688\" data-end=\"4705\">Ingredientes:<\/strong> carne de res Wagyu, sal marina.<\/p>\n<\/li>\n<li class=\"\" data-start=\"4738\" data-end=\"4773\">\n<p class=\"\" data-start=\"4740\" data-end=\"4773\"><strong data-start=\"4740\" data-end=\"4773\">Sin aditivos ni conservantes.<\/strong><\/p>\n<\/li>\n<li class=\"\" data-start=\"4774\" data-end=\"4819\">\n<p class=\"\" data-start=\"4776\" data-end=\"4819\"><strong data-start=\"4776\" data-end=\"4819\">Sin gluten, sin lactosa, sin al\u00e9rgenos.<\/strong><\/p>\n<\/li>\n<li class=\"\" data-start=\"4820\" data-end=\"4858\">\n<p class=\"\" data-start=\"4822\" data-end=\"4858\"><strong data-start=\"4822\" data-end=\"4834\">Formato:<\/strong> sobre al vac\u00edo de 90\u202fg.<\/p>\n<\/li>\n<li class=\"\" data-start=\"4859\" data-end=\"4999\">\n<p class=\"\" data-start=\"4861\" data-end=\"4999\"><strong data-start=\"4861\" data-end=\"4878\">Conservaci\u00f3n:<\/strong> mantener en refrigeraci\u00f3n entre 0 y 5\u202f\u00b0C. Sacar del envase 30 minutos antes de consumir para disfrutar de todo su aroma.<\/p>\n<\/li>\n<\/ul>\n","protected":false},"excerpt":{"rendered":"<p>Descubre la exclusividad de nuestra <strong data-start=\"334\" data-end=\"365\">cecina Wagyu Japanese Blood<\/strong>, cortada muy finamente y presentada en sobres al vac\u00edo de 90\u202fg. Elaborada con aut\u00e9ntico Wagyu japon\u00e9s, esta joya gourmet destaca por su sabor profundo, ternura extrema y marmoleado inigualable. Ideal para los paladares m\u00e1s exigentes. Pura excelencia en cada loncha.<\/p>\n","protected":false},"featured_media":8337,"comment_status":"open","ping_status":"closed","template":"","meta":[],"product_brand":[],"product_cat":[41],"product_tag":[],"class_list":{"0":"post-7783","1":"product","2":"type-product","3":"status-publish","4":"has-post-thumbnail","6":"product_cat-embutidos-ibericos","7":"tm-no-options","9":"first","10":"instock","11":"taxable","12":"shipping-taxable","13":"purchasable","14":"product-type-simple"},"_links":{"self":[{"href":"https:\/\/jamonesibericosmadrid.com\/en\/wp-json\/wp\/v2\/product\/7783","targetHints":{"allow":["GET"]}}],"collection":[{"href":"https:\/\/jamonesibericosmadrid.com\/en\/wp-json\/wp\/v2\/product"}],"about":[{"href":"https:\/\/jamonesibericosmadrid.com\/en\/wp-json\/wp\/v2\/types\/product"}],"replies":[{"embeddable":true,"href":"https:\/\/jamonesibericosmadrid.com\/en\/wp-json\/wp\/v2\/comments?post=7783"}],"wp:featuredmedia":[{"embeddable":true,"href":"https:\/\/jamonesibericosmadrid.com\/en\/wp-json\/wp\/v2\/media\/8337"}],"wp:attachment":[{"href":"https:\/\/jamonesibericosmadrid.com\/en\/wp-json\/wp\/v2\/media?parent=7783"}],"wp:term":[{"taxonomy":"product_brand","embeddable":true,"href":"https:\/\/jamonesibericosmadrid.com\/en\/wp-json\/wp\/v2\/product_brand?post=7783"},{"taxonomy":"product_cat","embeddable":true,"href":"https:\/\/jamonesibericosmadrid.com\/en\/wp-json\/wp\/v2\/product_cat?post=7783"},{"taxonomy":"product_tag","embeddable":true,"href":"https:\/\/jamonesibericosmadrid.com\/en\/wp-json\/wp\/v2\/product_tag?post=7783"}],"curies":[{"name":"wp","href":"https:\/\/api.w.org\/{rel}","templated":true}]}}