{"id":1045,"date":"2018-02-28T10:49:00","date_gmt":"2018-02-28T09:49:00","guid":{"rendered":"https:\/\/jamonesibericosmadrid.com\/product\/epaule-iberique-de-bellota-gabriel-castano\/"},"modified":"2025-04-10T21:55:46","modified_gmt":"2025-04-10T19:55:46","slug":"epaule-iberique-de-bellota-gabriel-castano","status":"publish","type":"product","link":"https:\/\/jamonesibericosmadrid.com\/fr\/producto\/epaule-iberique-de-bellota-gabriel-castano\/","title":{"rendered":"Epaule 100% ib\u00e9rique de bellota Gabriel Casta\u00f1o"},"content":{"rendered":"<h2>Epaule 100% ib\u00e9rique de bellota Gabriel Casta\u00f1o<\/h2>\n<p>Originaire de <a href=\"https:\/\/jamonesibericosmadrid.com\/fr\/produit\/jambon-iberique-de-bellota-gabriel-castano-naturel-2020\/\" rel=\"nofollow\">Cumbres Mayores<\/a>,\u00a0 au coeur de la montagne de Huelva. Les \u00e9paules proviennent de porcs ib\u00e9riques nourris aux glands et p\u00e2turage lors de la saison sur les domaines. D\u00fb \u00e0 son moindre volume, l&rsquo;\u00e9paule acquiert une grande saveur lors du s\u00e9chage gr\u00e2ce \u00e0 la perte d&rsquo;eau et de volume. L&rsquo;\u00e9paule ateint sa maturit\u00e9 au bout de deux ann\u00e9es de s\u00e9chage dans des grottes naturelles. C&rsquo;est une production limit\u00e9e.<\/p>\n<div id=\"attachment_4589\" style=\"width: 310px\" class=\"wp-caption alignnone\"><img decoding=\"async\" aria-describedby=\"caption-attachment-4589\" class=\"wp-image-4589 size-medium\" src=\"https:\/\/jamonesibericosmadrid.com\/wp-content\/uploads\/2021\/02\/prueba-jamon-detalle-500--300x300.png\" alt=\"Epaule 100% ib\u00e9rique de bellota Gabriel Casta\u00f1o\" width=\"300\" height=\"300\" srcset=\"https:\/\/jamonesibericosmadrid.com\/wp-content\/uploads\/2021\/02\/prueba-jamon-detalle-500--66x66.png 66w, https:\/\/jamonesibericosmadrid.com\/wp-content\/uploads\/2021\/02\/prueba-jamon-detalle-500--100x100.png 100w, https:\/\/jamonesibericosmadrid.com\/wp-content\/uploads\/2021\/02\/prueba-jamon-detalle-500--150x150.png 150w, https:\/\/jamonesibericosmadrid.com\/wp-content\/uploads\/2021\/02\/prueba-jamon-detalle-500--200x200.png 200w, https:\/\/jamonesibericosmadrid.com\/wp-content\/uploads\/2021\/02\/prueba-jamon-detalle-500--300x300.png 300w, https:\/\/jamonesibericosmadrid.com\/wp-content\/uploads\/2021\/02\/prueba-jamon-detalle-500--400x400.png 400w, https:\/\/jamonesibericosmadrid.com\/wp-content\/uploads\/2021\/02\/prueba-jamon-detalle-500--500x500.png 500w, https:\/\/jamonesibericosmadrid.com\/wp-content\/uploads\/2021\/02\/prueba-jamon-detalle-500--600x600.png 600w, https:\/\/jamonesibericosmadrid.com\/wp-content\/uploads\/2021\/02\/prueba-jamon-detalle-500--700x700.png 700w, https:\/\/jamonesibericosmadrid.com\/wp-content\/uploads\/2021\/02\/prueba-jamon-detalle-500--768x768.png 768w, https:\/\/jamonesibericosmadrid.com\/wp-content\/uploads\/2021\/02\/prueba-jamon-detalle-500--800x800.png 800w, https:\/\/jamonesibericosmadrid.com\/wp-content\/uploads\/2021\/02\/prueba-jamon-detalle-500-.png 850w\" sizes=\"(max-width: 300px) 100vw, 300px\" \/><p id=\"caption-attachment-4589\" class=\"wp-caption-text\">Epaule 100% ib\u00e9rique de bellota Gabriel Casta\u00f1o<\/p><\/div>\n<p>Les espagnols eux-m\u00eames ont pour habitude de dire \u00e0 propos de la palette : \u00ab mas grasa, mas rica, mas sabrosa\u2026 \u00bb que l\u2019on traduit par \u00ab plus grasse, plus riche, plus savoureuse \u2026 \u00bb.<\/p>\n<p>Parce qu\u2019un cochon ib\u00e9rique a\u2026 4 pattes (!) nous vous proposons la paleta (ou \u00e9paule)en pi\u00e8ce enti\u00e8re avec os.<\/p>\n<p>Ingr\u00e9dients : jambon d&rsquo;\u00e9paule de porc ib\u00e9rique, sel marin et temps. Sans agents nitrifiants, lactose, gluten ni allerg\u00e8nes.<\/p>\n","protected":false},"excerpt":{"rendered":"<h2>Epaule 100% ib\u00e9rique de bellota Gabriel Casta\u00f1o<\/h2>\n<p>Originaire de Cumbres Mayores,<span class=\"Apple-converted-space\">\u00a0 <\/span>au coeur de la montagne de Huelva.<\/p>\n","protected":false},"featured_media":8311,"comment_status":"open","ping_status":"closed","template":"","meta":[],"product_brand":[],"product_cat":[399,397,203],"product_tag":[],"class_list":{"0":"post-1045","1":"product","2":"type-product","3":"status-publish","4":"has-post-thumbnail","6":"product_cat-entiers-epaule","7":"product_cat-epaule-iberique","8":"product_cat-les-offres","9":"tm-has-options","11":"first","12":"instock","13":"sale","14":"taxable","15":"shipping-taxable","16":"purchasable","17":"product-type-variable"},"_links":{"self":[{"href":"https:\/\/jamonesibericosmadrid.com\/fr\/wp-json\/wp\/v2\/product\/1045","targetHints":{"allow":["GET"]}}],"collection":[{"href":"https:\/\/jamonesibericosmadrid.com\/fr\/wp-json\/wp\/v2\/product"}],"about":[{"href":"https:\/\/jamonesibericosmadrid.com\/fr\/wp-json\/wp\/v2\/types\/product"}],"replies":[{"embeddable":true,"href":"https:\/\/jamonesibericosmadrid.com\/fr\/wp-json\/wp\/v2\/comments?post=1045"}],"wp:featuredmedia":[{"embeddable":true,"href":"https:\/\/jamonesibericosmadrid.com\/fr\/wp-json\/wp\/v2\/media\/8311"}],"wp:attachment":[{"href":"https:\/\/jamonesibericosmadrid.com\/fr\/wp-json\/wp\/v2\/media?parent=1045"}],"wp:term":[{"taxonomy":"product_brand","embeddable":true,"href":"https:\/\/jamonesibericosmadrid.com\/fr\/wp-json\/wp\/v2\/product_brand?post=1045"},{"taxonomy":"product_cat","embeddable":true,"href":"https:\/\/jamonesibericosmadrid.com\/fr\/wp-json\/wp\/v2\/product_cat?post=1045"},{"taxonomy":"product_tag","embeddable":true,"href":"https:\/\/jamonesibericosmadrid.com\/fr\/wp-json\/wp\/v2\/product_tag?post=1045"}],"curies":[{"name":"wp","href":"https:\/\/api.w.org\/{rel}","templated":true}]}}