{"id":1067,"date":"2018-02-28T10:05:11","date_gmt":"2018-02-28T09:05:11","guid":{"rendered":"https:\/\/jamonesibericosmadrid.com\/product\/artajo-albador-arbequina-frutado-bio-botella-1-litro\/"},"modified":"2023-12-04T00:23:06","modified_gmt":"2023-12-03T23:23:06","slug":"huile-dolive-extra-vierge","status":"publish","type":"product","link":"https:\/\/jamonesibericosmadrid.com\/fr\/producto\/huile-dolive-extra-vierge\/","title":{"rendered":"Huile d&rsquo;olive extra vierge Arbequina biologique"},"content":{"rendered":"<h3>Huile d&rsquo;olive extra vierge Arbequina biologique<\/h3>\n<p>Huile d&rsquo;olive extra vierge. Culture biologique \u00e0 la propri\u00e9t\u00e9 avec la vari\u00e9t\u00e9 arbequina. Hautement fruit\u00e9e.<\/p>\n<p>Vari\u00e9t\u00e9 d&rsquo;olive: arbequina<\/p>\n<p>Acidit\u00e9 autour de 0,2\u00b0<\/p>\n<p>Origine: Tudela, (R\u00e9gion de Navarra)<\/p>\n","protected":false},"excerpt":{"rendered":"<h3>Huile d&rsquo;olive extra vierge Arbequina biologique<\/h3>\n<p>Huile d&rsquo;olive extra vierge. Culture biologique \u00e0 la propri\u00e9t\u00e9 avec la vari\u00e9t\u00e9 arbequina. Hautement fruit\u00e9e.<\/p>\n","protected":false},"featured_media":4789,"comment_status":"open","ping_status":"closed","template":"","meta":[],"product_brand":[],"product_cat":[60],"product_tag":[],"class_list":{"0":"post-1067","1":"product","2":"type-product","3":"status-publish","4":"has-post-thumbnail","6":"product_cat-huiles","7":"tm-no-options","9":"first","10":"instock","11":"taxable","12":"shipping-taxable","13":"purchasable","14":"product-type-simple"},"_links":{"self":[{"href":"https:\/\/jamonesibericosmadrid.com\/fr\/wp-json\/wp\/v2\/product\/1067","targetHints":{"allow":["GET"]}}],"collection":[{"href":"https:\/\/jamonesibericosmadrid.com\/fr\/wp-json\/wp\/v2\/product"}],"about":[{"href":"https:\/\/jamonesibericosmadrid.com\/fr\/wp-json\/wp\/v2\/types\/product"}],"replies":[{"embeddable":true,"href":"https:\/\/jamonesibericosmadrid.com\/fr\/wp-json\/wp\/v2\/comments?post=1067"}],"wp:featuredmedia":[{"embeddable":true,"href":"https:\/\/jamonesibericosmadrid.com\/fr\/wp-json\/wp\/v2\/media\/4789"}],"wp:attachment":[{"href":"https:\/\/jamonesibericosmadrid.com\/fr\/wp-json\/wp\/v2\/media?parent=1067"}],"wp:term":[{"taxonomy":"product_brand","embeddable":true,"href":"https:\/\/jamonesibericosmadrid.com\/fr\/wp-json\/wp\/v2\/product_brand?post=1067"},{"taxonomy":"product_cat","embeddable":true,"href":"https:\/\/jamonesibericosmadrid.com\/fr\/wp-json\/wp\/v2\/product_cat?post=1067"},{"taxonomy":"product_tag","embeddable":true,"href":"https:\/\/jamonesibericosmadrid.com\/fr\/wp-json\/wp\/v2\/product_tag?post=1067"}],"curies":[{"name":"wp","href":"https:\/\/api.w.org\/{rel}","templated":true}]}}