{"id":1071,"date":"2018-02-20T10:22:13","date_gmt":"2018-02-20T09:22:13","guid":{"rendered":"https:\/\/jamonesibericosmadrid.com\/product\/baron-de-chirel-reserva-2001-magnum\/"},"modified":"2024-01-23T19:42:12","modified_gmt":"2024-01-23T18:42:12","slug":"baron-de-chirel-reserva-2005","status":"publish","type":"product","link":"https:\/\/jamonesibericosmadrid.com\/fr\/producto\/baron-de-chirel-reserva-2005\/","title":{"rendered":"Baron de Chirel Reserva 2016"},"content":{"rendered":"<h1>Bar\u00f3n de Chirel Reserva 2016<\/h1>\n<p>Ce vin voit le jour en 1986 suite \u00e0 une \u00e9laboration exp\u00e9rimentale \u00e0 partir d&rsquo;une s\u00e9lection de vignes anciennes, de plus de 40 ans d&rsquo;\u00e2ge, de faible rendement et de grande qualit\u00e9.<\/p>\n<p>C&rsquo;est un vin qui est produit en quantit\u00e9s tr\u00e8s limit\u00e9es et seulement lors de grandes ann\u00e9es qui permettent aux vignes d&rsquo;exprimer leur caract\u00e8re, issu de l&rsquo;harmonie du sol et du raisin.<\/p>\n<p>Cat\u00e9gorie: Tinto reserva (= rouge mill\u00e9sim\u00e9)<\/p>\n<p>C\u00e9page: Tempranillo et cabernet<\/p>\n<p>Vieillissement: Plus de 24 mois<\/p>\n<p>D.O. (=AOC): Rioja<\/p>\n<p>Mill\u00e9sime : excellent<\/p>\n","protected":false},"excerpt":{"rendered":"<h2>Bar\u00f3n de Chirel Reserva 2016<\/h2>\n<p>Ce vin voit le jour en 1986 suite \u00e0 une \u00e9laboration exp\u00e9rimentale \u00e0 partir d&rsquo;une s\u00e9lection de vignes anciennes, de plus de 40 ans d&rsquo;\u00e2ge, de faible rendement et de grande qualit\u00e9.<\/p>\n","protected":false},"featured_media":793,"comment_status":"open","ping_status":"closed","template":"","meta":[],"product_brand":[],"product_cat":[68],"product_tag":[],"class_list":{"0":"post-1071","1":"product","2":"type-product","3":"status-publish","4":"has-post-thumbnail","6":"product_cat-vins","7":"tm-no-options","9":"first","10":"instock","11":"taxable","12":"shipping-taxable","13":"purchasable","14":"product-type-simple"},"_links":{"self":[{"href":"https:\/\/jamonesibericosmadrid.com\/fr\/wp-json\/wp\/v2\/product\/1071","targetHints":{"allow":["GET"]}}],"collection":[{"href":"https:\/\/jamonesibericosmadrid.com\/fr\/wp-json\/wp\/v2\/product"}],"about":[{"href":"https:\/\/jamonesibericosmadrid.com\/fr\/wp-json\/wp\/v2\/types\/product"}],"replies":[{"embeddable":true,"href":"https:\/\/jamonesibericosmadrid.com\/fr\/wp-json\/wp\/v2\/comments?post=1071"}],"wp:featuredmedia":[{"embeddable":true,"href":"https:\/\/jamonesibericosmadrid.com\/fr\/wp-json\/wp\/v2\/media\/793"}],"wp:attachment":[{"href":"https:\/\/jamonesibericosmadrid.com\/fr\/wp-json\/wp\/v2\/media?parent=1071"}],"wp:term":[{"taxonomy":"product_brand","embeddable":true,"href":"https:\/\/jamonesibericosmadrid.com\/fr\/wp-json\/wp\/v2\/product_brand?post=1071"},{"taxonomy":"product_cat","embeddable":true,"href":"https:\/\/jamonesibericosmadrid.com\/fr\/wp-json\/wp\/v2\/product_cat?post=1071"},{"taxonomy":"product_tag","embeddable":true,"href":"https:\/\/jamonesibericosmadrid.com\/fr\/wp-json\/wp\/v2\/product_tag?post=1071"}],"curies":[{"name":"wp","href":"https:\/\/api.w.org\/{rel}","templated":true}]}}