{"id":1077,"date":"2018-02-28T09:26:29","date_gmt":"2018-02-28T08:26:29","guid":{"rendered":"https:\/\/jamonesibericosmadrid.com\/product\/904-gran-reserva-1994-magnum\/"},"modified":"2024-02-16T19:53:56","modified_gmt":"2024-02-16T18:53:56","slug":"904-gran-reserva-1994-magnum","status":"publish","type":"product","link":"https:\/\/jamonesibericosmadrid.com\/fr\/producto\/904-gran-reserva-1994-magnum\/","title":{"rendered":"904 Gran Reserva, 1994 Magnum"},"content":{"rendered":"<h1>904 Gran Reserva 2004 Magnum<\/h1>\n<p>Vin complexe, ouvert et tr\u00e8s s\u00e9rieux au nez. Profusion d&rsquo;ar\u00f4mes de c\u00e8dre, de bois pr\u00e9cieux, de cave \u00e0 cigares, de tabac blond, et de nuances grill\u00e9es, presque cr\u00e9meuses, qui s&rsquo;ouvrent sur des notes de caf\u00e9 fra\u00eechement moulu, de cuir vieilli avec un fond liquoreux de pruneaux mac\u00e9r\u00e9s et de cerises m\u00fbres. Parfum\u00e9, \u00e9l\u00e9gant, direct, des pointes \u00e9pic\u00e9es \u00e0 foison qui affirment leur pr\u00e9sence \u00e0 l&rsquo;inspiration, laurier en poudre, clou de girofle, poivre noir, herbes aromatiques et un reste odorant de fleurs fan\u00e9es.<\/p>\n<div id=\"attachment_7439\" style=\"width: 199px\" class=\"wp-caption alignnone\"><img decoding=\"async\" aria-describedby=\"caption-attachment-7439\" class=\"size-medium wp-image-7439\" src=\"https:\/\/jamonesibericosmadrid.com\/wp-content\/uploads\/2018\/02\/bot-granreserva904-2004-189x300.jpg\" alt=\"904 Gran Reserva 2004 Magnum\" width=\"189\" height=\"300\" \/><p id=\"caption-attachment-7439\" class=\"wp-caption-text\">904 Gran Reserva 2004 Magnum<\/p><\/div>\n<p>Un vin de grande pr\u00e9sence, puissant, et plein de vie.<\/p>\n","protected":false},"excerpt":{"rendered":"<h2>904 Gran Reserva 2004 Magnum<\/h2>\n<p>Vin complexe, ouvert et tr\u00e8s s\u00e9rieux au nez.<\/p>\n<p>Profusion d&rsquo;ar\u00f4mes de c\u00e8dre, de bois pr\u00e9cieux, de cave \u00e0 cigares, de tabac blond, et de nuances grill\u00e9es, presque cr\u00e9meuses, qui s&rsquo;ouvrent sur des notes de caf\u00e9 fra\u00eechement moulu.<\/p>\n","protected":false},"featured_media":781,"comment_status":"open","ping_status":"closed","template":"","meta":[],"product_brand":[],"product_cat":[68],"product_tag":[],"class_list":{"0":"post-1077","1":"product","2":"type-product","3":"status-publish","4":"has-post-thumbnail","6":"product_cat-vins","7":"tm-no-options","9":"first","10":"instock","11":"taxable","12":"shipping-taxable","13":"purchasable","14":"product-type-simple"},"_links":{"self":[{"href":"https:\/\/jamonesibericosmadrid.com\/fr\/wp-json\/wp\/v2\/product\/1077","targetHints":{"allow":["GET"]}}],"collection":[{"href":"https:\/\/jamonesibericosmadrid.com\/fr\/wp-json\/wp\/v2\/product"}],"about":[{"href":"https:\/\/jamonesibericosmadrid.com\/fr\/wp-json\/wp\/v2\/types\/product"}],"replies":[{"embeddable":true,"href":"https:\/\/jamonesibericosmadrid.com\/fr\/wp-json\/wp\/v2\/comments?post=1077"}],"wp:featuredmedia":[{"embeddable":true,"href":"https:\/\/jamonesibericosmadrid.com\/fr\/wp-json\/wp\/v2\/media\/781"}],"wp:attachment":[{"href":"https:\/\/jamonesibericosmadrid.com\/fr\/wp-json\/wp\/v2\/media?parent=1077"}],"wp:term":[{"taxonomy":"product_brand","embeddable":true,"href":"https:\/\/jamonesibericosmadrid.com\/fr\/wp-json\/wp\/v2\/product_brand?post=1077"},{"taxonomy":"product_cat","embeddable":true,"href":"https:\/\/jamonesibericosmadrid.com\/fr\/wp-json\/wp\/v2\/product_cat?post=1077"},{"taxonomy":"product_tag","embeddable":true,"href":"https:\/\/jamonesibericosmadrid.com\/fr\/wp-json\/wp\/v2\/product_tag?post=1077"}],"curies":[{"name":"wp","href":"https:\/\/api.w.org\/{rel}","templated":true}]}}