{"id":1079,"date":"2018-02-28T09:28:11","date_gmt":"2018-02-28T08:28:11","guid":{"rendered":"https:\/\/jamonesibericosmadrid.com\/product\/irius-premium-2008\/"},"modified":"2025-01-09T11:08:58","modified_gmt":"2025-01-09T10:08:58","slug":"marques-de-murrieta-2019","status":"publish","type":"product","link":"https:\/\/jamonesibericosmadrid.com\/fr\/producto\/marques-de-murrieta-2019\/","title":{"rendered":"Marqu\u00e9s de Murrieta 2019"},"content":{"rendered":"<h1>Marqu\u00e9s de Murrieta 2019<\/h1>\n<p>L&rsquo;origine de la cave Marqu\u00e9s de Murrieta est li\u00e9e \u00e0 celle du vin de <a href=\"https:\/\/riojawine.com\/\" target=\"_blank\" rel=\"noopener\">Rioja<\/a>, puisque Don Luciano Murrieta produisit en 1852 les premiers vins de Rioja et fut le premier \u00e0 l&rsquo;exporter hors du territoire national.<\/p>\n<p>Don Luciano, nomm\u00e9 marquis par le roi Amadeo de Saboya pour son travail dans la Rioja, s&rsquo;est rendu \u00e0 Bordeaux pour apprendre les techniques de vinification qu&rsquo;il a ramen\u00e9es en Espagne. Il a cr\u00e9\u00e9 le concept de ch\u00e2teau fran\u00e7ais sur le domaine d&rsquo;Ygay o\u00f9 il a command\u00e9 la construction de l&#8217;embl\u00e9matique ch\u00e2teau d&rsquo;Ygay.<br \/>\nEn 1983, le t\u00e9moin Vicente D. Cebri\u00e1n-Sagarriga, dixi\u00e8me comte de Creixell, a mis \u00e0 jour la cave et a continu\u00e9 l&rsquo;h\u00e9ritage du marquis de Murrieta. Apr\u00e8s sa mort, son fils, Vicente D. Cebri\u00e1n-Sagarriga, actuel comte de Creixell, assume, avec sa soeur Cristina, la direction de la cave, accompagn\u00e9 d&rsquo;une \u00e9quipe jeune et qualifi\u00e9e, et met compl\u00e8tement \u00e0 jour la cave de Rioja.<\/p>\n<p>Au fil des ans, la famille du comte de Creixell est devenue un lien parfait pour maintenir l&rsquo;\u00e9quilibre entre tradition et modernit\u00e9, pla\u00e7ant Marqu\u00e9s de Murrieta au XXIe si\u00e8cle dans une position privil\u00e9gi\u00e9e dans les vins de la Rioja du monde.<\/p>\n<div id=\"attachment_7438\" style=\"width: 310px\" class=\"wp-caption alignleft\"><img decoding=\"async\" aria-describedby=\"caption-attachment-7438\" class=\"size-medium wp-image-7438\" src=\"https:\/\/jamonesibericosmadrid.com\/wp-content\/uploads\/2018\/02\/red-wine-pouring-from-bottle-glas.2e16d0ba.fill-1800x945-1-300x158.jpg\" alt=\"Marqu\u00e9s de Murrieta 2019\" width=\"300\" height=\"158\" srcset=\"https:\/\/jamonesibericosmadrid.com\/wp-content\/uploads\/2018\/02\/red-wine-pouring-from-bottle-glas.2e16d0ba.fill-1800x945-1-200x105.jpg 200w, https:\/\/jamonesibericosmadrid.com\/wp-content\/uploads\/2018\/02\/red-wine-pouring-from-bottle-glas.2e16d0ba.fill-1800x945-1-300x158.jpg 300w, https:\/\/jamonesibericosmadrid.com\/wp-content\/uploads\/2018\/02\/red-wine-pouring-from-bottle-glas.2e16d0ba.fill-1800x945-1-400x210.jpg 400w, https:\/\/jamonesibericosmadrid.com\/wp-content\/uploads\/2018\/02\/red-wine-pouring-from-bottle-glas.2e16d0ba.fill-1800x945-1-500x263.jpg 500w, https:\/\/jamonesibericosmadrid.com\/wp-content\/uploads\/2018\/02\/red-wine-pouring-from-bottle-glas.2e16d0ba.fill-1800x945-1-600x315.jpg 600w, https:\/\/jamonesibericosmadrid.com\/wp-content\/uploads\/2018\/02\/red-wine-pouring-from-bottle-glas.2e16d0ba.fill-1800x945-1-700x368.jpg 700w, https:\/\/jamonesibericosmadrid.com\/wp-content\/uploads\/2018\/02\/red-wine-pouring-from-bottle-glas.2e16d0ba.fill-1800x945-1-768x403.jpg 768w, https:\/\/jamonesibericosmadrid.com\/wp-content\/uploads\/2018\/02\/red-wine-pouring-from-bottle-glas.2e16d0ba.fill-1800x945-1-800x420.jpg 800w, https:\/\/jamonesibericosmadrid.com\/wp-content\/uploads\/2018\/02\/red-wine-pouring-from-bottle-glas.2e16d0ba.fill-1800x945-1-1024x538.jpg 1024w, https:\/\/jamonesibericosmadrid.com\/wp-content\/uploads\/2018\/02\/red-wine-pouring-from-bottle-glas.2e16d0ba.fill-1800x945-1-1200x630.jpg 1200w, https:\/\/jamonesibericosmadrid.com\/wp-content\/uploads\/2018\/02\/red-wine-pouring-from-bottle-glas.2e16d0ba.fill-1800x945-1-1536x806.jpg 1536w, https:\/\/jamonesibericosmadrid.com\/wp-content\/uploads\/2018\/02\/red-wine-pouring-from-bottle-glas.2e16d0ba.fill-1800x945-1.jpg 1800w\" sizes=\"(max-width: 300px) 100vw, 300px\" \/><p id=\"caption-attachment-7438\" class=\"wp-caption-text\">Marqu\u00e9s de Murrieta 2019<\/p><\/div>\n<h2>Marqu\u00e9s de Murrieta 2019<\/h2>\n<h3><em><strong>Appellation d&rsquo;origine de la r\u00e9serve de Marqu\u00e9s de Murrieta\u00a0<\/strong><\/em><\/h3>\n<p>Il appartient \u00e0 la DO Rioja, un nom qui date de la fin du XIXe si\u00e8cle mais qui n\u2019a officiellement \u00e9t\u00e9 cr\u00e9\u00e9e qu\u2019en 1925. La r\u00e9gion qui re\u00e7oit cette appellation d\u2019origine couvre les communaut\u00e9s autonomes de la Rioja et du Pays basque.<br \/>\nLes raisins produits dans cette d\u00e9nomination sont: Tempranillo, Garnacha tinta, Mazuelo, Graciano et Maturana tinta.<br \/>\nLes vins de cette d\u00e9nomination se caract\u00e9risent par leur fra\u00eecheur, leur ar\u00f4me, leur excellente qualit\u00e9 de bateau et surtout leur \u00e9quilibre.<br \/>\nLes vins de la Rioja sont faciles \u00e0 boire.<\/p>\n<h2>Marqu\u00e9s de Murrieta 2019<\/h2>\n<h3><em><strong>Vari\u00e9t\u00e9s de raisins utilis\u00e9es dans Marqu\u00e9s de Murrieta Reserva\u00a0<\/strong><\/em><\/h3>\n<p>84% de tempranillo, 9% de graciano, 5% de mazuelo, 2% de grenache<br \/>\nVignobles situ\u00e9s dans notre Finca Ygay, les vignobles d\u2019Ygay occupent une superficie de 300 hectares autour du domaine, dans la Rioja Alta, avec un d\u00e9nivel\u00e9 allant de 320 \u00e0 485 m\u00e8tres.<\/p>\n<h3><em><strong>Accords mets et vins Marqu\u00e9s de Murrieta R\u00e9serva<\/strong><\/em><\/h3>\n<p>Carr\u00e9 de vapeur de merlu, crevettes \u00e0 la mousseline pour son ar\u00f4me de corail et de truffe; morue dessal\u00e9e, cuite au four avec oignons et poivrons verts; rago\u00fbt de haricots rouges avec pieds de porc et chou de pichet; faux-filet de b\u0153uf grill\u00e9, pur\u00e9e d&rsquo;asperges vertes et de carottes frites; carnaroli de riz cr\u00e9meux aux truffes et foie cuisson moyenne; S\u00e9lection de <a href=\"https:\/\/jamonesibericosmadrid.com\/fr\/produit\/fromage-de-brebis-artisanal-affine-copia\/\" target=\"_blank\" rel=\"noopener\">fromages<\/a> bleus et cr\u00e9meux, compote de vin rouge et cerises.<\/p>\n","protected":false},"excerpt":{"rendered":"<h2>Marqu\u00e9s de Murrieta 2019<\/h2>\n[caption id=\"attachment_5768\" align=\"alignright\" width=\"200\"]<img decoding=\"async\" class=\"wp-image-5768 size-medium\" src=\"https:\/\/jamonesibericosmadrid.com\/wp-content\/uploads\/2021\/05\/64-bobal-cv-20_web-200x300.jpg\" alt=\"Marqu\u00e9s de Murrieta 2019\" width=\"200\" height=\"300\" srcset=\"https:\/\/jamonesibericosmadrid.com\/wp-content\/uploads\/2021\/05\/64-bobal-cv-20_web-200x300.jpg 200w, https:\/\/jamonesibericosmadrid.com\/wp-content\/uploads\/2021\/05\/64-bobal-cv-20_web-400x600.jpg 400w, https:\/\/jamonesibericosmadrid.com\/wp-content\/uploads\/2021\/05\/64-bobal-cv-20_web-500x750.jpg 500w, https:\/\/jamonesibericosmadrid.com\/wp-content\/uploads\/2021\/05\/64-bobal-cv-20_web.jpg 533w\" sizes=\"(max-width: 200px) 100vw, 200px\" \/> Marqu\u00e9s de Murrieta 2019[\/caption]\n<h3><em><strong>Appellation d&rsquo;origine de la r\u00e9serve de Marqu\u00e9s de Murrieta\u00a0<\/strong><\/em><\/h3>\n<p>Il appartient \u00e0 la DO Rioja, un nom qui date de la fin du XIXe si\u00e8cle mais qui n\u2019a officiellement \u00e9t\u00e9 cr\u00e9\u00e9e qu\u2019en 1925. La r\u00e9gion qui re\u00e7oit cette appellation d\u2019origine couvre les communaut\u00e9s autonomes de la Rioja et du Pays basque.<br \/>\nLes raisins produits dans cette d\u00e9nomination sont: Tempranillo, Garnacha tinta, Mazuelo, Graciano et Maturana tinta.<br \/>\nLes vins de cette d\u00e9nomination se caract\u00e9risent par leur fra\u00eecheur, leur ar\u00f4me, leur excellente qualit\u00e9 de bateau et surtout leur \u00e9quilibre.<br \/>\nLes vins de la Rioja sont faciles \u00e0 boire.<\/p>\n","protected":false},"featured_media":7550,"comment_status":"open","ping_status":"closed","template":"","meta":[],"product_brand":[],"product_cat":[68],"product_tag":[],"class_list":{"0":"post-1079","1":"product","2":"type-product","3":"status-publish","4":"has-post-thumbnail","6":"product_cat-vins","7":"tm-no-options","9":"first","10":"instock","11":"taxable","12":"shipping-taxable","13":"purchasable","14":"product-type-simple"},"_links":{"self":[{"href":"https:\/\/jamonesibericosmadrid.com\/fr\/wp-json\/wp\/v2\/product\/1079","targetHints":{"allow":["GET"]}}],"collection":[{"href":"https:\/\/jamonesibericosmadrid.com\/fr\/wp-json\/wp\/v2\/product"}],"about":[{"href":"https:\/\/jamonesibericosmadrid.com\/fr\/wp-json\/wp\/v2\/types\/product"}],"replies":[{"embeddable":true,"href":"https:\/\/jamonesibericosmadrid.com\/fr\/wp-json\/wp\/v2\/comments?post=1079"}],"wp:featuredmedia":[{"embeddable":true,"href":"https:\/\/jamonesibericosmadrid.com\/fr\/wp-json\/wp\/v2\/media\/7550"}],"wp:attachment":[{"href":"https:\/\/jamonesibericosmadrid.com\/fr\/wp-json\/wp\/v2\/media?parent=1079"}],"wp:term":[{"taxonomy":"product_brand","embeddable":true,"href":"https:\/\/jamonesibericosmadrid.com\/fr\/wp-json\/wp\/v2\/product_brand?post=1079"},{"taxonomy":"product_cat","embeddable":true,"href":"https:\/\/jamonesibericosmadrid.com\/fr\/wp-json\/wp\/v2\/product_cat?post=1079"},{"taxonomy":"product_tag","embeddable":true,"href":"https:\/\/jamonesibericosmadrid.com\/fr\/wp-json\/wp\/v2\/product_tag?post=1079"}],"curies":[{"name":"wp","href":"https:\/\/api.w.org\/{rel}","templated":true}]}}