{"id":1081,"date":"2018-02-28T09:29:42","date_gmt":"2018-02-28T08:29:42","guid":{"rendered":"https:\/\/jamonesibericosmadrid.com\/product\/quinta-edmun-do-val-reserva\/"},"modified":"2018-02-28T09:29:42","modified_gmt":"2018-02-28T08:29:42","slug":"quinta-edmun-do-val-reserva","status":"publish","type":"product","link":"https:\/\/jamonesibericosmadrid.com\/fr\/producto\/quinta-edmun-do-val-reserva\/","title":{"rendered":"Quinta Edmun do Val Reserva"},"content":{"rendered":"<p>Le Quinta Edmun do Val Reserva appartient au groupe privil\u00e9gi\u00e9 dit \u00ab\u00a0des vins blancs d&rsquo;hiver\u00a0\u00bb, ce sont des vins de garde que l&rsquo;on a d\u00e9j\u00e0 g\u00e9n\u00e9reusement laiss\u00e9s vieillir et qui sont appropri\u00e9s tant en \u00e9t\u00e9 qu&rsquo;en hiver. Ils sont suffisamment charpent\u00e9s pour accompagner non seulement poissons et fruits de mer, mais aussi viandes blanches et rouges.<\/p>\n<p>Notes de d\u00e9gustation: couleur or brillant. Ar\u00f4me net et complexe avec des nuances de fruit m\u00fbr, de min\u00e9raux et de fleurs. Equilibr\u00e9 et long en bouche, avec du corps et une harmonie parfaite entre acidit\u00e9 et alcool.<\/p>\n<p>Cat\u00e9gorie: Vin blanc mill\u00e9sim\u00e92010<\/p>\n<p>C\u00e9pages:\u00a0 Albari\u00f1o 90%, loureiro 7%, et treixadura 3%<\/p>\n<p>D.O. (=AOC): R\u00e9gion des vins \u00ab\u00a0verts\u00a0\u00bb (Minho), Portugal<\/p>\n<p>Mill\u00e9sime : Tr\u00e8s bon<\/p>\n","protected":false},"excerpt":{"rendered":"<p>Le Quinta Edmun do Val Reserva appartient au groupe privil\u00e9gi\u00e9 dit \u00ab\u00a0des vins blancs d&rsquo;hiver\u00a0\u00bb, ce sont des vins de garde que l&rsquo;on a d\u00e9j\u00e0 g\u00e9n\u00e9reusement laiss\u00e9s vieillir et qui sont appropri\u00e9s tant en \u00e9t\u00e9 qu&rsquo;en hiver.<\/p>\n","protected":false},"featured_media":717,"comment_status":"open","ping_status":"closed","template":"","meta":[],"product_brand":[],"product_cat":[68],"product_tag":[],"class_list":{"0":"post-1081","1":"product","2":"type-product","3":"status-publish","4":"has-post-thumbnail","6":"product_cat-vins","7":"tm-no-options","9":"first","10":"outofstock","11":"taxable","12":"shipping-taxable","13":"purchasable","14":"product-type-simple"},"_links":{"self":[{"href":"https:\/\/jamonesibericosmadrid.com\/fr\/wp-json\/wp\/v2\/product\/1081","targetHints":{"allow":["GET"]}}],"collection":[{"href":"https:\/\/jamonesibericosmadrid.com\/fr\/wp-json\/wp\/v2\/product"}],"about":[{"href":"https:\/\/jamonesibericosmadrid.com\/fr\/wp-json\/wp\/v2\/types\/product"}],"replies":[{"embeddable":true,"href":"https:\/\/jamonesibericosmadrid.com\/fr\/wp-json\/wp\/v2\/comments?post=1081"}],"wp:featuredmedia":[{"embeddable":true,"href":"https:\/\/jamonesibericosmadrid.com\/fr\/wp-json\/wp\/v2\/media\/717"}],"wp:attachment":[{"href":"https:\/\/jamonesibericosmadrid.com\/fr\/wp-json\/wp\/v2\/media?parent=1081"}],"wp:term":[{"taxonomy":"product_brand","embeddable":true,"href":"https:\/\/jamonesibericosmadrid.com\/fr\/wp-json\/wp\/v2\/product_brand?post=1081"},{"taxonomy":"product_cat","embeddable":true,"href":"https:\/\/jamonesibericosmadrid.com\/fr\/wp-json\/wp\/v2\/product_cat?post=1081"},{"taxonomy":"product_tag","embeddable":true,"href":"https:\/\/jamonesibericosmadrid.com\/fr\/wp-json\/wp\/v2\/product_tag?post=1081"}],"curies":[{"name":"wp","href":"https:\/\/api.w.org\/{rel}","templated":true}]}}