{"id":1095,"date":"2018-02-28T09:39:11","date_gmt":"2018-02-28T08:39:11","guid":{"rendered":"https:\/\/jamonesibericosmadrid.com\/product\/vina-pedrosa-crianza-2007\/"},"modified":"2024-01-29T12:46:31","modified_gmt":"2024-01-29T11:46:31","slug":"vina-pedrosa-crianza-2007","status":"publish","type":"product","link":"https:\/\/jamonesibericosmadrid.com\/fr\/producto\/vina-pedrosa-crianza-2007\/","title":{"rendered":"Vermut La Dolores"},"content":{"rendered":"<h1>Vermut La Dolores<\/h1>\n<p>Su armoniosa combinaci\u00f3n de hierbas, frutos secos, especias y c\u00edtricos, junto con su atractiva apariencia, lo convierten en una opci\u00f3n ideal para disfrutar en cualquier ocasi\u00f3n. Esta joya del mundo del vermut siempre deja una impresi\u00f3n duradera en los paladares m\u00e1s exigentes.<\/p>\n<p>En boca la entrada es c\u00e1lida, envolvente y con volumen, dando paso a un paladar refrescante y suave amargor que se fusiona con una sensaci\u00f3n dulce y amable.<\/p>\n<p>Este<a href=\"https:\/\/www.museudelvermut.com\/es\/exposicion\/vermut\/#:~:text=Algunos%20de%20los%20principales%20ingredientes,y%20jerez%20dulce%20o%20seco%20.\" target=\"_blank\" rel=\"noopener\">\u00a0vermut<\/a>\u00a0de la Bodega La Dolores elaborado con uvas Garnachas en\u00a0<a href=\"https:\/\/balam.es\/suelo-arcilloso-caracteristicas-que-cultivar-y-como-mejorar-este-suelo\/\" target=\"_blank\" rel=\"noopener\">suelos de arcillas<\/a>\u00a0y guijarros y dos meses de barricas nos va a dar unos toques en nariz de c\u00edtricos y bot\u00e1nicos.<\/p>\n<p>Con sabor de intensidad alta, acidez media, y cuerpo medio.<\/p>\n","protected":false},"excerpt":{"rendered":"<h2>Vermut La Dolores<\/h2>\n<p>Vermouth de uva garnacha plantada a\u00a0 800 metros y envejecido dos meses de barrica.<\/p>\n<p>Aromas c\u00edtricos y bot\u00e1nicos.<\/p>\n<p>(<\/p>\n","protected":false},"featured_media":7301,"comment_status":"open","ping_status":"closed","template":"","meta":[],"product_brand":[],"product_cat":[68],"product_tag":[],"class_list":{"0":"post-1095","1":"product","2":"type-product","3":"status-publish","4":"has-post-thumbnail","6":"product_cat-vins","7":"tm-no-options","9":"first","10":"outofstock","11":"taxable","12":"shipping-taxable","13":"purchasable","14":"product-type-simple"},"_links":{"self":[{"href":"https:\/\/jamonesibericosmadrid.com\/fr\/wp-json\/wp\/v2\/product\/1095","targetHints":{"allow":["GET"]}}],"collection":[{"href":"https:\/\/jamonesibericosmadrid.com\/fr\/wp-json\/wp\/v2\/product"}],"about":[{"href":"https:\/\/jamonesibericosmadrid.com\/fr\/wp-json\/wp\/v2\/types\/product"}],"replies":[{"embeddable":true,"href":"https:\/\/jamonesibericosmadrid.com\/fr\/wp-json\/wp\/v2\/comments?post=1095"}],"wp:featuredmedia":[{"embeddable":true,"href":"https:\/\/jamonesibericosmadrid.com\/fr\/wp-json\/wp\/v2\/media\/7301"}],"wp:attachment":[{"href":"https:\/\/jamonesibericosmadrid.com\/fr\/wp-json\/wp\/v2\/media?parent=1095"}],"wp:term":[{"taxonomy":"product_brand","embeddable":true,"href":"https:\/\/jamonesibericosmadrid.com\/fr\/wp-json\/wp\/v2\/product_brand?post=1095"},{"taxonomy":"product_cat","embeddable":true,"href":"https:\/\/jamonesibericosmadrid.com\/fr\/wp-json\/wp\/v2\/product_cat?post=1095"},{"taxonomy":"product_tag","embeddable":true,"href":"https:\/\/jamonesibericosmadrid.com\/fr\/wp-json\/wp\/v2\/product_tag?post=1095"}],"curies":[{"name":"wp","href":"https:\/\/api.w.org\/{rel}","templated":true}]}}