{"id":1103,"date":"2018-02-28T09:43:33","date_gmt":"2018-02-28T08:43:33","guid":{"rendered":"https:\/\/jamonesibericosmadrid.com\/product\/gran-albina-reserva-2005\/"},"modified":"2018-02-28T09:43:33","modified_gmt":"2018-02-28T08:43:33","slug":"gran-albina-reserva-2005","status":"publish","type":"product","link":"https:\/\/jamonesibericosmadrid.com\/fr\/producto\/gran-albina-reserva-2005\/","title":{"rendered":"Gran Albina Reserva 2005"},"content":{"rendered":"<p>C&rsquo;est un grand vin, avec du caract\u00e8re, en accords avec les nouvelles tendances.\u00a0 A la d\u00e9gustation, il pr\u00e9sente une robe d&rsquo;un intense rouge cerise griotte. Le nez est riche d&rsquo;ar\u00f4mes, de caract\u00e8re fruit\u00e9 uni \u00e0 un excellent bois. En bouche, tr\u00e8s charpent\u00e9 au palais, concentr\u00e9, onctueusement tanique, \u00e9quilibr\u00e9 avec de la rondeur. Gouleyant et long en bouche.<\/p>\n<p>Un grand vin, de personnalit\u00e9 \u00e9clatante.<\/p>\n<p>Cat\u00e9gorie: Tinto\u00a0 reserva (= rouge mill\u00e9sim\u00e9)<\/p>\n<p>C\u00e9pages:\u00a0 Tempranillo, mazuelo et graciano<\/p>\n<p>Vieillissement: \u00a0 20 mois entre f\u00fbt neuf et 24 mois minimum en bouteille<\/p>\n<p>D.O. (=AOC): Rioja<\/p>\n<p>Mill\u00e9sime : Excellent<\/p>\n","protected":false},"excerpt":{"rendered":"<p>C&rsquo;est un grand vin, avec du caract\u00e8re, en accords avec les nouvelles tendances.\u00a0 A la d\u00e9gustation, il pr\u00e9sente une robe d&rsquo;un intense rouge cerise griotte.<\/p>\n","protected":false},"featured_media":773,"comment_status":"open","ping_status":"closed","template":"","meta":[],"product_brand":[],"product_cat":[68],"product_tag":[],"class_list":{"0":"post-1103","1":"product","2":"type-product","3":"status-publish","4":"has-post-thumbnail","6":"product_cat-vins","7":"tm-no-options","9":"first","10":"instock","11":"taxable","12":"shipping-taxable","13":"purchasable","14":"product-type-simple"},"_links":{"self":[{"href":"https:\/\/jamonesibericosmadrid.com\/fr\/wp-json\/wp\/v2\/product\/1103","targetHints":{"allow":["GET"]}}],"collection":[{"href":"https:\/\/jamonesibericosmadrid.com\/fr\/wp-json\/wp\/v2\/product"}],"about":[{"href":"https:\/\/jamonesibericosmadrid.com\/fr\/wp-json\/wp\/v2\/types\/product"}],"replies":[{"embeddable":true,"href":"https:\/\/jamonesibericosmadrid.com\/fr\/wp-json\/wp\/v2\/comments?post=1103"}],"wp:featuredmedia":[{"embeddable":true,"href":"https:\/\/jamonesibericosmadrid.com\/fr\/wp-json\/wp\/v2\/media\/773"}],"wp:attachment":[{"href":"https:\/\/jamonesibericosmadrid.com\/fr\/wp-json\/wp\/v2\/media?parent=1103"}],"wp:term":[{"taxonomy":"product_brand","embeddable":true,"href":"https:\/\/jamonesibericosmadrid.com\/fr\/wp-json\/wp\/v2\/product_brand?post=1103"},{"taxonomy":"product_cat","embeddable":true,"href":"https:\/\/jamonesibericosmadrid.com\/fr\/wp-json\/wp\/v2\/product_cat?post=1103"},{"taxonomy":"product_tag","embeddable":true,"href":"https:\/\/jamonesibericosmadrid.com\/fr\/wp-json\/wp\/v2\/product_tag?post=1103"}],"curies":[{"name":"wp","href":"https:\/\/api.w.org\/{rel}","templated":true}]}}