{"id":1113,"date":"2018-02-28T09:53:46","date_gmt":"2018-02-28T08:53:46","guid":{"rendered":"https:\/\/jamonesibericosmadrid.com\/product\/roger-goulart-brut-nature\/"},"modified":"2019-12-04T18:12:14","modified_gmt":"2019-12-04T17:12:14","slug":"roger-goulart-brut-nature","status":"publish","type":"product","link":"https:\/\/jamonesibericosmadrid.com\/fr\/producto\/roger-goulart-brut-nature\/","title":{"rendered":"Roger Goulart Brut Nature"},"content":{"rendered":"<p>Dans les caves Roger Goulart, apr\u00e8s plus de 30 mois au contact des levures on obtient un cava unique, qui concentre les nuances et les indices de maturit\u00e9, et\u00a0 trouve un compl\u00e9ment parfait dans les notes fruit\u00e9es du vin de base, tout en poss\u00e9dant de fines bulles en harmonie avec l&rsquo;ensemble. Il en r\u00e9sulte un cava d&rsquo;une jolie couleur jaune p\u00e2le, brillante, lib\u00e9rant un ar\u00f4me net et frais qui rappelle les fruits \u00e0 chair blanche et les agrumes mais avec un fond de viennoiserie et de l\u00e9g\u00e8res notes grill\u00e9es. En bouche il est sec et frais, long et soyeux. Tout \u00e0 fait indiqu\u00e9 comme ap\u00e9ritif, mais convient \u00e9galement \u00e0 du poisson ou des viandes blanches.<\/p>\n","protected":false},"excerpt":{"rendered":"<p>Dans les caves Roger Goulart, apr\u00e8s plus de 30 mois au contact des levures on obtient un cava unique, qui concentre les nuances et les indices de maturit\u00e9, et\u00a0 trouve un compl\u00e9ment parfait dans les notes fruit\u00e9es du vin de base, tout en poss\u00e9dant de fines bulles en harmonie avec l&rsquo;ensemble.<\/p>\n","protected":false},"featured_media":779,"comment_status":"open","ping_status":"closed","template":"","meta":[],"product_brand":[],"product_cat":[62],"product_tag":[],"class_list":{"0":"post-1113","1":"product","2":"type-product","3":"status-publish","4":"has-post-thumbnail","6":"product_cat-champagnes-fr","7":"tm-no-options","9":"first","10":"instock","11":"taxable","12":"shipping-taxable","13":"purchasable","14":"product-type-simple"},"_links":{"self":[{"href":"https:\/\/jamonesibericosmadrid.com\/fr\/wp-json\/wp\/v2\/product\/1113","targetHints":{"allow":["GET"]}}],"collection":[{"href":"https:\/\/jamonesibericosmadrid.com\/fr\/wp-json\/wp\/v2\/product"}],"about":[{"href":"https:\/\/jamonesibericosmadrid.com\/fr\/wp-json\/wp\/v2\/types\/product"}],"replies":[{"embeddable":true,"href":"https:\/\/jamonesibericosmadrid.com\/fr\/wp-json\/wp\/v2\/comments?post=1113"}],"wp:featuredmedia":[{"embeddable":true,"href":"https:\/\/jamonesibericosmadrid.com\/fr\/wp-json\/wp\/v2\/media\/779"}],"wp:attachment":[{"href":"https:\/\/jamonesibericosmadrid.com\/fr\/wp-json\/wp\/v2\/media?parent=1113"}],"wp:term":[{"taxonomy":"product_brand","embeddable":true,"href":"https:\/\/jamonesibericosmadrid.com\/fr\/wp-json\/wp\/v2\/product_brand?post=1113"},{"taxonomy":"product_cat","embeddable":true,"href":"https:\/\/jamonesibericosmadrid.com\/fr\/wp-json\/wp\/v2\/product_cat?post=1113"},{"taxonomy":"product_tag","embeddable":true,"href":"https:\/\/jamonesibericosmadrid.com\/fr\/wp-json\/wp\/v2\/product_tag?post=1113"}],"curies":[{"name":"wp","href":"https:\/\/api.w.org\/{rel}","templated":true}]}}