{"id":1125,"date":"2018-02-28T09:59:08","date_gmt":"2018-02-28T08:59:08","guid":{"rendered":"https:\/\/jamonesibericosmadrid.com\/product\/dom-perignon-rose-vintage-1998\/"},"modified":"2018-02-28T09:59:08","modified_gmt":"2018-02-28T08:59:08","slug":"dom-perignon-rose-vintage-1998","status":"publish","type":"product","link":"https:\/\/jamonesibericosmadrid.com\/fr\/producto\/dom-perignon-rose-vintage-1998\/","title":{"rendered":"Dom P\u00e9rignon Rose Vintage 1998"},"content":{"rendered":"<p>Dom P\u00e9rignon, le champagne cr\u00e9\u00e9 en 1936 par la Maison Mo\u00ebt et Chandon, est la cuv\u00e9e de \u00ab\u00a0prestige\u00a0\u00bb la plus c\u00e9l\u00e8bre au monde. Tradition et perfection s&rsquo;allient dans ce champagne qui unit 80% de Chardonnay \u00e0 20% de Pinot noir. A la d\u00e9gustation, le Ros\u00e9 Vintage pr\u00e9sente au regard une robe cuivr\u00e9e et de fines bulles. Au nez, des ar\u00f4mes de groseilles m\u00fbres, de noix et de fruits secs, de cr\u00e8me p\u00e2tissi\u00e8re et jusqu&rsquo;\u00e0 une pointe de p\u00e2te feuillet\u00e9e. En bouche, il poss\u00e8de une bonne acidit\u00e9, le gaz carbonique est bien int\u00e9gr\u00e9, il est frais, a du corps et de la puissance.<\/p>\n","protected":false},"excerpt":{"rendered":"<p>Dom P\u00e9rignon, le champagne cr\u00e9\u00e9 en 1936 par la Maison Mo\u00ebt et Chandon, est la cuv\u00e9e de \u00ab\u00a0prestige\u00a0\u00bb la plus c\u00e9l\u00e8bre au monde.<\/p>\n","protected":false},"featured_media":757,"comment_status":"open","ping_status":"closed","template":"","meta":[],"product_brand":[],"product_cat":[62],"product_tag":[],"class_list":{"0":"post-1125","1":"product","2":"type-product","3":"status-publish","4":"has-post-thumbnail","6":"product_cat-champagnes-fr","7":"tm-no-options","9":"first","10":"instock","11":"taxable","12":"shipping-taxable","13":"purchasable","14":"product-type-simple"},"_links":{"self":[{"href":"https:\/\/jamonesibericosmadrid.com\/fr\/wp-json\/wp\/v2\/product\/1125","targetHints":{"allow":["GET"]}}],"collection":[{"href":"https:\/\/jamonesibericosmadrid.com\/fr\/wp-json\/wp\/v2\/product"}],"about":[{"href":"https:\/\/jamonesibericosmadrid.com\/fr\/wp-json\/wp\/v2\/types\/product"}],"replies":[{"embeddable":true,"href":"https:\/\/jamonesibericosmadrid.com\/fr\/wp-json\/wp\/v2\/comments?post=1125"}],"wp:featuredmedia":[{"embeddable":true,"href":"https:\/\/jamonesibericosmadrid.com\/fr\/wp-json\/wp\/v2\/media\/757"}],"wp:attachment":[{"href":"https:\/\/jamonesibericosmadrid.com\/fr\/wp-json\/wp\/v2\/media?parent=1125"}],"wp:term":[{"taxonomy":"product_brand","embeddable":true,"href":"https:\/\/jamonesibericosmadrid.com\/fr\/wp-json\/wp\/v2\/product_brand?post=1125"},{"taxonomy":"product_cat","embeddable":true,"href":"https:\/\/jamonesibericosmadrid.com\/fr\/wp-json\/wp\/v2\/product_cat?post=1125"},{"taxonomy":"product_tag","embeddable":true,"href":"https:\/\/jamonesibericosmadrid.com\/fr\/wp-json\/wp\/v2\/product_tag?post=1125"}],"curies":[{"name":"wp","href":"https:\/\/api.w.org\/{rel}","templated":true}]}}