{"id":1162,"date":"2018-02-28T13:45:52","date_gmt":"2018-02-28T12:45:52","guid":{"rendered":"https:\/\/jamonesibericosmadrid.com\/product\/lomo-filet-iberique-de-bellota-gabriel-castano\/"},"modified":"2025-11-16T21:49:54","modified_gmt":"2025-11-16T20:49:54","slug":"lomo-filet-iberique-de-bellota","status":"publish","type":"product","link":"https:\/\/jamonesibericosmadrid.com\/fr\/producto\/lomo-filet-iberique-de-bellota\/","title":{"rendered":"Lomo (filet) ib\u00e9rique de bellota Gabriel Casta\u00f1o"},"content":{"rendered":"<h1>Lomo (filet) ib\u00e9rique de bellota<\/h1>\n<p>Le lomo ib\u00e9rique de bellota en conserve de m\u00e9tal, c&rsquo;est le sommet de la charcuterie espagnole. Il s&rsquo;agit d&rsquo;un muscle long et fin, vein\u00e9 mais d\u00e9pourvu de graisse, situ\u00e9 le long de l&rsquo;\u00e9pine dorsale du porc.<\/p>\n<p>Le conditionnement en conserve de m\u00e9tal tend \u00e0 dispara\u00eetre commercialement, mais, en lui permettant de finir sa maturation dans son propre ar\u00f4me, c&rsquo;est pourtant ce qui conf\u00e8re au produit une saveur incomparable en terme d&rsquo;intensit\u00e9, de clart\u00e9, et de longueur en bouche, avec laquelle aucun autre proc\u00e9d\u00e9 de conservation ne peut rivaliser.<\/p>\n<p class=\"Pa15\"><span class=\"A15\">Le lomo est un muscle le long de la colonne vert\u00e9brale du cochon ib\u00e9rique situ\u00e9 dans le prolongement du<a href=\"https:\/\/jamonesibericosmadrid.com\/fr\/produit\/lomito-petit-filet-iberique-de-bellota\/\" target=\"_blank\" rel=\"noopener\"> lomito<\/a>. Chaque cochon ib\u00e9rique de 170kg donne en moyenne 2 lomos d\u2019environ 1,2kg affin\u00e9.<\/span><\/p>\n<p>Les pi\u00e8ces de lomo parviennent \u00e0 maturit\u00e9 au bout de cinq mois environ, dans des s\u00e9choirs naturels.<\/p>\n<div id=\"attachment_933\" style=\"width: 183px\" class=\"wp-caption alignleft\"><img decoding=\"async\" aria-describedby=\"caption-attachment-933\" class=\"wp-image-933\" src=\"https:\/\/jamonesibericosmadrid.com\/wp-content\/uploads\/2018\/02\/2.1-Solomillo-Castano-det-1.jpg\" alt=\"Lomo (filet) ib\u00e9rique de bellota\" width=\"173\" height=\"173\" srcset=\"https:\/\/jamonesibericosmadrid.com\/wp-content\/uploads\/2018\/02\/2.1-Solomillo-Castano-det-1-100x100.jpg 100w, https:\/\/jamonesibericosmadrid.com\/wp-content\/uploads\/2018\/02\/2.1-Solomillo-Castano-det-1.jpg 850w\" sizes=\"(max-width: 173px) 100vw, 173px\" \/><p id=\"caption-attachment-933\" class=\"wp-caption-text\">Lomo (filet) ib\u00e9rique de bellota<\/p><\/div>\n<h2>Lomo (filet) ib\u00e9rique de bellota<\/h2>\n<p>Lomo ib\u00e9rique de bellota Gabriel Casta\u00f1o. <strong>Filet de porc ib\u00e9rique s\u00e9ch\u00e9 \u00e0 sec<\/strong>, s\u00e9ch\u00e9 dans des hangars de s\u00e9chage en bois naturel.<\/p>\n<p>Cette pi\u00e8ce est g\u00e9n\u00e9ralement consid\u00e9r\u00e9e comme la plus savoureuse des Lomo famille.<\/p>\n<p>L\u2019\u00e9quilibre entre le gras et la viande donne \u00e0 ce morceau un go\u00fbt unique, essayez-le et vous ne voudrez peut-\u00eatre plus essayer un autre ib\u00e9rique.<\/p>\n<p>Il s&rsquo;agit d&rsquo;un saucisson \u00e9labor\u00e9 de mani\u00e8re tout \u00e0 fait traditionnelle dans les Cumbres Mayores \u00e0 partir d&rsquo;un morceau de muscle lombaire, qui se caract\u00e9rise par un ar\u00f4me puissant et parfum\u00e9, une couleur l\u00e9g\u00e8rement grenat et cendr\u00e9e et une saveur douce de paprika avec des notes de fum\u00e9e.<\/p>\n<p>Il est emboss\u00e9 \u00e0 la main dans un boyau naturel qui l&rsquo;isole et ralentit le processus de maturation, ce qui permet d&rsquo;obtenir un produit juteux, \u00e0 la chair fonc\u00e9e et marbr\u00e9e. Son go\u00fbt est intense et tr\u00e8s profond.<\/p>\n<p>L&rsquo;arri\u00e8re-go\u00fbt est persistant. Ce produit termine sa maturation dans des s\u00e9choirs et des caves naturelles, ce qui garantit une<a href=\"https:\/\/jamonesibericosmadrid.com\/curacion-del-jamon-iberico\/\"> maturation<\/a> lente et respectueuse.<\/p>\n<h2>Lomo (filet) ib\u00e9rique de bellota<\/h2>\n<div id=\"attachment_7581\" style=\"width: 199px\" class=\"wp-caption alignleft\"><img decoding=\"async\" aria-describedby=\"caption-attachment-7581\" class=\"wp-image-7581\" src=\"https:\/\/jamonesibericosmadrid.com\/wp-content\/uploads\/2024\/02\/CE-300x218.jpg\" alt=\"Lomo (filet) ib\u00e9rique de bellota\" width=\"189\" height=\"137\" srcset=\"https:\/\/jamonesibericosmadrid.com\/wp-content\/uploads\/2024\/02\/CE-200x145.jpg 200w, https:\/\/jamonesibericosmadrid.com\/wp-content\/uploads\/2024\/02\/CE-300x218.jpg 300w, https:\/\/jamonesibericosmadrid.com\/wp-content\/uploads\/2024\/02\/CE-400x290.jpg 400w, https:\/\/jamonesibericosmadrid.com\/wp-content\/uploads\/2024\/02\/CE-500x363.jpg 500w, https:\/\/jamonesibericosmadrid.com\/wp-content\/uploads\/2024\/02\/CE-600x435.jpg 600w, https:\/\/jamonesibericosmadrid.com\/wp-content\/uploads\/2024\/02\/CE-700x508.jpg 700w, https:\/\/jamonesibericosmadrid.com\/wp-content\/uploads\/2024\/02\/CE-768x557.jpg 768w, https:\/\/jamonesibericosmadrid.com\/wp-content\/uploads\/2024\/02\/CE-800x580.jpg 800w, https:\/\/jamonesibericosmadrid.com\/wp-content\/uploads\/2024\/02\/CE.jpg 910w\" sizes=\"(max-width: 189px) 100vw, 189px\" \/><p id=\"caption-attachment-7581\" class=\"wp-caption-text\">Lomo (filet) ib\u00e9rique de bellota<\/p><\/div>\n<p>Sans additifs, c&rsquo;est un produit adapt\u00e9 aux c\u0153liaques et compatible avec tous les r\u00e9gimes alimentaires.<\/p>\n<p>Le Lomito de Presa Ib\u00e9rico de bellota est \u00e9galement conditionn\u00e9 en bo\u00eetes de 6 kilogrammes.<\/p>\n<p>Cela lui conf\u00e8re une saveur particuli\u00e8re, plus gourmande, car il m\u00fbrit dans son propre ar\u00f4me.<\/p>\n<p>L&rsquo;affinage dure de 4 \u00e0 6 mois.<\/p>\n<p>Elle est effectu\u00e9e dans des s\u00e9choirs contr\u00f4l\u00e9s en termes de temp\u00e9rature et d&rsquo;humidit\u00e9, afin de garantir sa pr\u00e9cipitation correcte et la perte d&rsquo;eau n\u00e9cessaire \u00e0 sa maturation.<\/p>\n<p>Elle m\u00fbrit et s&rsquo;installe dans des s\u00e9choirs naturels o\u00f9 elle acquiert le bouquet caract\u00e9ristique de l&rsquo;authentique longe de porc nourri aux glands, fabriqu\u00e9e \u00e0 la main.<\/p>\n<h2>Lomo (filet) ib\u00e9rique de bellota<\/h2>\n<p>L&rsquo;\u00e9chine de porc ib\u00e9rique <a href=\"https:\/\/jamonesibericosmadrid.com\/producto\/jamon-de-bellota-100-iberico-3-anos\/\" target=\"_blank\" rel=\"noopener\">Gabriel Casta\u00f1o<\/a>, nourrie au<a href=\"https:\/\/es.wikipedia.org\/wiki\/Bellota\" target=\"_blank\" rel=\"nofollow noopener\"> gland<\/a> et <strong>conserv\u00e9e en bo\u00eete<\/strong>, est le saucisson par excellence.<\/p>\n<p>Ce produit, l&rsquo;un des morceaux les plus nobles du porc ib\u00e9rique, est marin\u00e9 \u00e0 froid avec du paprika, de l&rsquo;ail et du sel.<\/p>\n<p>Il est soutir\u00e9 tous les jours pour que la marinade p\u00e9n\u00e8tre de mani\u00e8re \u00e9gale dans tous les morceaux.<\/p>\n<p>Il est emboss\u00e9 \u00e0 la main dans des boyaux naturels, ce qui l&rsquo;isole et ralentit le processus de maturation, ce qui permet d&rsquo;obtenir un produit juteux, marbr\u00e9, \u00e0 la viande fonc\u00e9e et \u00e0 la saveur intense et profonde.<\/p>\n<p>Les pi\u00e8ces de longe sont affin\u00e9es pendant environ cinq mois dans des s\u00e9choirs naturels.<\/p>\n<p class=\"Pa15\"><span class=\"A15\">Il se d\u00e9guste en frais mais, comme il est beaucoup moins persill\u00e9 que le lomito, c\u2019est en embutidos (charcuterie) qu\u2019il exprime au mieux sa saveur et sa subtilit\u00e9.\u00a0<\/span><\/p>\n<h3>Lomo (filet) ib\u00e9rique de bellota<\/h3>\n<h3>La mise en conserve<\/h3>\n<p>Ce processus n&rsquo;est plus utilis\u00e9 commercialement, mais il conf\u00e8re au produit, au fur et \u00e0 mesure que la longe m\u00fbrit et finit de s&rsquo;affiner dans son propre ar\u00f4me, une saveur incomparable en termes d&rsquo;intensit\u00e9, de clart\u00e9, de profondeur et de persistance par rapport \u00e0 n&rsquo;importe quelle autre m\u00e9thode de conservation.<\/p>\n<p>Il provient de <a href=\"https:\/\/es.wikipedia.org\/wiki\/Cumbres_Mayores\" target=\"_blank\" rel=\"noopener\"><strong>Cumbres Mayores<\/strong><\/a>, au c\u0153ur des montagnes de Huelva. De m\u00eame, il provient de porcs 100% ib\u00e9riques et, surtout, nourris de glands et d&rsquo;herbe dans les dehesas pendant la montanera.<\/p>\n<p>Bo\u00eete de conserve de 7kg.<\/p>\n<p>Pi\u00e8ce enti\u00e8re provenant d&rsquo;une conserve et emball\u00e9e sous-vide.<\/p>\n<p>Ingr\u00e9dients : filet de porc ib\u00e9rique de bellota, sel marin, sucre, ail et paprika. Anti-oxydant E301, conservateurs E252, E250. Boyau 100% naturel. Sans gluten ni allerg\u00e8nes.<\/p>\n","protected":false},"excerpt":{"rendered":"<h2>Lomo (filet) ib\u00e9rique de bellota<\/h2>\n[caption id=\"attachment_917\" align=\"alignleft\" width=\"143\"]<img decoding=\"async\" class=\"wp-image-917 \" src=\"https:\/\/jamonesibericosmadrid.com\/wp-content\/uploads\/2018\/02\/2-3-lomo-fisan.png\" alt=\"Lomo (filet) ib\u00e9rique de bellota\" width=\"143\" height=\"143\" srcset=\"https:\/\/jamonesibericosmadrid.com\/wp-content\/uploads\/2018\/02\/2-3-lomo-fisan-100x100.png 100w, https:\/\/jamonesibericosmadrid.com\/wp-content\/uploads\/2018\/02\/2-3-lomo-fisan.png 850w\" sizes=\"(max-width: 143px) 100vw, 143px\" \/> Lomo (filet) ib\u00e9rique de bellota[\/caption]\n<p><span class=\"A15\">Le lomo est un muscle le long de la colonne vert\u00e9brale du cochon ib\u00e9rique situ\u00e9 dans le prolongement du lomito. Chaque cochon ib\u00e9rique de 170kg donne en moyenne 2 lomos d\u2019environ 1,2kg affin\u00e9.<\/span><\/p>\n<p>Le lomo ib\u00e9rique de bellota en conserve de m\u00e9tal, c&rsquo;est le sommet de la charcuterie espagnole.<\/p>\n","protected":false},"featured_media":925,"comment_status":"open","ping_status":"closed","template":"","meta":[],"product_brand":[],"product_cat":[64],"product_tag":[],"class_list":{"0":"post-1162","1":"product","2":"type-product","3":"status-publish","4":"has-post-thumbnail","6":"product_cat-charcuterie-iberique","7":"tm-no-options","9":"first","10":"instock","11":"taxable","12":"shipping-taxable","13":"purchasable","14":"product-type-variable"},"_links":{"self":[{"href":"https:\/\/jamonesibericosmadrid.com\/fr\/wp-json\/wp\/v2\/product\/1162","targetHints":{"allow":["GET"]}}],"collection":[{"href":"https:\/\/jamonesibericosmadrid.com\/fr\/wp-json\/wp\/v2\/product"}],"about":[{"href":"https:\/\/jamonesibericosmadrid.com\/fr\/wp-json\/wp\/v2\/types\/product"}],"replies":[{"embeddable":true,"href":"https:\/\/jamonesibericosmadrid.com\/fr\/wp-json\/wp\/v2\/comments?post=1162"}],"wp:featuredmedia":[{"embeddable":true,"href":"https:\/\/jamonesibericosmadrid.com\/fr\/wp-json\/wp\/v2\/media\/925"}],"wp:attachment":[{"href":"https:\/\/jamonesibericosmadrid.com\/fr\/wp-json\/wp\/v2\/media?parent=1162"}],"wp:term":[{"taxonomy":"product_brand","embeddable":true,"href":"https:\/\/jamonesibericosmadrid.com\/fr\/wp-json\/wp\/v2\/product_brand?post=1162"},{"taxonomy":"product_cat","embeddable":true,"href":"https:\/\/jamonesibericosmadrid.com\/fr\/wp-json\/wp\/v2\/product_cat?post=1162"},{"taxonomy":"product_tag","embeddable":true,"href":"https:\/\/jamonesibericosmadrid.com\/fr\/wp-json\/wp\/v2\/product_tag?post=1162"}],"curies":[{"name":"wp","href":"https:\/\/api.w.org\/{rel}","templated":true}]}}