{"id":1188,"date":"2018-02-28T13:29:59","date_gmt":"2018-02-28T12:29:59","guid":{"rendered":"https:\/\/jamonesibericosmadrid.com\/product\/lomo-filet-iberique-de-bellota-5-jotas\/"},"modified":"2025-12-02T15:13:01","modified_gmt":"2025-12-02T14:13:01","slug":"lomo-filet-iberique-de-bellota-5-jotas","status":"publish","type":"product","link":"https:\/\/jamonesibericosmadrid.com\/fr\/producto\/lomo-filet-iberique-de-bellota-5-jotas\/","title":{"rendered":"Lomo (filet) ib\u00e9rique de bellota \u00ab\u00a05 Jotas\u00a0\u00bb"},"content":{"rendered":"<h2>Lomo (filet) ib\u00e9rique de bellota \u00ab\u00a05 Jotas\u00a0\u00bb<\/h2>\n<p>La Ca\u00f1a de Lomo (f\u00fbt de filet) 100% Ib\u00e9rico de Bellota est une pi\u00e8ce de charcuterie compl\u00e8tement artisanale, \u00e9labor\u00e9e \u00e0 Jabugo \u00e0 partir de la totalit\u00e9 du muscle lombaire. Elle se caract\u00e9rise par un ar\u00f4me puissant, une couleur grenat et cendr\u00e9e, un \u00e9clat bien d\u00e9fini et une saveur de paprika doux avec des notes fum\u00e9es.<\/p>\n<p>El\u00e9gamment conditionn\u00e9 dans un cylindre qui r\u00e9hausse les propri\u00e9t\u00e9s d&rsquo;un authentique lomo de bellota 100% ib\u00e9rique.<\/p>\n<p>Etui moyen<\/p>\n<p>Etui pi\u00e8ce enti\u00e8re<\/p>\n<p>Conserve de 3kg<\/p>\n<p>Pi\u00e8ce enti\u00e8re provenant d&rsquo;une conserve et emball\u00e9e sous-vide.<\/p>\n","protected":false},"excerpt":{"rendered":"<h3>Lomo (filet) ib\u00e9rique de bellota \u00ab\u00a05 Jotas\u00a0\u00bb<\/h3>\n<p>La Ca\u00f1a de Lomo (f\u00fbt de filet) 100% Ib\u00e9rico de Bellota est une pi\u00e8ce de charcuterie compl\u00e8tement artisanale, \u00e9labor\u00e9e \u00e0 Jabugo \u00e0 partir de la totalit\u00e9 du muscle lombaire.<\/p>\n","protected":false},"featured_media":905,"comment_status":"open","ping_status":"closed","template":"","meta":[],"product_brand":[],"product_cat":[64],"product_tag":[],"class_list":{"0":"post-1188","1":"product","2":"type-product","3":"status-publish","4":"has-post-thumbnail","6":"product_cat-charcuterie-iberique","7":"tm-no-options","9":"first","10":"instock","11":"taxable","12":"shipping-taxable","13":"purchasable","14":"product-type-variable"},"_links":{"self":[{"href":"https:\/\/jamonesibericosmadrid.com\/fr\/wp-json\/wp\/v2\/product\/1188","targetHints":{"allow":["GET"]}}],"collection":[{"href":"https:\/\/jamonesibericosmadrid.com\/fr\/wp-json\/wp\/v2\/product"}],"about":[{"href":"https:\/\/jamonesibericosmadrid.com\/fr\/wp-json\/wp\/v2\/types\/product"}],"replies":[{"embeddable":true,"href":"https:\/\/jamonesibericosmadrid.com\/fr\/wp-json\/wp\/v2\/comments?post=1188"}],"wp:featuredmedia":[{"embeddable":true,"href":"https:\/\/jamonesibericosmadrid.com\/fr\/wp-json\/wp\/v2\/media\/905"}],"wp:attachment":[{"href":"https:\/\/jamonesibericosmadrid.com\/fr\/wp-json\/wp\/v2\/media?parent=1188"}],"wp:term":[{"taxonomy":"product_brand","embeddable":true,"href":"https:\/\/jamonesibericosmadrid.com\/fr\/wp-json\/wp\/v2\/product_brand?post=1188"},{"taxonomy":"product_cat","embeddable":true,"href":"https:\/\/jamonesibericosmadrid.com\/fr\/wp-json\/wp\/v2\/product_cat?post=1188"},{"taxonomy":"product_tag","embeddable":true,"href":"https:\/\/jamonesibericosmadrid.com\/fr\/wp-json\/wp\/v2\/product_tag?post=1188"}],"curies":[{"name":"wp","href":"https:\/\/api.w.org\/{rel}","templated":true}]}}