{"id":1200,"date":"2018-02-28T13:18:43","date_gmt":"2018-02-28T12:18:43","guid":{"rendered":"https:\/\/jamonesibericosmadrid.com\/product\/chorizo-joselito\/"},"modified":"2024-02-21T17:51:22","modified_gmt":"2024-02-21T16:51:22","slug":"chorizo-joselito","status":"publish","type":"product","link":"https:\/\/jamonesibericosmadrid.com\/fr\/producto\/chorizo-joselito\/","title":{"rendered":"Chorizo Joselito"},"content":{"rendered":"<h2>Chorizo Joselito<\/h2>\n<p>Chorizo \u00e9labor\u00e9 de fa\u00e7on artisanale \u00e0 base de pi\u00e8ces nobles, en m\u00e9langeant des viandes hach\u00e9es provenant exclusiment de porcs ib\u00e9riques, assaisonn\u00e9es de sel marin, paprika, ail et sucre. Il est ensuite mis en forme dans des boyaux et poursuit sa maturation par s\u00e9chage pendant cinq mois environ.<\/p>\n<div id=\"attachment_6331\" style=\"width: 310px\" class=\"wp-caption alignnone\"><img decoding=\"async\" aria-describedby=\"caption-attachment-6331\" class=\"wp-image-6331 size-medium\" src=\"https:\/\/jamonesibericosmadrid.com\/wp-content\/uploads\/2022\/04\/chorizo-ib-bellota-fisan-600x600-1-300x300.jpg\" alt=\"Chorizo Joselito\" width=\"300\" height=\"300\" srcset=\"https:\/\/jamonesibericosmadrid.com\/wp-content\/uploads\/2022\/04\/chorizo-ib-bellota-fisan-600x600-1-66x66.jpg 66w, https:\/\/jamonesibericosmadrid.com\/wp-content\/uploads\/2022\/04\/chorizo-ib-bellota-fisan-600x600-1-100x100.jpg 100w, https:\/\/jamonesibericosmadrid.com\/wp-content\/uploads\/2022\/04\/chorizo-ib-bellota-fisan-600x600-1-150x150.jpg 150w, https:\/\/jamonesibericosmadrid.com\/wp-content\/uploads\/2022\/04\/chorizo-ib-bellota-fisan-600x600-1-200x200.jpg 200w, https:\/\/jamonesibericosmadrid.com\/wp-content\/uploads\/2022\/04\/chorizo-ib-bellota-fisan-600x600-1-300x300.jpg 300w, https:\/\/jamonesibericosmadrid.com\/wp-content\/uploads\/2022\/04\/chorizo-ib-bellota-fisan-600x600-1-400x400.jpg 400w, https:\/\/jamonesibericosmadrid.com\/wp-content\/uploads\/2022\/04\/chorizo-ib-bellota-fisan-600x600-1-500x500.jpg 500w, https:\/\/jamonesibericosmadrid.com\/wp-content\/uploads\/2022\/04\/chorizo-ib-bellota-fisan-600x600-1.jpg 600w\" sizes=\"(max-width: 300px) 100vw, 300px\" \/><p id=\"caption-attachment-6331\" class=\"wp-caption-text\">Chorizo Joselito<\/p><\/div>\n<p>Ingr\u00e9dients: viande maigre de porc, sel marin, ail, paprika et sucre. Sans gluten ni lactose.<\/p>\n","protected":false},"excerpt":{"rendered":"<h2>Chorizo Joselito<\/h2>\n<p>Chorizo \u00e9labor\u00e9 de fa\u00e7on artisanale \u00e0 base de pi\u00e8ces nobles, en m\u00e9langeant des viandes hach\u00e9es provenant exclusiment de porcs ib\u00e9riques, assaisonn\u00e9es de sel marin, paprika, ail et sucre.<\/p>\n","protected":false},"featured_media":901,"comment_status":"open","ping_status":"closed","template":"","meta":[],"product_brand":[],"product_cat":[64],"product_tag":[],"class_list":{"0":"post-1200","1":"product","2":"type-product","3":"status-publish","4":"has-post-thumbnail","6":"product_cat-charcuterie-iberique","7":"tm-no-options","9":"first","10":"instock","11":"taxable","12":"shipping-taxable","13":"purchasable","14":"product-type-variable"},"_links":{"self":[{"href":"https:\/\/jamonesibericosmadrid.com\/fr\/wp-json\/wp\/v2\/product\/1200","targetHints":{"allow":["GET"]}}],"collection":[{"href":"https:\/\/jamonesibericosmadrid.com\/fr\/wp-json\/wp\/v2\/product"}],"about":[{"href":"https:\/\/jamonesibericosmadrid.com\/fr\/wp-json\/wp\/v2\/types\/product"}],"replies":[{"embeddable":true,"href":"https:\/\/jamonesibericosmadrid.com\/fr\/wp-json\/wp\/v2\/comments?post=1200"}],"wp:featuredmedia":[{"embeddable":true,"href":"https:\/\/jamonesibericosmadrid.com\/fr\/wp-json\/wp\/v2\/media\/901"}],"wp:attachment":[{"href":"https:\/\/jamonesibericosmadrid.com\/fr\/wp-json\/wp\/v2\/media?parent=1200"}],"wp:term":[{"taxonomy":"product_brand","embeddable":true,"href":"https:\/\/jamonesibericosmadrid.com\/fr\/wp-json\/wp\/v2\/product_brand?post=1200"},{"taxonomy":"product_cat","embeddable":true,"href":"https:\/\/jamonesibericosmadrid.com\/fr\/wp-json\/wp\/v2\/product_cat?post=1200"},{"taxonomy":"product_tag","embeddable":true,"href":"https:\/\/jamonesibericosmadrid.com\/fr\/wp-json\/wp\/v2\/product_tag?post=1200"}],"curies":[{"name":"wp","href":"https:\/\/api.w.org\/{rel}","templated":true}]}}