{"id":1208,"date":"2018-02-28T13:15:47","date_gmt":"2018-02-28T12:15:47","guid":{"rendered":"https:\/\/jamonesibericosmadrid.com\/product\/longaniza-joselito\/"},"modified":"2025-12-02T15:12:56","modified_gmt":"2025-12-02T14:12:56","slug":"petit-chorizo-joselito","status":"publish","type":"product","link":"https:\/\/jamonesibericosmadrid.com\/fr\/producto\/petit-chorizo-joselito\/","title":{"rendered":"Petit Chorizo Joselito"},"content":{"rendered":"<h2>Petit Chorizo Joselito<\/h2>\n<p>Petit Chorizo Joselito (Ce que l&rsquo;on comprend par \u00ab\u00a0longaniza\u00a0\u00bb), c&rsquo;est un m\u00e9lange de viandes hach\u00e9es de provenant exclusivement de porc, \u00e9mulsionn\u00e9 avec du sel marin, du paprika, de l&rsquo;ail et du sucre. Ce m\u00e9lange est ensuite mis en forme et subit un proc\u00e9d\u00e9 de s\u00e9chage-maturation qui lui apporte sa couleur rouge,\u00a0 son ar\u00f4me et sa saveur caract\u00e9ristiques. Ce proc\u00e9d\u00e9 dure environ trois mois.<\/p>\n<p>Ingr\u00e9dients : viande maigre de porc, sel marin, ail, paprika et sucre. Sans gluten ni lactose.<\/p>\n<p>Emballage sous-vide: 290-300gr.<\/p>\n","protected":false},"excerpt":{"rendered":"<h3>Petit Chorizo Joselito<\/h3>\n<p>Ce que l&rsquo;on comprend par \u00ab\u00a0longaniza\u00a0\u00bb, c&rsquo;est un m\u00e9lange de viandes hach\u00e9es de provenant exclusivement de porc, \u00e9mulsionn\u00e9 avec du sel marin, du paprika, de l&rsquo;ail et du sucre.<\/p>\n","protected":false},"featured_media":893,"comment_status":"open","ping_status":"closed","template":"","meta":[],"product_brand":[],"product_cat":[64],"product_tag":[],"class_list":{"0":"post-1208","1":"product","2":"type-product","3":"status-publish","4":"has-post-thumbnail","6":"product_cat-charcuterie-iberique","7":"tm-no-options","9":"first","10":"instock","11":"taxable","12":"shipping-taxable","13":"purchasable","14":"product-type-simple"},"_links":{"self":[{"href":"https:\/\/jamonesibericosmadrid.com\/fr\/wp-json\/wp\/v2\/product\/1208","targetHints":{"allow":["GET"]}}],"collection":[{"href":"https:\/\/jamonesibericosmadrid.com\/fr\/wp-json\/wp\/v2\/product"}],"about":[{"href":"https:\/\/jamonesibericosmadrid.com\/fr\/wp-json\/wp\/v2\/types\/product"}],"replies":[{"embeddable":true,"href":"https:\/\/jamonesibericosmadrid.com\/fr\/wp-json\/wp\/v2\/comments?post=1208"}],"wp:featuredmedia":[{"embeddable":true,"href":"https:\/\/jamonesibericosmadrid.com\/fr\/wp-json\/wp\/v2\/media\/893"}],"wp:attachment":[{"href":"https:\/\/jamonesibericosmadrid.com\/fr\/wp-json\/wp\/v2\/media?parent=1208"}],"wp:term":[{"taxonomy":"product_brand","embeddable":true,"href":"https:\/\/jamonesibericosmadrid.com\/fr\/wp-json\/wp\/v2\/product_brand?post=1208"},{"taxonomy":"product_cat","embeddable":true,"href":"https:\/\/jamonesibericosmadrid.com\/fr\/wp-json\/wp\/v2\/product_cat?post=1208"},{"taxonomy":"product_tag","embeddable":true,"href":"https:\/\/jamonesibericosmadrid.com\/fr\/wp-json\/wp\/v2\/product_tag?post=1208"}],"curies":[{"name":"wp","href":"https:\/\/api.w.org\/{rel}","templated":true}]}}