{"id":1215,"date":"2018-02-28T12:59:16","date_gmt":"2018-02-28T11:59:16","guid":{"rendered":"https:\/\/jamonesibericosmadrid.com\/product\/saucisson-iberique-de-bellota-trufee-en-boyau-naturel-gabriel-castano\/"},"modified":"2024-02-21T17:51:21","modified_gmt":"2024-02-21T16:51:21","slug":"saucisson-iberique-de-bellota-trufee-en-boyau-naturel","status":"publish","type":"product","link":"https:\/\/jamonesibericosmadrid.com\/fr\/producto\/saucisson-iberique-de-bellota-trufee-en-boyau-naturel\/","title":{"rendered":"Saucisson ib\u00e9rique de bellota trufee en boyau naturel"},"content":{"rendered":"<h3>Saucisson ib\u00e9rique de bellota trufee en boyau naturel<\/h3>\n<p>Ce produit est id\u00e9al pour appr\u00e9cier la saveur du porc ib\u00e9rique. Les viandes sont class\u00e9es par cat\u00e9gorie, pass\u00e9es en revue puis d\u00e9coup\u00e9es \u00e0 la main, afin d&rsquo;obtenir un \u00e9quilibre entre viandes maigres et grasses, et un ensemble onctueux et doux dans lequel on distingue la saveur discr\u00e8te des \u00e9pices. Le produit est introduit dans un boyau naturel et li\u00e9 \u00e0 la main pour achever sa maturation dans des s\u00e9choirs\u00a0 et des caves naturels, gr\u00e2ce \u00e0 un proc\u00e9d\u00e9 lent et respectueux qui lui conf\u00e8re sa saveur et sa\u00a0 texture tendre et moelleuse caract\u00e9ristiques.<\/p>\n<p>Ingr\u00e9dients : boyau 100% naturel, sel, trufe , poivre, sucre et dextreose.<\/p>\n","protected":false},"excerpt":{"rendered":"<h3>Saucisson ib\u00e9rique de bellota trufee en boyau naturel<\/h3>\n<p>Ce produit est id\u00e9al pour appr\u00e9cier la saveur du porc ib\u00e9rique.<\/p>\n","protected":false},"featured_media":889,"comment_status":"open","ping_status":"closed","template":"","meta":[],"product_brand":[],"product_cat":[64],"product_tag":[],"class_list":{"0":"post-1215","1":"product","2":"type-product","3":"status-publish","4":"has-post-thumbnail","6":"product_cat-charcuterie-iberique","7":"tm-no-options","9":"first","10":"instock","11":"taxable","12":"shipping-taxable","13":"purchasable","14":"product-type-variable"},"_links":{"self":[{"href":"https:\/\/jamonesibericosmadrid.com\/fr\/wp-json\/wp\/v2\/product\/1215","targetHints":{"allow":["GET"]}}],"collection":[{"href":"https:\/\/jamonesibericosmadrid.com\/fr\/wp-json\/wp\/v2\/product"}],"about":[{"href":"https:\/\/jamonesibericosmadrid.com\/fr\/wp-json\/wp\/v2\/types\/product"}],"replies":[{"embeddable":true,"href":"https:\/\/jamonesibericosmadrid.com\/fr\/wp-json\/wp\/v2\/comments?post=1215"}],"wp:featuredmedia":[{"embeddable":true,"href":"https:\/\/jamonesibericosmadrid.com\/fr\/wp-json\/wp\/v2\/media\/889"}],"wp:attachment":[{"href":"https:\/\/jamonesibericosmadrid.com\/fr\/wp-json\/wp\/v2\/media?parent=1215"}],"wp:term":[{"taxonomy":"product_brand","embeddable":true,"href":"https:\/\/jamonesibericosmadrid.com\/fr\/wp-json\/wp\/v2\/product_brand?post=1215"},{"taxonomy":"product_cat","embeddable":true,"href":"https:\/\/jamonesibericosmadrid.com\/fr\/wp-json\/wp\/v2\/product_cat?post=1215"},{"taxonomy":"product_tag","embeddable":true,"href":"https:\/\/jamonesibericosmadrid.com\/fr\/wp-json\/wp\/v2\/product_tag?post=1215"}],"curies":[{"name":"wp","href":"https:\/\/api.w.org\/{rel}","templated":true}]}}