{"id":1226,"date":"2018-02-28T12:50:16","date_gmt":"2018-02-28T11:50:16","guid":{"rendered":"https:\/\/jamonesibericosmadrid.com\/product\/chorizo-iberique-de-bellota-vela-picante-gabriel-castano\/"},"modified":"2024-04-21T19:19:21","modified_gmt":"2024-04-21T17:19:21","slug":"chorizo-iberique-de-bellota-epice","status":"publish","type":"product","link":"https:\/\/jamonesibericosmadrid.com\/fr\/producto\/chorizo-iberique-de-bellota-epice\/","title":{"rendered":"Chorizo ib\u00e9rique de bellota \u00e9pic\u00e9"},"content":{"rendered":"<h1>Chorizo ib\u00e9rique de bellota \u00e9pic\u00e9<\/h1>\n<p>C&rsquo;est le fr\u00e8re de petit format du chorizo, (pi\u00e8ces d&rsquo;environ 300gr). Pendant plusieurs jours, les morceaux de viande maigre et grasse sont mis \u00e0 reposer \u00e0 froid dans une marinade compos\u00e9e de sel, paprika, ail et sucre. On l&rsquo;\u00e9labore avec une viande grossi\u00e8rement hach\u00e9e, introduite dans un boyau de porc naturel. D&rsquo;un go\u00fbt intense, il pr\u00e9sente la saveur reconnaissable du paprika l\u00e9g\u00e8rement piquant qu&rsquo;il contient.<\/p>\n<p>Ingr\u00e9dients : viande maigre de porc ib\u00e9rique s\u00e9lectionn\u00e9e, sel marin, ail et paprika. Sans gluten.<\/p>\n<p>Pi\u00e8ces d&rsquo;environ 300-350 gr. emball\u00e9es sous-vide.<\/p>\n","protected":false},"excerpt":{"rendered":"<h2>Chorizo ib\u00e9rique de bellota \u00e9pic\u00e9<\/h2>\n<p>C&rsquo;est le fr\u00e8re de petit format du chorizo, (pi\u00e8ces d&rsquo;environ 300gr). Pendant plusieurs jours, les morceaux de viande maigre et grasse sont mis \u00e0 reposer \u00e0 froid dans une marinade compos\u00e9e de sel, paprika, ail et sucre.<\/p>\n","protected":false},"featured_media":871,"comment_status":"open","ping_status":"closed","template":"","meta":[],"product_brand":[],"product_cat":[64],"product_tag":[],"class_list":{"0":"post-1226","1":"product","2":"type-product","3":"status-publish","4":"has-post-thumbnail","6":"product_cat-charcuterie-iberique","7":"tm-no-options","9":"first","10":"instock","11":"taxable","12":"shipping-taxable","13":"purchasable","14":"product-type-simple"},"_links":{"self":[{"href":"https:\/\/jamonesibericosmadrid.com\/fr\/wp-json\/wp\/v2\/product\/1226","targetHints":{"allow":["GET"]}}],"collection":[{"href":"https:\/\/jamonesibericosmadrid.com\/fr\/wp-json\/wp\/v2\/product"}],"about":[{"href":"https:\/\/jamonesibericosmadrid.com\/fr\/wp-json\/wp\/v2\/types\/product"}],"replies":[{"embeddable":true,"href":"https:\/\/jamonesibericosmadrid.com\/fr\/wp-json\/wp\/v2\/comments?post=1226"}],"wp:featuredmedia":[{"embeddable":true,"href":"https:\/\/jamonesibericosmadrid.com\/fr\/wp-json\/wp\/v2\/media\/871"}],"wp:attachment":[{"href":"https:\/\/jamonesibericosmadrid.com\/fr\/wp-json\/wp\/v2\/media?parent=1226"}],"wp:term":[{"taxonomy":"product_brand","embeddable":true,"href":"https:\/\/jamonesibericosmadrid.com\/fr\/wp-json\/wp\/v2\/product_brand?post=1226"},{"taxonomy":"product_cat","embeddable":true,"href":"https:\/\/jamonesibericosmadrid.com\/fr\/wp-json\/wp\/v2\/product_cat?post=1226"},{"taxonomy":"product_tag","embeddable":true,"href":"https:\/\/jamonesibericosmadrid.com\/fr\/wp-json\/wp\/v2\/product_tag?post=1226"}],"curies":[{"name":"wp","href":"https:\/\/api.w.org\/{rel}","templated":true}]}}