{"id":1245,"date":"2018-02-20T09:23:48","date_gmt":"2018-02-20T08:23:48","guid":{"rendered":"https:\/\/jamonesibericosmadrid.com\/product\/jambon-iberique-de-bellota-denomination-dorigine-guijuelo-etiquette-rouge-grande-selection\/"},"modified":"2023-11-07T18:52:15","modified_gmt":"2023-11-07T17:52:15","slug":"jambon-iberique-de-bellota-vintage-2019","status":"publish","type":"product","link":"https:\/\/jamonesibericosmadrid.com\/fr\/producto\/jambon-iberique-de-bellota-vintage-2019\/","title":{"rendered":"Jambon ib\u00e9rique de bellota Vintage 2019"},"content":{"rendered":"<h2>Jambon ib\u00e9rique de bellota Vintage 2019<\/h2>\n<p>Jambon ib\u00e9rique de bellota d\u00e9nomination d&rsquo;origine Guijuelo Etiquette Rouge, Grande Selection. Affinages de 50-60 mois et \u00e9levage en libert\u00e9 et alimentation aux glands (bellotas)<br \/>\nLe producteur veille strictement \u00e0 la qualit\u00e9 des jambons de cette appellation.Cela donne comme r\u00e9sultat les jambons doux et aromatiques de la commune de Guijelo, r\u00e9gion de Salamanca.\u201cQualit\u00e9 certifi\u00e9e\u201d.<\/p>\n<p>Ingr\u00e9dients. jambon de porc ib\u00e9rique , sel marin, conservateurs E250, E252.<\/p>\n","protected":false},"excerpt":{"rendered":"<h2>Jambon ib\u00e9rique de bellota Vintage 2019<\/h2>\n<p>Jambon ib\u00e9rique de bellota d\u00e9nomination d&rsquo;origine Guijuelo Etiquette Rouge, Grande Selection. \u201cQualit\u00e9 certifi\u00e9e\u201d<\/p>\n","protected":false},"featured_media":5082,"comment_status":"open","ping_status":"closed","template":"","meta":[],"product_brand":[],"product_cat":[333,66],"product_tag":[],"class_list":{"0":"post-1245","1":"product","2":"type-product","3":"status-publish","4":"has-post-thumbnail","6":"product_cat-entiers","7":"product_cat-jambon-iberique","8":"tm-has-options","10":"first","11":"outofstock","12":"taxable","13":"shipping-taxable","14":"purchasable","15":"product-type-variable","16":"has-default-attributes"},"_links":{"self":[{"href":"https:\/\/jamonesibericosmadrid.com\/fr\/wp-json\/wp\/v2\/product\/1245","targetHints":{"allow":["GET"]}}],"collection":[{"href":"https:\/\/jamonesibericosmadrid.com\/fr\/wp-json\/wp\/v2\/product"}],"about":[{"href":"https:\/\/jamonesibericosmadrid.com\/fr\/wp-json\/wp\/v2\/types\/product"}],"replies":[{"embeddable":true,"href":"https:\/\/jamonesibericosmadrid.com\/fr\/wp-json\/wp\/v2\/comments?post=1245"}],"wp:featuredmedia":[{"embeddable":true,"href":"https:\/\/jamonesibericosmadrid.com\/fr\/wp-json\/wp\/v2\/media\/5082"}],"wp:attachment":[{"href":"https:\/\/jamonesibericosmadrid.com\/fr\/wp-json\/wp\/v2\/media?parent=1245"}],"wp:term":[{"taxonomy":"product_brand","embeddable":true,"href":"https:\/\/jamonesibericosmadrid.com\/fr\/wp-json\/wp\/v2\/product_brand?post=1245"},{"taxonomy":"product_cat","embeddable":true,"href":"https:\/\/jamonesibericosmadrid.com\/fr\/wp-json\/wp\/v2\/product_cat?post=1245"},{"taxonomy":"product_tag","embeddable":true,"href":"https:\/\/jamonesibericosmadrid.com\/fr\/wp-json\/wp\/v2\/product_tag?post=1245"}],"curies":[{"name":"wp","href":"https:\/\/api.w.org\/{rel}","templated":true}]}}