{"id":1259,"date":"2018-02-20T09:38:28","date_gmt":"2018-02-20T08:38:28","guid":{"rendered":"https:\/\/jamonesibericosmadrid.com\/product\/jambon-joselito-grande-reserve\/"},"modified":"2024-02-28T13:26:38","modified_gmt":"2024-02-28T12:26:38","slug":"jambon-joselito-grande-reserve","status":"publish","type":"product","link":"https:\/\/jamonesibericosmadrid.com\/fr\/producto\/jambon-joselito-grande-reserve\/","title":{"rendered":"Jambon Joselito Grande r\u00e9serve 2018"},"content":{"rendered":"<h2>Jambon Joselito Grande r\u00e9serve 2018<\/h2>\n<p>De Guijelo, r\u00e9gion de Salamanque. Ces jambons proviennent de porcs ib\u00e9riques \u00e9lev\u00e9s en r\u00e9gime de libert\u00e9 dans des domaines appartenant \u00e0 la marque Joselito dont les s\u00e9choirs et les caves naturelles permettent de donner de la rondeur et d&rsquo;affiner la maturation pendant des p\u00e9riodes qui vont parfois jusqu&rsquo;\u00e0 4 ann\u00e9es. La graisse est de consistance souple et onctueuse avec des tons ros\u00e9s. La chair pr\u00e9sente de nombreuses veines de graisse brillante. S\u00e9chage sup\u00e9rieur \u00e0 3 ann\u00e9es.<\/p>\n<div class=\"description-main\"><b>Le jambon Joselito<\/b>\u00a0ne ressemble \u00e0 aucun autre. De forme allong\u00e9e et stylis\u00e9e, sa viande odorante et d\u00e9licate pr\u00e9sente une apparence brillante, entre le rose et le rouge pourpre.<\/div>\n<div class=\"description-value\">\n<p>Elle est finement entrecoup\u00e9e de graisse de gland qui lui donne une apparence marbr\u00e9e et une texture fine et juteuse. La graisse est l&rsquo;un des secrets les plus pr\u00e9cieux du jambon ib\u00e9rique, car elle est tr\u00e8s parfum\u00e9e et tellement onctueuse qu&rsquo;elle fond dans la bouche en inondant le palais d&rsquo;une saveur incomparable, riche en nuances, intense et prolong\u00e9e.<\/p>\n<p>De plus, le jambon Joselito est riche en prot\u00e9ines et contient de la vitamine B1, du fer, du zinc et du magn\u00e9sium, il s&rsquo;agit d&rsquo;un aliment totalement naturel.<\/p>\n<\/div>\n<p>Ingr\u00e9dients. jambon de porc ib\u00e9rique pur, sel marin. Sans conservateurs, ni colorants. Ne contient ni gluten, ni lactose.<\/p>\n","protected":false},"excerpt":{"rendered":"<h2>Jambon Joselito Grande r\u00e9serve 2018<\/h2>\n<p>De Guijelo, r\u00e9gion de Salamanque. es jambons proviennent de porcs ib\u00e9riques \u00e9lev\u00e9s en r\u00e9gime de libert\u00e9 dans des domaines appartenant \u00e0 la marque Joselito dont<\/p>\n","protected":false},"featured_media":697,"comment_status":"open","ping_status":"closed","template":"","meta":[],"product_brand":[],"product_cat":[333,66],"product_tag":[],"class_list":{"0":"post-1259","1":"product","2":"type-product","3":"status-publish","4":"has-post-thumbnail","6":"product_cat-entiers","7":"product_cat-jambon-iberique","8":"tm-has-options","10":"first","11":"outofstock","12":"taxable","13":"shipping-taxable","14":"purchasable","15":"product-type-variable","16":"has-default-attributes"},"_links":{"self":[{"href":"https:\/\/jamonesibericosmadrid.com\/fr\/wp-json\/wp\/v2\/product\/1259","targetHints":{"allow":["GET"]}}],"collection":[{"href":"https:\/\/jamonesibericosmadrid.com\/fr\/wp-json\/wp\/v2\/product"}],"about":[{"href":"https:\/\/jamonesibericosmadrid.com\/fr\/wp-json\/wp\/v2\/types\/product"}],"replies":[{"embeddable":true,"href":"https:\/\/jamonesibericosmadrid.com\/fr\/wp-json\/wp\/v2\/comments?post=1259"}],"wp:featuredmedia":[{"embeddable":true,"href":"https:\/\/jamonesibericosmadrid.com\/fr\/wp-json\/wp\/v2\/media\/697"}],"wp:attachment":[{"href":"https:\/\/jamonesibericosmadrid.com\/fr\/wp-json\/wp\/v2\/media?parent=1259"}],"wp:term":[{"taxonomy":"product_brand","embeddable":true,"href":"https:\/\/jamonesibericosmadrid.com\/fr\/wp-json\/wp\/v2\/product_brand?post=1259"},{"taxonomy":"product_cat","embeddable":true,"href":"https:\/\/jamonesibericosmadrid.com\/fr\/wp-json\/wp\/v2\/product_cat?post=1259"},{"taxonomy":"product_tag","embeddable":true,"href":"https:\/\/jamonesibericosmadrid.com\/fr\/wp-json\/wp\/v2\/product_tag?post=1259"}],"curies":[{"name":"wp","href":"https:\/\/api.w.org\/{rel}","templated":true}]}}