{"id":1276,"date":"2018-02-28T11:31:03","date_gmt":"2018-02-28T10:31:03","guid":{"rendered":"https:\/\/jamonesibericosmadrid.com\/product\/jambon-iberique-48-mois-pedro-nieto\/"},"modified":"2026-04-08T13:45:35","modified_gmt":"2026-04-08T11:45:35","slug":"jambon-iberique-appellation-cebo-de-campo","status":"publish","type":"product","link":"https:\/\/jamonesibericosmadrid.com\/fr\/producto\/jambon-iberique-appellation-cebo-de-campo\/","title":{"rendered":"Jambon 75% ib\u00e9rique appellation \u00ab cebo de campo \u00bb"},"content":{"rendered":"<h2>Jambon 75% ib\u00e9rique appellation \u00ab cebo de campo \u00bb<\/h2>\n<p>Ce jambon ib\u00e9rique provient de porcs adultes de race ib\u00e9rique, nourris avec des aliments naturels. A la coupe, il pr\u00e9sente une grande vari\u00e9t\u00e9 de nuances ros\u00e9es et entrelard\u00e9es auxquelles s&rsquo;associe un excellent ar\u00f4me d\u00fb \u00e0 plus de quatre ann\u00e9es de s\u00e9chage. Ce sont des pi\u00e8ces de grande taille, de 8 \u00e0 9 kg.<\/p>\n","protected":false},"excerpt":{"rendered":"<h3>Jambon 75% ib\u00e9rique appellation \u00ab cebo de campo \u00bb<\/h3>\n<p>Ce jambon ib\u00e9rique provient de porcs adultes de race ib\u00e9rique, nourris avec des aliments naturels.<\/p>\n","protected":false},"featured_media":8245,"comment_status":"open","ping_status":"closed","template":"","meta":[],"product_brand":[],"product_cat":[66,333],"product_tag":[],"class_list":{"0":"post-1276","1":"product","2":"type-product","3":"status-publish","4":"has-post-thumbnail","6":"product_cat-jambon-iberique","7":"product_cat-entiers","8":"tm-has-options","10":"first","11":"instock","12":"taxable","13":"shipping-taxable","14":"purchasable","15":"product-type-variable","16":"has-default-attributes"},"_links":{"self":[{"href":"https:\/\/jamonesibericosmadrid.com\/fr\/wp-json\/wp\/v2\/product\/1276","targetHints":{"allow":["GET"]}}],"collection":[{"href":"https:\/\/jamonesibericosmadrid.com\/fr\/wp-json\/wp\/v2\/product"}],"about":[{"href":"https:\/\/jamonesibericosmadrid.com\/fr\/wp-json\/wp\/v2\/types\/product"}],"replies":[{"embeddable":true,"href":"https:\/\/jamonesibericosmadrid.com\/fr\/wp-json\/wp\/v2\/comments?post=1276"}],"wp:featuredmedia":[{"embeddable":true,"href":"https:\/\/jamonesibericosmadrid.com\/fr\/wp-json\/wp\/v2\/media\/8245"}],"wp:attachment":[{"href":"https:\/\/jamonesibericosmadrid.com\/fr\/wp-json\/wp\/v2\/media?parent=1276"}],"wp:term":[{"taxonomy":"product_brand","embeddable":true,"href":"https:\/\/jamonesibericosmadrid.com\/fr\/wp-json\/wp\/v2\/product_brand?post=1276"},{"taxonomy":"product_cat","embeddable":true,"href":"https:\/\/jamonesibericosmadrid.com\/fr\/wp-json\/wp\/v2\/product_cat?post=1276"},{"taxonomy":"product_tag","embeddable":true,"href":"https:\/\/jamonesibericosmadrid.com\/fr\/wp-json\/wp\/v2\/product_tag?post=1276"}],"curies":[{"name":"wp","href":"https:\/\/api.w.org\/{rel}","templated":true}]}}