{"id":1288,"date":"2018-02-28T11:45:05","date_gmt":"2018-02-28T10:45:05","guid":{"rendered":"https:\/\/jamonesibericosmadrid.com\/product\/jambon-iberique-appellation-cebo-de-campo-de-gabriel-castano\/"},"modified":"2024-03-11T17:35:30","modified_gmt":"2024-03-11T16:35:30","slug":"jambon-100-iberique-appellation-cebo-de-campo-de-gabriel-castano","status":"publish","type":"product","link":"https:\/\/jamonesibericosmadrid.com\/fr\/producto\/jambon-100-iberique-appellation-cebo-de-campo-de-gabriel-castano\/","title":{"rendered":"Jambon 100% ib\u00e9rique appellation \u00ab\u00a0cebo de campo\u00a0\u00bb de Gabriel Casta\u00f1o"},"content":{"rendered":"<h2>Jambon 100% ib\u00e9rique appellation \u00ab\u00a0cebo de campo\u00a0\u00bb de Gabriel Casta\u00f1o<\/h2>\n<p>Le jambon ib\u00e9rique appellation \u00ab\u00a0cebo de campo\u00a0\u00bb (autrefois connu comme \u00ab\u00a0recebo\u00a0\u00bb), fait l&rsquo;objet des m\u00eames soins et d&rsquo;un proc\u00e9d\u00e9 d&rsquo;\u00e9laboration en tous points similaire au jambon de bellota. C&rsquo;est un produit qui n&rsquo;est pas aussi exclusif car les porcs n&rsquo;occupent pas le m\u00eame espace sur le domaine, et la dur\u00e9e d&rsquo;\u00e9levage et de s\u00e9chage n&rsquo;est pas la m\u00eame. Mais cela reste un jambon ib\u00e9rique Pata Negra obtenu avec l&rsquo;unique aide du temps et du sel. Sans agents nitrifiants, lactose, gluten ni allerg\u00e8nes.<\/p>\n<p>Originaire de Cumbres Mayores avec une dur\u00e9e de s\u00e9chage de 24 \u00e0 36 mois.<\/p>\n<p>Ingr\u00e9dients: jambon de porc ib\u00e9rique, sel marin et temps. Sans agents nitrifiants, lactose, gluten ni allerg\u00e8nes.<\/p>\n","protected":false},"excerpt":{"rendered":"<h3>Jambon 100% ib\u00e9rique appellation \u00ab\u00a0cebo de campo\u00a0\u00bb de Gabriel Casta\u00f1o<\/h3>\n<p>Le jambon ib\u00e9rique appellation \u00ab\u00a0cebo de campo\u00a0\u00bb (autrefois connu comme \u00ab\u00a0recebo\u00a0\u00bb), fait l&rsquo;objet des m\u00eames soins<\/p>\n","protected":false},"featured_media":8232,"comment_status":"open","ping_status":"closed","template":"","meta":[],"product_brand":[],"product_cat":[66,333],"product_tag":[],"class_list":{"0":"post-1288","1":"product","2":"type-product","3":"status-publish","4":"has-post-thumbnail","6":"product_cat-jambon-iberique","7":"product_cat-entiers","8":"tm-has-options","10":"first","11":"instock","12":"taxable","13":"shipping-taxable","14":"purchasable","15":"product-type-variable"},"_links":{"self":[{"href":"https:\/\/jamonesibericosmadrid.com\/fr\/wp-json\/wp\/v2\/product\/1288","targetHints":{"allow":["GET"]}}],"collection":[{"href":"https:\/\/jamonesibericosmadrid.com\/fr\/wp-json\/wp\/v2\/product"}],"about":[{"href":"https:\/\/jamonesibericosmadrid.com\/fr\/wp-json\/wp\/v2\/types\/product"}],"replies":[{"embeddable":true,"href":"https:\/\/jamonesibericosmadrid.com\/fr\/wp-json\/wp\/v2\/comments?post=1288"}],"wp:featuredmedia":[{"embeddable":true,"href":"https:\/\/jamonesibericosmadrid.com\/fr\/wp-json\/wp\/v2\/media\/8232"}],"wp:attachment":[{"href":"https:\/\/jamonesibericosmadrid.com\/fr\/wp-json\/wp\/v2\/media?parent=1288"}],"wp:term":[{"taxonomy":"product_brand","embeddable":true,"href":"https:\/\/jamonesibericosmadrid.com\/fr\/wp-json\/wp\/v2\/product_brand?post=1288"},{"taxonomy":"product_cat","embeddable":true,"href":"https:\/\/jamonesibericosmadrid.com\/fr\/wp-json\/wp\/v2\/product_cat?post=1288"},{"taxonomy":"product_tag","embeddable":true,"href":"https:\/\/jamonesibericosmadrid.com\/fr\/wp-json\/wp\/v2\/product_tag?post=1288"}],"curies":[{"name":"wp","href":"https:\/\/api.w.org\/{rel}","templated":true}]}}