{"id":1315,"date":"2018-02-28T12:09:26","date_gmt":"2018-02-28T11:09:26","guid":{"rendered":"https:\/\/jamonesibericosmadrid.com\/product\/jambon-iberique-pur-10-veines-jabugo-a-letat-pur\/"},"modified":"2024-12-04T13:14:32","modified_gmt":"2024-12-04T12:14:32","slug":"jambon-iberique-pur-10-veines-jabugo-a-letat-pur","status":"publish","type":"product","link":"https:\/\/jamonesibericosmadrid.com\/fr\/producto\/jambon-iberique-pur-10-veines-jabugo-a-letat-pur\/","title":{"rendered":"Jambon 100%  ib\u00e9rique 959 : \u00ab\u00a0Jabugo \u00e0 l&rsquo;\u00e9tat pur\u00a0\u00bb"},"content":{"rendered":"<h3>Jambon 100% ib\u00e9rique 959 : \u00ab\u00a0Jabugo \u00e0 l&rsquo;\u00e9tat pur\u00a0\u00bb<\/h3>\n<p>Jambon de Jabugo qui provient de porcs 100% ib\u00e9riques nourris avec des glands lors de la saison. Les animaux sont \u00e9lev\u00e9s en totale libert\u00e9 dans les domaines de la Sierra de Huelva. C&rsquo;est la combinaison d&rsquo;une alimentation naturelle et du mouvement \u00e0 l&rsquo;air libre dans un environnment idyllique qui donne cette saveur unique.<\/p>\n<p>Ingr\u00e9dients : jambon de porc ib\u00e9rique pur, sel marin, sucre,\u00a0 correcteur d&rsquo;acidit\u00e9 E331, conservateurs.<\/p>\n","protected":false},"excerpt":{"rendered":"<h3>Jambon 100% ib\u00e9rique 959 : \u00ab\u00a0Jabugo \u00e0 l&rsquo;\u00e9tat pur\u00a0\u00bb<\/h3>\n<p>Jambon de Jabugo qui provient de porcs 100% ib\u00e9riques nourris avec des glands lors de la saison.<\/p>\n","protected":false},"featured_media":8219,"comment_status":"open","ping_status":"closed","template":"","meta":[],"product_brand":[],"product_cat":[333,66,203],"product_tag":[],"class_list":{"0":"post-1315","1":"product","2":"type-product","3":"status-publish","4":"has-post-thumbnail","6":"product_cat-entiers","7":"product_cat-jambon-iberique","8":"product_cat-les-offres","9":"tm-has-options","11":"first","12":"outofstock","13":"taxable","14":"shipping-taxable","15":"purchasable","16":"product-type-variable"},"_links":{"self":[{"href":"https:\/\/jamonesibericosmadrid.com\/fr\/wp-json\/wp\/v2\/product\/1315","targetHints":{"allow":["GET"]}}],"collection":[{"href":"https:\/\/jamonesibericosmadrid.com\/fr\/wp-json\/wp\/v2\/product"}],"about":[{"href":"https:\/\/jamonesibericosmadrid.com\/fr\/wp-json\/wp\/v2\/types\/product"}],"replies":[{"embeddable":true,"href":"https:\/\/jamonesibericosmadrid.com\/fr\/wp-json\/wp\/v2\/comments?post=1315"}],"wp:featuredmedia":[{"embeddable":true,"href":"https:\/\/jamonesibericosmadrid.com\/fr\/wp-json\/wp\/v2\/media\/8219"}],"wp:attachment":[{"href":"https:\/\/jamonesibericosmadrid.com\/fr\/wp-json\/wp\/v2\/media?parent=1315"}],"wp:term":[{"taxonomy":"product_brand","embeddable":true,"href":"https:\/\/jamonesibericosmadrid.com\/fr\/wp-json\/wp\/v2\/product_brand?post=1315"},{"taxonomy":"product_cat","embeddable":true,"href":"https:\/\/jamonesibericosmadrid.com\/fr\/wp-json\/wp\/v2\/product_cat?post=1315"},{"taxonomy":"product_tag","embeddable":true,"href":"https:\/\/jamonesibericosmadrid.com\/fr\/wp-json\/wp\/v2\/product_tag?post=1315"}],"curies":[{"name":"wp","href":"https:\/\/api.w.org\/{rel}","templated":true}]}}