{"id":1323,"date":"2018-02-28T12:21:29","date_gmt":"2018-02-28T11:21:29","guid":{"rendered":"https:\/\/jamonesibericosmadrid.com\/product\/jambon-iberique-de-bellota-5-jotas\/"},"modified":"2025-11-24T14:37:44","modified_gmt":"2025-11-24T13:37:44","slug":"jambon-5-jotas","status":"publish","type":"product","link":"https:\/\/jamonesibericosmadrid.com\/fr\/producto\/jambon-5-jotas\/","title":{"rendered":"Jambon 5 Jotas"},"content":{"rendered":"<h1>Jambon 5 Jotas<\/h1>\n<p>Cette marque est un vrai mythe dans le monde du jambon. Cela fait 130 ans que ces c\u00e9l\u00e8bres jambons de<a href=\"https:\/\/es.wikipedia.org\/wiki\/Jabugo\" target=\"_blank\" rel=\"noopener\"> Jabugo<\/a> sont \u00e9labor\u00e9s \u00e0 partir de porcs exclusivement ib\u00e9riques. Depuis lors, la maison Cinco Jotas a maintenu les techniques artisanales transmises de g\u00e9n\u00e9ration en g\u00e9n\u00e9ration. Chaque pi\u00e8ce compte plus de trois ann\u00e9es de s\u00e9chage.<\/p>\n<div id=\"attachment_2710\" style=\"width: 209px\" class=\"wp-caption alignleft\"><img decoding=\"async\" aria-describedby=\"caption-attachment-2710\" class=\"wp-image-2710\" src=\"https:\/\/jamonesibericosmadrid.com\/wp-content\/uploads\/2019\/11\/5j.jpg\" alt=\"Jambon 5 Jotas\" width=\"199\" height=\"140\" srcset=\"https:\/\/jamonesibericosmadrid.com\/wp-content\/uploads\/2019\/11\/5j-200x141.jpg 200w, https:\/\/jamonesibericosmadrid.com\/wp-content\/uploads\/2019\/11\/5j.jpg 250w\" sizes=\"(max-width: 199px) 100vw, 199px\" \/><p id=\"caption-attachment-2710\" class=\"wp-caption-text\">Jambon 5 Jotas<\/p><\/div>\n<p>Un <a href=\"https:\/\/jamonesibericosmadrid.com\/fr\/produit\/jambon-iberique-de-bellota-gabriel-castano-2021\/\" target=\"_blank\" rel=\"noopener\">Jambon de Bellota<\/a> 100% Ib\u00e9rico Cinco\u00a0Jotas peut \u00eatre appr\u00e9ci\u00e9 par chacun des cinq sens : son contact chaleureux quand vous l&rsquo;attrapez avec vos doigts, sa texture juteuse et onctueuse qui fond dans la bouche, le long et intense ar\u00f4me qui nous rappelle l&rsquo;odeur du ch\u00eane et du thym et enfin sa saveur incroyable qui persiste en bouche longtemps apr\u00e8s que vous ayez termin\u00e9.<\/p>\n<p>Le Jambon d&rsquo;excellence de Bellota 100%\u00a0<i>Ib\u00e9rico<\/i>\u00a0est livr\u00e9 directement depuis nos caves centenaires dans un format original. Chaque morceau est unique et r\u00e9pond aux attentes les plus \u00e9lev\u00e9es en mati\u00e8re de go\u00fbt, de texture et d&rsquo;ar\u00f4me. Il vous s\u00e9duira d\u00e8s la premi\u00e8re coupe et r\u00e9veillera chacun de vos sens.<\/p>\n<p>Cr\u00e9ez votre propre \u0153uvre en sculptant un vrai jambon Cinco Jotas au couteau et surprenez tout le monde avec les nuances du meilleur jambon du monde fra\u00eechement coup\u00e9.<\/p>\n<h2>Jambon 5 Jotas<\/h2>\n<p>Un Jambon de Bellota 100% Ib\u00e9rico Cinco\u00a0Jotas peut \u00eatre appr\u00e9ci\u00e9 par chacun des cinq sens : son contact chaleureux quand vous l&rsquo;attrapez avec vos doigts, sa texture juteuse et onctueuse qui fond dans la bouche, le long et intense ar\u00f4me qui nous rappelle l&rsquo;odeur du ch\u00eane et du thym et enfin sa saveur incroyable qui persiste en bouche longtemps apr\u00e8s que vous ayez termin\u00e9.<\/p>\n<p>Jambon pata fina. Graisse dor\u00e9e \u00e0 ros\u00e9e avec une consistance douce et onctueuse. La couleur de la viande varie du rouge profond au rose p\u00e2le, avec de nombreuses infiltrations de graisse laissant appara\u00eetre un marbrage brillant qui fond sur le palais.<\/p>\n<p>Son go\u00fbt est doux et d\u00e9licat, l\u00e9g\u00e8rement sucr\u00e9 \u00e0 l\u2019attaque, avec une graisse \u00e9tonnamment onctueuse qui fond sur le palais de fa\u00e7on sublime.<\/p>\n<h2>Jambon 5 Jotas<\/h2>\n<p>Le jambon 5 Jotas est d\u2019une <strong>Qualit\u00e9 sans \u00e9gale<\/strong>, il provient de cochons rigoureusement s\u00e9lectionn\u00e9s, \u00e9lev\u00e9s et aliment\u00e9s en libert\u00e9. Ch\u00eanes verts et ch\u00eanes li\u00e8ge produisent \u00e0 l\u2019automne le meilleur aliment possible pour l\u2019embouche.<\/p>\n<p>C\u2019est \u00e0 l\u2019heure des sacrifices que chaque ann\u00e9e nous produisons de fa\u00e7on artisanale et 100% naturelle,\u00a0<strong>un nombre limit\u00e9<\/strong>\u00a0de Jambons. En respect de la tradition familiale nous s\u00e9lectionnons les produits \u00e0 r\u00e9ception des commandes, en choisissant pi\u00e8ce \u00e0 pi\u00e8ce celle qui aurait atteint son parfait affinage et maturit\u00e9 optimale.<\/p>\n<p><b>Apr\u00e8s avoir choisi le poids de votre Jambon<\/b>, \u00e0 vous de d\u00e9cider comment vous souhaiteriez en profiter. Si vous le voulez entier, nous choisirons alors dans notre s\u00e9choir celui qui correspond \u00e0 votre go\u00fbt et pr\u00e9f\u00e9rence en mati\u00e8re d\u2019affinage.<\/p>\n<p>Nous le testerons au poin\u00e7on traditionnel ou Cala afin de nous assurer qu\u2019il est pr\u00eat \u00e0 \u00eatre couper et d\u00e9gust\u00e9 et vous le recevrez envelopp\u00e9 de papier anti gras et gaine en 100% coton, avec sa bague de certification et un guide de caract\u00e9ristiques.<\/p>\n<p>Ingr\u00e9dients. jambon de porc ib\u00e9rique pur, sel marin, anti-oxydant E 301, correcteur d&rsquo;acidit\u00e9 E331. Sans lactose, gluten ni allerg\u00e8nes.<\/p>\n","protected":false},"excerpt":{"rendered":"<h2>Jambon 5 Jotas<\/h2>\n[caption id=\"attachment_4079\" align=\"alignleft\" width=\"224\"]<img decoding=\"async\" class=\"wp-image-4079\" src=\"https:\/\/jamonesibericosmadrid.com\/wp-content\/uploads\/2020\/11\/maxresdefault-300x169.jpg\" alt=\"Jambon 5 Jotas\" width=\"224\" height=\"126\" srcset=\"https:\/\/jamonesibericosmadrid.com\/wp-content\/uploads\/2020\/11\/maxresdefault-200x113.jpg 200w, https:\/\/jamonesibericosmadrid.com\/wp-content\/uploads\/2020\/11\/maxresdefault-300x169.jpg 300w, https:\/\/jamonesibericosmadrid.com\/wp-content\/uploads\/2020\/11\/maxresdefault-400x225.jpg 400w, https:\/\/jamonesibericosmadrid.com\/wp-content\/uploads\/2020\/11\/maxresdefault-500x281.jpg 500w, https:\/\/jamonesibericosmadrid.com\/wp-content\/uploads\/2020\/11\/maxresdefault-600x338.jpg 600w, https:\/\/jamonesibericosmadrid.com\/wp-content\/uploads\/2020\/11\/maxresdefault-700x394.jpg 700w, https:\/\/jamonesibericosmadrid.com\/wp-content\/uploads\/2020\/11\/maxresdefault-768x432.jpg 768w, https:\/\/jamonesibericosmadrid.com\/wp-content\/uploads\/2020\/11\/maxresdefault-800x450.jpg 800w, https:\/\/jamonesibericosmadrid.com\/wp-content\/uploads\/2020\/11\/maxresdefault-1024x576.jpg 1024w, https:\/\/jamonesibericosmadrid.com\/wp-content\/uploads\/2020\/11\/maxresdefault-1200x675.jpg 1200w, https:\/\/jamonesibericosmadrid.com\/wp-content\/uploads\/2020\/11\/maxresdefault.jpg 1280w\" sizes=\"(max-width: 224px) 100vw, 224px\" \/> Jambon 5 Jotas[\/caption]\n<p>Cette marque est un vrai mythe dans le monde du jambon. Cela fait 130 ans que ces c\u00e9l\u00e8bres jambons de Jabugo sont \u00e9labor\u00e9s \u00e0 partir de porcs exclusivement ib\u00e9riques.<\/p>\n<p>Jambon pata fina. Graisse dor\u00e9e \u00e0 ros\u00e9e avec une consistance douce et onctueuse. La couleur de la viande varie du rouge profond au rose p\u00e2le, avec de nombreuses infiltrations de graisse laissant appara\u00eetre un marbrage brillant qui fond sur le palais.<\/p>\n<p>Son go\u00fbt est doux et d\u00e9licat, l\u00e9g\u00e8rement sucr\u00e9 \u00e0 l\u2019attaque, avec une graisse \u00e9tonnamment onctueuse qui fond sur le palais de fa\u00e7on sublime.<\/p>\n","protected":false},"featured_media":8215,"comment_status":"open","ping_status":"closed","template":"","meta":[],"product_brand":[],"product_cat":[66,333,203],"product_tag":[],"class_list":{"0":"post-1323","1":"product","2":"type-product","3":"status-publish","4":"has-post-thumbnail","6":"product_cat-jambon-iberique","7":"product_cat-entiers","8":"product_cat-les-offres","9":"tm-has-options","11":"first","12":"instock","13":"sale","14":"taxable","15":"shipping-taxable","16":"purchasable","17":"product-type-variable","18":"has-default-attributes"},"_links":{"self":[{"href":"https:\/\/jamonesibericosmadrid.com\/fr\/wp-json\/wp\/v2\/product\/1323","targetHints":{"allow":["GET"]}}],"collection":[{"href":"https:\/\/jamonesibericosmadrid.com\/fr\/wp-json\/wp\/v2\/product"}],"about":[{"href":"https:\/\/jamonesibericosmadrid.com\/fr\/wp-json\/wp\/v2\/types\/product"}],"replies":[{"embeddable":true,"href":"https:\/\/jamonesibericosmadrid.com\/fr\/wp-json\/wp\/v2\/comments?post=1323"}],"wp:featuredmedia":[{"embeddable":true,"href":"https:\/\/jamonesibericosmadrid.com\/fr\/wp-json\/wp\/v2\/media\/8215"}],"wp:attachment":[{"href":"https:\/\/jamonesibericosmadrid.com\/fr\/wp-json\/wp\/v2\/media?parent=1323"}],"wp:term":[{"taxonomy":"product_brand","embeddable":true,"href":"https:\/\/jamonesibericosmadrid.com\/fr\/wp-json\/wp\/v2\/product_brand?post=1323"},{"taxonomy":"product_cat","embeddable":true,"href":"https:\/\/jamonesibericosmadrid.com\/fr\/wp-json\/wp\/v2\/product_cat?post=1323"},{"taxonomy":"product_tag","embeddable":true,"href":"https:\/\/jamonesibericosmadrid.com\/fr\/wp-json\/wp\/v2\/product_tag?post=1323"}],"curies":[{"name":"wp","href":"https:\/\/api.w.org\/{rel}","templated":true}]}}