{"id":1594,"date":"2018-05-09T18:51:35","date_gmt":"2018-05-09T16:51:35","guid":{"rendered":"https:\/\/jamonesibericosmadrid.com\/?post_type=product&#038;p=1594"},"modified":"2024-03-04T18:49:36","modified_gmt":"2024-03-04T17:49:36","slug":"aster-finca-el-otero-2014","status":"publish","type":"product","link":"https:\/\/jamonesibericosmadrid.com\/fr\/producto\/aster-finca-el-otero-2014\/","title":{"rendered":"Aster El Ca\u00f1o Reserva 2019"},"content":{"rendered":"<h1>Aster El Ca\u00f1o Reserva 2019<\/h1>\n<p>Une grande ann\u00e9e dans la r\u00e9gion Ribera de Duero, confirm\u00e9e par un grand vin. A la d\u00e9gustation il offre une robe rouge cerise avec une bordure d&rsquo;un grenat intense. Quant \u00e0 son ar\u00f4me, les premi\u00e8res notes rappellent le cuir vieilli avec des traces de cacao, ensuites ce sont les fruits noirs qui ressortent, pour finir sur du marc de caf\u00e9 et des \u00e9pices. En bouche il est charnu, bien charpent\u00e9, avec une bonne acidit\u00e9.<\/p>\n<p>Id\u00e9al pour accompagner du gibier.<\/p>\n<p>Cat\u00e9gorie: Tinto\u00a0 Reserva (= rouge grand mill\u00e9sime)<\/p>\n<p>C\u00e9pages:\u00a0 Tempranillo 100%<\/p>\n<p>Vieillissement: plus de 24 mois en f\u00fbt neuf et 36 en bouteille<\/p>\n<p>D.O. (=AOC): Ribera de Duero<\/p>\n<p>Mill\u00e9sime : Excellent<\/p>\n","protected":false},"excerpt":{"rendered":"<h2>Aster El Ca\u00f1o Reserva 2019<\/h2>\n<p>Une grande ann\u00e9e dans la r\u00e9gion Ribera de Duero, confirm\u00e9e par un grand vin.<\/p>\n","protected":false},"featured_media":1659,"comment_status":"open","ping_status":"closed","template":"","meta":[],"product_brand":[],"product_cat":[203,68],"product_tag":[],"class_list":{"0":"post-1594","1":"product","2":"type-product","3":"status-publish","4":"has-post-thumbnail","6":"product_cat-les-offres","7":"product_cat-vins","8":"tm-no-options","10":"first","11":"instock","12":"sale","13":"taxable","14":"shipping-taxable","15":"purchasable","16":"product-type-simple"},"_links":{"self":[{"href":"https:\/\/jamonesibericosmadrid.com\/fr\/wp-json\/wp\/v2\/product\/1594","targetHints":{"allow":["GET"]}}],"collection":[{"href":"https:\/\/jamonesibericosmadrid.com\/fr\/wp-json\/wp\/v2\/product"}],"about":[{"href":"https:\/\/jamonesibericosmadrid.com\/fr\/wp-json\/wp\/v2\/types\/product"}],"replies":[{"embeddable":true,"href":"https:\/\/jamonesibericosmadrid.com\/fr\/wp-json\/wp\/v2\/comments?post=1594"}],"wp:featuredmedia":[{"embeddable":true,"href":"https:\/\/jamonesibericosmadrid.com\/fr\/wp-json\/wp\/v2\/media\/1659"}],"wp:attachment":[{"href":"https:\/\/jamonesibericosmadrid.com\/fr\/wp-json\/wp\/v2\/media?parent=1594"}],"wp:term":[{"taxonomy":"product_brand","embeddable":true,"href":"https:\/\/jamonesibericosmadrid.com\/fr\/wp-json\/wp\/v2\/product_brand?post=1594"},{"taxonomy":"product_cat","embeddable":true,"href":"https:\/\/jamonesibericosmadrid.com\/fr\/wp-json\/wp\/v2\/product_cat?post=1594"},{"taxonomy":"product_tag","embeddable":true,"href":"https:\/\/jamonesibericosmadrid.com\/fr\/wp-json\/wp\/v2\/product_tag?post=1594"}],"curies":[{"name":"wp","href":"https:\/\/api.w.org\/{rel}","templated":true}]}}