{"id":1600,"date":"2018-05-09T20:20:15","date_gmt":"2018-05-09T18:20:15","guid":{"rendered":"https:\/\/jamonesibericosmadrid.com\/?post_type=product&#038;p=1600"},"modified":"2024-02-06T11:34:23","modified_gmt":"2024-02-06T10:34:23","slug":"904-gran-reserva-2005","status":"publish","type":"product","link":"https:\/\/jamonesibericosmadrid.com\/fr\/producto\/904-gran-reserva-2005\/","title":{"rendered":"904 Gran Reserva 2005"},"content":{"rendered":"<h2>904 Gran Reserva 2005<\/h2>\n<p>Vin complexe, ouvert et tr\u00e8s s\u00e9rieux au nez. Profusion d&rsquo;ar\u00f4mes de c\u00e8dre, de bois pr\u00e9cieux, de cave \u00e0 cigares, de tabac blond, et de nuances grill\u00e9es, presque cr\u00e9meuses, qui s&rsquo;ouvrent sur des notes de caf\u00e9 fra\u00eechement moulu, de cuir vieilli avec un fond liquoreux de pruneaux mac\u00e9r\u00e9s et de cerises m\u00fbres. Parfum\u00e9, \u00e9l\u00e9gant, direct, des pointes \u00e9pic\u00e9es \u00e0 foison qui affirment leur pr\u00e9sence \u00e0 l&rsquo;inspiration, laurier en poudre, clou de girofle, poivre noir, herbes aromatiques et un reste odorant de fleurs fan\u00e9es.<\/p>\n<p>Un vin de grande pr\u00e9sence, puissant, et plein de vie.<\/p>\n<p><strong>96\/100 Parker<br \/>\n95\/100 Pe\u00f1\u00edn<\/strong><\/p>\n","protected":false},"excerpt":{"rendered":"<h2>904 Gran Reserva 2005<\/h2>\n<p><strong>96\/100 Parker<br \/>\n95\/100 Pe\u00f1\u00edn<\/strong><\/p>\n<p>Vin complexe, ouvert et tr\u00e8s s\u00e9rieux au nez.<\/p>\n<p>Profusion d&rsquo;ar\u00f4mes de c\u00e8dre, de bois pr\u00e9cieux, de cave \u00e0 cigares, de tabac blond, et de nuances grill\u00e9es, presque cr\u00e9meuses, qui s&rsquo;ouvrent sur des notes de caf\u00e9 fra\u00eechement moulu.<\/p>\n","protected":false},"featured_media":781,"comment_status":"open","ping_status":"closed","template":"","meta":[],"product_brand":[],"product_cat":[68],"product_tag":[],"class_list":{"0":"post-1600","1":"product","2":"type-product","3":"status-publish","4":"has-post-thumbnail","6":"product_cat-vins","7":"tm-no-options","9":"first","10":"instock","11":"taxable","12":"shipping-taxable","13":"purchasable","14":"product-type-simple"},"_links":{"self":[{"href":"https:\/\/jamonesibericosmadrid.com\/fr\/wp-json\/wp\/v2\/product\/1600","targetHints":{"allow":["GET"]}}],"collection":[{"href":"https:\/\/jamonesibericosmadrid.com\/fr\/wp-json\/wp\/v2\/product"}],"about":[{"href":"https:\/\/jamonesibericosmadrid.com\/fr\/wp-json\/wp\/v2\/types\/product"}],"replies":[{"embeddable":true,"href":"https:\/\/jamonesibericosmadrid.com\/fr\/wp-json\/wp\/v2\/comments?post=1600"}],"wp:featuredmedia":[{"embeddable":true,"href":"https:\/\/jamonesibericosmadrid.com\/fr\/wp-json\/wp\/v2\/media\/781"}],"wp:attachment":[{"href":"https:\/\/jamonesibericosmadrid.com\/fr\/wp-json\/wp\/v2\/media?parent=1600"}],"wp:term":[{"taxonomy":"product_brand","embeddable":true,"href":"https:\/\/jamonesibericosmadrid.com\/fr\/wp-json\/wp\/v2\/product_brand?post=1600"},{"taxonomy":"product_cat","embeddable":true,"href":"https:\/\/jamonesibericosmadrid.com\/fr\/wp-json\/wp\/v2\/product_cat?post=1600"},{"taxonomy":"product_tag","embeddable":true,"href":"https:\/\/jamonesibericosmadrid.com\/fr\/wp-json\/wp\/v2\/product_tag?post=1600"}],"curies":[{"name":"wp","href":"https:\/\/api.w.org\/{rel}","templated":true}]}}