{"id":1624,"date":"2018-05-10T18:27:48","date_gmt":"2018-05-10T16:27:48","guid":{"rendered":"https:\/\/jamonesibericosmadrid.com\/?post_type=product&#038;p=1624"},"modified":"2024-03-16T12:39:28","modified_gmt":"2024-03-16T11:39:28","slug":"saucisson-iberique-de-bellota","status":"publish","type":"product","link":"https:\/\/jamonesibericosmadrid.com\/fr\/producto\/saucisson-iberique-de-bellota\/","title":{"rendered":"Saucisson ib\u00e9rique de bellota"},"content":{"rendered":"<h1>Saucisson ib\u00e9rique de bellota<\/h1>\n<p>Ce produit est id\u00e9al pour appr\u00e9cier la saveur du <a href=\"https:\/\/es.wikipedia.org\/wiki\/Cerdo_ib%C3%A9rico\" target=\"_blank\" rel=\"noopener\">porc ib\u00e9rique<\/a>. Les viandes sont class\u00e9es par cat\u00e9gorie, pass\u00e9es en revue puis d\u00e9coup\u00e9es \u00e0 la main, afin d&rsquo;obtenir un \u00e9quilibre entre viandes maigres et grasses, et un ensemble onctueux et doux dans lequel on distingue la saveur discr\u00e8te des \u00e9pices.<\/p>\n<p>Le produit est introduit dans un boyau naturel et li\u00e9 \u00e0 la main pour achever sa maturation dans des s\u00e9choirs\u00a0 et des caves naturels, gr\u00e2ce \u00e0 un proc\u00e9d\u00e9 lent et respectueux qui lui conf\u00e8re sa saveur et sa\u00a0 texture tendre et moelleuse caract\u00e9ristiques.<\/p>\n<p>Une fois mise en boyau et identifi\u00e9e, le Saucisson d\u00e9bute le processus de s\u00e9chage totalement \u00e0 froid, tel qu\u2019il \u00e9tait effectu\u00e9 autrefois durant les jours d\u2019hiver, visant \u00e0 obtenir des saveurs caract\u00e9ristiques au moyen d\u2019une \u00e9volution lente.<\/p>\n<h2>Saucisson ib\u00e9rique de bellota<\/h2>\n<div id=\"attachment_889\" style=\"width: 110px\" class=\"wp-caption alignleft\"><img decoding=\"async\" aria-describedby=\"caption-attachment-889\" class=\" wp-image-889\" src=\"https:\/\/jamonesibericosmadrid.com\/wp-content\/uploads\/2018\/02\/2-11-salchichon-castano.png\" alt=\"Saucisson ib\u00e9rique de bellota en boyau naturel\" width=\"100\" height=\"100\" srcset=\"https:\/\/jamonesibericosmadrid.com\/wp-content\/uploads\/2018\/02\/2-11-salchichon-castano-100x100.png 100w, https:\/\/jamonesibericosmadrid.com\/wp-content\/uploads\/2018\/02\/2-11-salchichon-castano.png 850w\" sizes=\"(max-width: 100px) 100vw, 100px\" \/><p id=\"caption-attachment-889\" class=\"wp-caption-text\">Saucisson ib\u00e9rique de bellota en boyau naturel<\/p><\/div>\n<p>Le salchich\u00f3n est un type de charcuterie d&rsquo;origine grecque et romaine, typique de la gastronomie espagnole et appr\u00e9ci\u00e9 pour ses caract\u00e9ristiques organoleptiques. Il est fabriqu\u00e9 avec du porc maigre et un peu de lard.<\/p>\n<p>Il est assaisonn\u00e9 de sel et de quelques \u00e9pices comme le poivre, la noix de muscade, le clou de girofle ou la coriandre.<\/p>\n<p>La masse hach\u00e9e est laiss\u00e9e \u00e0 mac\u00e9rer pendant environ 24 heures, puis enfonc\u00e9e dans des intestins de vache ou de porc et suspendue pour le s\u00e9chage, qui peut \u00eatre \u00ab\u00a0al humo\u00a0\u00bb (fum\u00e9) ou simplement s\u00e9ch\u00e9 \u00e0 l&rsquo;air libre pendant quelques jours.<\/p>\n<p>Il existe des vari\u00e9t\u00e9s de salami contenant un m\u00e9lange de viandes, comme le porc-bovin, le porc-sanglier, le cerf, etc. Dans certains endroits, il s&rsquo;agit d&rsquo;un produit d&rsquo;abattage.<\/p>\n<h2>Saucisson ib\u00e9rique de bellota<\/h2>\n<p>L\u2019une des cl\u00e9s de son \u00e9laboration r\u00e9side dans le processus manuel de mise de la viande en boyaux naturels de porc \u00e0 double couche.<\/p>\n<p>Il s\u2019agit d\u2019un travail totalement artisanal et vocationnel qui est effectu\u00e9 avec le plus grand soin dans les moindres d\u00e9tails afin d\u2019obtenir l\u2019authentique\u00a0<em>llonganissa<\/em>, qui sera ficel\u00e9e \u00e0 la main \u00e0 ses deux bouts avec du fil de chanvre import\u00e9 sp\u00e9cialement d\u2019\u00c9gypte.<\/p>\n<p>Pour ce faire, une aptitude sp\u00e9ciale est requise, qui culmine avec la tradition d\u2019identifier chaque\u00a0<em>llonganissa<\/em>\u00a0au moyen d\u2019une m\u00e9daille num\u00e9rot\u00e9e qui nous indique la semaine au cours de laquelle elle a \u00e9t\u00e9 mise en<a href=\"https:\/\/jamonesibericosmadrid.com\/fr\/produit\/saucisson-en-boyau-naturel-vic-casa-sendra\/\" target=\"_blank\" rel=\"noopener\"> boyau.<\/a><\/p>\n<p>Autrefois, l\u2019abattage et le processus de mise en boyau d\u00e9butaient la premi\u00e8re semaine de septembre. C\u2019est pour cette raison que les premi\u00e8res\u00a0<em>llonganisses<\/em> sont celles qui sont par\u00e9es de la m\u00e9daille portant le num\u00e9ro 1, et ainsi de suite jusqu\u2019au num\u00e9ro 52.<\/p>\n<p>Il provient de Cumbres Mayores, au c\u0153ur des montagnes de Huelva. De m\u00eame, il provient de porcs 100% ib\u00e9riques et, surtout, nourris de glands et d&rsquo;herbe dans les dehesas pendant la montanera.<\/p>\n<h2>Saucisson ib\u00e9rique de bellota<\/h2>\n<p><img decoding=\"async\" class=\"wp-image-891 alignleft\" src=\"https:\/\/jamonesibericosmadrid.com\/wp-content\/uploads\/2018\/02\/2-11-salchichon-castano-det2.jpg\" alt=\"Saucisson ib\u00e9rique de bellota\" width=\"145\" height=\"145\" srcset=\"https:\/\/jamonesibericosmadrid.com\/wp-content\/uploads\/2018\/02\/2-11-salchichon-castano-det2-100x100.jpg 100w, https:\/\/jamonesibericosmadrid.com\/wp-content\/uploads\/2018\/02\/2-11-salchichon-castano-det2.jpg 850w\" sizes=\"(max-width: 145px) 100vw, 145px\" \/><\/p>\n<p>Saucisson ib\u00e9rique de bellota\u00a0 processus de s\u00e9chage dure entre dix-sept et vingt semaines, durant lequel les <em>llonganisses<\/em>\u00a0sont d\u00e9plac\u00e9es afin d\u2019obtenir un s\u00e9chage homog\u00e8ne et un produit final absolument unique au go\u00fbt distingu\u00e9.<\/p>\n<p>Sous la surveillance d\u2019un expert, chacune des\u00a0<em>llonganisses<\/em>\u00a0recevra l\u2019approbation afin d\u2019\u00eatre ult\u00e9rieurement mise en boyau, au moyen d\u2019une technique traditionnelle, puis sera pr\u00e9sent\u00e9e dans des \u00e9tuis cadeaux exclusifs qui en garantiront la conservation.<\/p>\n<div>\n<h3>Saucisson ib\u00e9rique de bellota<\/h3>\n<\/div>\n<div class=\"text\">La base est constitu\u00e9e par les morceaux les plus nobles, comme les cuisses, les \u00e9paules, les flancs et les lards maigres, provenant de truies s\u00e9lectionn\u00e9es avec soin et engraiss\u00e9es sp\u00e9cifiquement dans des fermes de petite production s\u00e9lectionn\u00e9es et de proximit\u00e9.<\/div>\n<div class=\"text\">D\u00e8s ses d\u00e9buts, lorsque les viandes provenaient d\u2019abattoirs artisanaux, la mati\u00e8re premi\u00e8re de km 0 a \u00e9t\u00e9 l\u2019un des principes caract\u00e9ristiques afin d\u2019obtenir de mani\u00e8re artisanale une\u00a0<em>llonganissa<\/em>\u00a0au go\u00fbt unique et ayant un style propre.<\/div>\n<p>&nbsp;<\/p>\n","protected":false},"excerpt":{"rendered":"<h3>Saucisson ib\u00e9rique de bellota<\/h3>\n[caption id=\"attachment_883\" align=\"alignleft\" width=\"118\"]<img decoding=\"async\" class=\" wp-image-883\" src=\"https:\/\/jamonesibericosmadrid.com\/wp-content\/uploads\/2018\/02\/2-9-salchichon-joselito-det1.jpg\" alt=\"Saucisson &quot;vela&quot; Joselito\" width=\"118\" height=\"118\" srcset=\"https:\/\/jamonesibericosmadrid.com\/wp-content\/uploads\/2018\/02\/2-9-salchichon-joselito-det1-100x100.jpg 100w, https:\/\/jamonesibericosmadrid.com\/wp-content\/uploads\/2018\/02\/2-9-salchichon-joselito-det1.jpg 850w\" sizes=\"(max-width: 118px) 100vw, 118px\" \/> Saucisson \u00ab\u00a0vela\u00a0\u00bb Joselito[\/caption]\n<p>Ce produit est id\u00e9al pour appr\u00e9cier la saveur du porc ib\u00e9rique. Il provient de Cumbres Mayores, au c\u0153ur des montagnes de Huelva.<\/p>\n<p>De m\u00eame, il provient de porcs 100% ib\u00e9riques et, surtout, nourris de glands et d&rsquo;herbe dans les dehesas pendant la montanera.<\/p>\n","protected":false},"featured_media":887,"comment_status":"open","ping_status":"closed","template":"","meta":[],"product_brand":[],"product_cat":[64],"product_tag":[],"class_list":{"0":"post-1624","1":"product","2":"type-product","3":"status-publish","4":"has-post-thumbnail","6":"product_cat-charcuterie-iberique","7":"tm-no-options","9":"first","10":"instock","11":"taxable","12":"shipping-taxable","13":"purchasable","14":"product-type-variable"},"_links":{"self":[{"href":"https:\/\/jamonesibericosmadrid.com\/fr\/wp-json\/wp\/v2\/product\/1624","targetHints":{"allow":["GET"]}}],"collection":[{"href":"https:\/\/jamonesibericosmadrid.com\/fr\/wp-json\/wp\/v2\/product"}],"about":[{"href":"https:\/\/jamonesibericosmadrid.com\/fr\/wp-json\/wp\/v2\/types\/product"}],"replies":[{"embeddable":true,"href":"https:\/\/jamonesibericosmadrid.com\/fr\/wp-json\/wp\/v2\/comments?post=1624"}],"wp:featuredmedia":[{"embeddable":true,"href":"https:\/\/jamonesibericosmadrid.com\/fr\/wp-json\/wp\/v2\/media\/887"}],"wp:attachment":[{"href":"https:\/\/jamonesibericosmadrid.com\/fr\/wp-json\/wp\/v2\/media?parent=1624"}],"wp:term":[{"taxonomy":"product_brand","embeddable":true,"href":"https:\/\/jamonesibericosmadrid.com\/fr\/wp-json\/wp\/v2\/product_brand?post=1624"},{"taxonomy":"product_cat","embeddable":true,"href":"https:\/\/jamonesibericosmadrid.com\/fr\/wp-json\/wp\/v2\/product_cat?post=1624"},{"taxonomy":"product_tag","embeddable":true,"href":"https:\/\/jamonesibericosmadrid.com\/fr\/wp-json\/wp\/v2\/product_tag?post=1624"}],"curies":[{"name":"wp","href":"https:\/\/api.w.org\/{rel}","templated":true}]}}