{"id":1772,"date":"2018-05-16T20:44:21","date_gmt":"2018-05-16T18:44:21","guid":{"rendered":"https:\/\/jamonesibericosmadrid.com\/?post_type=product&#038;p=1772"},"modified":"2024-03-14T13:00:23","modified_gmt":"2024-03-14T12:00:23","slug":"epaule-100-iberique-bellota","status":"publish","type":"product","link":"https:\/\/jamonesibericosmadrid.com\/fr\/producto\/epaule-100-iberique-bellota\/","title":{"rendered":"EPAULE 100% IB\u00c9RIQUE BELLOTA"},"content":{"rendered":"<h1>EPAULE 100% IB\u00c9RIQUE BELLOTA<\/h1>\n<p>Originaire de Guijuelo,\u00a0 au coeur de la montagne de Salamanca. Les \u00e9paules proviennent de porcs ib\u00e9riques nourris aux glands et p\u00e2turage lors de la saison sur les domaines.<\/p>\n<p>D\u00fb \u00e0 son moindre volume, l&rsquo;\u00e9paule acquiert une grande saveur lors du s\u00e9chage gr\u00e2ce \u00e0 la perte d&rsquo;eau et de volume. L&rsquo;\u00e9paule ateint sa maturit\u00e9 au bout de deux ann\u00e9es de s\u00e9chage dans des grottes naturelles. C&rsquo;est une production limit\u00e9e.<\/p>\n<div class=\"elementor-column elementor-col-50 elementor-inner-column elementor-element elementor-element-8549ab8\" data-id=\"8549ab8\" data-element_type=\"column\">\n<div class=\"elementor-column-wrap elementor-element-populated\">\n<div class=\"elementor-widget-wrap\">\n<div class=\"elementor-element elementor-element-ed4d224 elementor-widget elementor-widget-text-editor\" data-id=\"ed4d224\" data-element_type=\"widget\" data-widget_type=\"text-editor.default\">\n<div class=\"elementor-widget-container\">\n<div class=\"elementor-text-editor elementor-clearfix\">\n<h2>EPAULE 100% IB\u00c9RIQUE BELLOTA<\/h2>\n<p>Issue des pattes ant\u00e9rieures de nos cochons de bellota 100% ib\u00e9riques avec deux ans de vie et double saison de glands, l\u2019\u00c9paule de Bellota ib\u00e9rique Lopez Pascual est un produit unique.<\/p>\n<p>Une teneur en sel parfaite combin\u00e9e avec notre affinage compl\u00e8tement naturel pendant plus de 36 mois se traduit par un excellent produit, avec une infiltration parfaite de graisse. Un ar\u00f4me et un go\u00fbt qui surprennent toujours.<\/p>\n<h3>EPAULE 100% IB\u00c9RIQUE BELLOTA<\/h3>\n<div id=\"attachment_689\" style=\"width: 265px\" class=\"wp-caption alignleft\"><img decoding=\"async\" aria-describedby=\"caption-attachment-689\" class=\"wp-image-689 \" src=\"https:\/\/jamonesibericosmadrid.com\/wp-content\/uploads\/2018\/02\/oferta7_det_1.jpg\" alt=\"EPAULE 100% IB\u00c9RIQUE BELLOTA\" width=\"255\" height=\"255\" srcset=\"https:\/\/jamonesibericosmadrid.com\/wp-content\/uploads\/2018\/02\/oferta7_det_1-100x100.jpg 100w, https:\/\/jamonesibericosmadrid.com\/wp-content\/uploads\/2018\/02\/oferta7_det_1.jpg 850w\" sizes=\"(max-width: 255px) 100vw, 255px\" \/><p id=\"caption-attachment-689\" class=\"wp-caption-text\">EPAULE 100% IB\u00c9RIQUE BELLOTA<\/p><\/div>\n<p>ASPECT<\/p>\n<\/div>\n<\/div>\n<\/div>\n<div class=\"elementor-element elementor-element-b9e089a elementor-widget elementor-widget-text-editor\" data-id=\"b9e089a\" data-element_type=\"widget\" data-widget_type=\"text-editor.default\">\n<div class=\"elementor-widget-container\">\n<div class=\"elementor-text-editor elementor-clearfix\">\n<ul>\n<li>Brillant et uniforme, avec une excellente couverture du gras.<\/li>\n<li>Des tranches d\u2019un rouge profond tachet\u00e9es d<a href=\"https:\/\/es.wikipedia.org\/wiki\/Tirosina\" target=\"_blank\" rel=\"noopener\">e thyroxine<\/a>, l\u2019acide amin\u00e9 qui se cristallise sous l\u2019effet d\u2019une excellente maturation.<\/li>\n<\/ul>\n<\/div>\n<\/div>\n<\/div>\n<div class=\"elementor-element elementor-element-56c16e0 elementor-widget elementor-widget-text-editor\" data-id=\"56c16e0\" data-element_type=\"widget\" data-widget_type=\"text-editor.default\">\n<div class=\"elementor-widget-container\">\n<div class=\"elementor-text-editor elementor-clearfix\">\n<p>AROMA<\/p>\n<\/div>\n<\/div>\n<\/div>\n<div class=\"elementor-element elementor-element-b56d2eb elementor-widget elementor-widget-text-editor\" data-id=\"b56d2eb\" data-element_type=\"widget\" data-widget_type=\"text-editor.default\">\n<div class=\"elementor-widget-container\">\n<div class=\"elementor-text-editor elementor-clearfix\">\n<ul>\n<li>Ar\u00f4mes puissants, agr\u00e9ables, sp\u00e9cifiques, attractifs.<\/li>\n<li>Ils restent longs, tr\u00e8s francs et clairs.<br \/>\nEn arri\u00e8re-plan, il pr\u00e9sente des notes tr\u00e8s sinc\u00e8res de fruits secs frais et de noix.<\/li>\n<\/ul>\n<\/div>\n<\/div>\n<\/div>\n<\/div>\n<\/div>\n<\/div>\n<div class=\"elementor-column elementor-col-50 elementor-inner-column elementor-element elementor-element-4d83d75\" data-id=\"4d83d75\" data-element_type=\"column\">\n<div class=\"elementor-column-wrap elementor-element-populated\">\n<div class=\"elementor-widget-wrap\">\n<div class=\"elementor-element elementor-element-971f44d elementor-widget elementor-widget-text-editor\" data-id=\"971f44d\" data-element_type=\"widget\" data-widget_type=\"text-editor.default\">\n<div class=\"elementor-widget-container\">\n<div class=\"elementor-text-editor elementor-clearfix\">\n<p>TEXTURE<\/p>\n<\/div>\n<\/div>\n<\/div>\n<div class=\"elementor-element elementor-element-41d00b3 elementor-widget elementor-widget-text-editor\" data-id=\"41d00b3\" data-element_type=\"widget\" data-widget_type=\"text-editor.default\">\n<div class=\"elementor-widget-container\">\n<div class=\"elementor-text-editor elementor-clearfix\">\n<ul>\n<li>Texture juteuse, tr\u00e8s agr\u00e9able en bouche.<\/li>\n<li>Tendre mais ferme : conserve sa structure pendant la mastication.<\/li>\n<\/ul>\n<\/div>\n<\/div>\n<\/div>\n<div class=\"elementor-element elementor-element-bfa136d elementor-widget elementor-widget-text-editor\" data-id=\"bfa136d\" data-element_type=\"widget\" data-widget_type=\"text-editor.default\">\n<div class=\"elementor-widget-container\">\n<div class=\"elementor-text-editor elementor-clearfix\">\n<p>TASTE<\/p>\n<\/div>\n<\/div>\n<\/div>\n<div class=\"elementor-element elementor-element-422b3f7 elementor-widget elementor-widget-text-editor\" data-id=\"422b3f7\" data-element_type=\"widget\" data-widget_type=\"text-editor.default\">\n<div class=\"elementor-widget-container\">\n<div class=\"elementor-text-editor elementor-clearfix\">\n<ul>\n<li>Fin, personnel, \u00e9quilibr\u00e9, savoureux. C\u2019est un jambon \u00e9l\u00e9gant qui impr\u00e8gne ses saveurs fondamentales d\u00e9j\u00e0 en bouche.<\/li>\n<li>Son excellent \u00e9quilibre en salinit\u00e9 r\u00e9v\u00e8le les justes notes sucr\u00e9es, l\u00e9g\u00e8res et claires, qui nuancent pr\u00e9cis\u00e9ment les points caract\u00e9ristiques de l\u2019amertume.<\/li>\n<\/ul>\n<\/div>\n<\/div>\n<\/div>\n<\/div>\n<\/div>\n<\/div>\n<h3>EPAULE 100% IB\u00c9RIQUE BELLOTA<\/h3>\n<p>Ingr\u00e9dients : jambon d&rsquo;\u00e9paule de porc ib\u00e9rique, sel marin et temps. Sans agents nitrifiants, lactose, gluten ni allerg\u00e8nes.<\/p>\n<p>&nbsp;<\/p>\n","protected":false},"excerpt":{"rendered":"<h3>EPAULE 100% IB\u00c9RIQUE BELLOTA<\/h3>\n<p>Originaire de Guijuelo,<span class=\"Apple-converted-space\">\u00a0 <\/span>au coeur de la montagne de Salamanca.<\/p>\n<p>Une teneur en sel parfaite combin\u00e9e avec notre affinage compl\u00e8tement naturel pendant plus de 36 mois se traduit par un excellent produit, avec une infiltration parfaite de graisse. Un ar\u00f4me et un go\u00fbt qui surprennent toujours.<\/p>\n","protected":false},"featured_media":8178,"comment_status":"open","ping_status":"closed","template":"","meta":[],"product_brand":[],"product_cat":[399,397],"product_tag":[],"class_list":{"0":"post-1772","1":"product","2":"type-product","3":"status-publish","4":"has-post-thumbnail","6":"product_cat-entiers-epaule","7":"product_cat-epaule-iberique","8":"tm-has-options","10":"first","11":"instock","12":"taxable","13":"shipping-taxable","14":"purchasable","15":"product-type-variable"},"_links":{"self":[{"href":"https:\/\/jamonesibericosmadrid.com\/fr\/wp-json\/wp\/v2\/product\/1772","targetHints":{"allow":["GET"]}}],"collection":[{"href":"https:\/\/jamonesibericosmadrid.com\/fr\/wp-json\/wp\/v2\/product"}],"about":[{"href":"https:\/\/jamonesibericosmadrid.com\/fr\/wp-json\/wp\/v2\/types\/product"}],"replies":[{"embeddable":true,"href":"https:\/\/jamonesibericosmadrid.com\/fr\/wp-json\/wp\/v2\/comments?post=1772"}],"wp:featuredmedia":[{"embeddable":true,"href":"https:\/\/jamonesibericosmadrid.com\/fr\/wp-json\/wp\/v2\/media\/8178"}],"wp:attachment":[{"href":"https:\/\/jamonesibericosmadrid.com\/fr\/wp-json\/wp\/v2\/media?parent=1772"}],"wp:term":[{"taxonomy":"product_brand","embeddable":true,"href":"https:\/\/jamonesibericosmadrid.com\/fr\/wp-json\/wp\/v2\/product_brand?post=1772"},{"taxonomy":"product_cat","embeddable":true,"href":"https:\/\/jamonesibericosmadrid.com\/fr\/wp-json\/wp\/v2\/product_cat?post=1772"},{"taxonomy":"product_tag","embeddable":true,"href":"https:\/\/jamonesibericosmadrid.com\/fr\/wp-json\/wp\/v2\/product_tag?post=1772"}],"curies":[{"name":"wp","href":"https:\/\/api.w.org\/{rel}","templated":true}]}}