{"id":1807,"date":"2018-05-17T18:57:59","date_gmt":"2018-05-17T16:58:00","guid":{"rendered":"https:\/\/jamonesibericosmadrid.com\/?post_type=product&#038;p=1807"},"modified":"2019-12-04T20:19:12","modified_gmt":"2019-12-04T19:19:12","slug":"pago-de-carraovejas-anada-2015","status":"publish","type":"product","link":"https:\/\/jamonesibericosmadrid.com\/fr\/producto\/pago-de-carraovejas-anada-2015\/","title":{"rendered":"Pago de Carraovejas A\u00f1ada 2015"},"content":{"rendered":"<p>Une grande ann\u00e9e dans la r\u00e9gion Ribera de Duero, confirm\u00e9e par un grand vin.<\/p>\n<p>A la d\u00e9gustation il offre une robe rouge cerise avec une bordure d&rsquo;un grenat intense. Quant \u00e0 son ar\u00f4me, les premi\u00e8res notes rappellent le cuir vieilli avec des traces de cacao, ensuites ce sont les fruits noirs qui ressortent, pour finir sur du marc de caf\u00e9 et des \u00e9pices. En bouche il est charnu, bien charpent\u00e9, avec une bonne acidit\u00e9.<\/p>\n<p>Id\u00e9al pour accompagner du gibier.<\/p>\n<p>Cat\u00e9gorie: 12 mois Reserva (= rouge grand mill\u00e9sime)<\/p>\n<p>C\u00e9pages:\u00a0 Tinto fino 90%, Cabernet Sauvignon 6% y Merlot 4%<\/p>\n<p>D.O. (=AOC): Ribera de Duero<\/p>\n<p>Mill\u00e9sime : Excellent<\/p>\n","protected":false},"excerpt":{"rendered":"<p>Une grande ann\u00e9e dans la r\u00e9gion Ribera de Duero, confirm\u00e9e par un grand vin.<\/p>\n","protected":false},"featured_media":6881,"comment_status":"open","ping_status":"closed","template":"","meta":[],"product_brand":[],"product_cat":[68],"product_tag":[],"class_list":{"0":"post-1807","1":"product","2":"type-product","3":"status-publish","4":"has-post-thumbnail","6":"product_cat-vins","7":"tm-no-options","9":"first","10":"instock","11":"taxable","12":"shipping-taxable","13":"purchasable","14":"product-type-simple"},"_links":{"self":[{"href":"https:\/\/jamonesibericosmadrid.com\/fr\/wp-json\/wp\/v2\/product\/1807","targetHints":{"allow":["GET"]}}],"collection":[{"href":"https:\/\/jamonesibericosmadrid.com\/fr\/wp-json\/wp\/v2\/product"}],"about":[{"href":"https:\/\/jamonesibericosmadrid.com\/fr\/wp-json\/wp\/v2\/types\/product"}],"replies":[{"embeddable":true,"href":"https:\/\/jamonesibericosmadrid.com\/fr\/wp-json\/wp\/v2\/comments?post=1807"}],"wp:featuredmedia":[{"embeddable":true,"href":"https:\/\/jamonesibericosmadrid.com\/fr\/wp-json\/wp\/v2\/media\/6881"}],"wp:attachment":[{"href":"https:\/\/jamonesibericosmadrid.com\/fr\/wp-json\/wp\/v2\/media?parent=1807"}],"wp:term":[{"taxonomy":"product_brand","embeddable":true,"href":"https:\/\/jamonesibericosmadrid.com\/fr\/wp-json\/wp\/v2\/product_brand?post=1807"},{"taxonomy":"product_cat","embeddable":true,"href":"https:\/\/jamonesibericosmadrid.com\/fr\/wp-json\/wp\/v2\/product_cat?post=1807"},{"taxonomy":"product_tag","embeddable":true,"href":"https:\/\/jamonesibericosmadrid.com\/fr\/wp-json\/wp\/v2\/product_tag?post=1807"}],"curies":[{"name":"wp","href":"https:\/\/api.w.org\/{rel}","templated":true}]}}