{"id":2137,"date":"2018-11-29T11:03:03","date_gmt":"2018-11-29T10:03:03","guid":{"rendered":"https:\/\/jamonesibericosmadrid.com\/?post_type=product&#038;p=2137"},"modified":"2020-01-20T19:18:08","modified_gmt":"2020-01-20T18:18:08","slug":"bouzy-rouge-100-pinot-noir","status":"publish","type":"product","link":"https:\/\/jamonesibericosmadrid.com\/fr\/producto\/bouzy-rouge-100-pinot-noir\/","title":{"rendered":"Bouzy Rouge  100% Pinot Noir"},"content":{"rendered":"<p>BOUZY ROUGE 2015<br \/>\nCOTEAUX CHAMPENOIS<br \/>\nFinesse et l\u00e9g\u00e8ret\u00e9<\/p>\n<p>EPUISE &#8211; Disponibilit\u00e9 Bouzy Rouge 2018 sera communiqu\u00e9 prochainement. Notre Coteaux Champenois AOC Bouzy Rouge est \u00e9labor\u00e9 uniquement des meilleurs ann\u00e9es de vendanges, \u00e0 partir de Pinot noir issus nos parcelles choisis Grand Cru de Bouzy. Fin et l\u00e9ger, d&rsquo;une robe rubis, ce vin tranquille d\u00e9veloppe des ar\u00f4mes de petits fruits rouges, tout particuli\u00e8rement de framboise.<\/p>\n<p>ANNEE 2015<\/p>\n<p>CARACT\u00c9RISTIQUES<br \/>\n100% Pinot noir, s\u00e9lection rigoureuse des grappes, vinification artisanale par le foulage et l&rsquo;\u00e9grappage<\/p>\n<p>D\u00c9GUSTATION<br \/>\nSe d\u00e9guste chambr\u00e9 avec des viandes blanches et rouges ou des fromages, et s&rsquo;appr\u00e9cie l\u00e9g\u00e8rement frais avec des crustac\u00e9s et poissons grill\u00e9es.<\/p>\n","protected":false},"excerpt":{"rendered":"<p>BOUZY ROUGE 2015<br \/>\nCOTEAUX CHAMPENOIS<br \/>\nFinesse et l\u00e9g\u00e8ret\u00e9<\/p>\n","protected":false},"featured_media":2165,"comment_status":"open","ping_status":"closed","template":"","meta":[],"product_brand":[],"product_cat":[68],"product_tag":[],"class_list":{"0":"post-2137","1":"product","2":"type-product","3":"status-publish","4":"has-post-thumbnail","6":"product_cat-vins","7":"tm-no-options","9":"first","10":"instock","11":"taxable","12":"shipping-taxable","13":"purchasable","14":"product-type-simple"},"_links":{"self":[{"href":"https:\/\/jamonesibericosmadrid.com\/fr\/wp-json\/wp\/v2\/product\/2137","targetHints":{"allow":["GET"]}}],"collection":[{"href":"https:\/\/jamonesibericosmadrid.com\/fr\/wp-json\/wp\/v2\/product"}],"about":[{"href":"https:\/\/jamonesibericosmadrid.com\/fr\/wp-json\/wp\/v2\/types\/product"}],"replies":[{"embeddable":true,"href":"https:\/\/jamonesibericosmadrid.com\/fr\/wp-json\/wp\/v2\/comments?post=2137"}],"wp:featuredmedia":[{"embeddable":true,"href":"https:\/\/jamonesibericosmadrid.com\/fr\/wp-json\/wp\/v2\/media\/2165"}],"wp:attachment":[{"href":"https:\/\/jamonesibericosmadrid.com\/fr\/wp-json\/wp\/v2\/media?parent=2137"}],"wp:term":[{"taxonomy":"product_brand","embeddable":true,"href":"https:\/\/jamonesibericosmadrid.com\/fr\/wp-json\/wp\/v2\/product_brand?post=2137"},{"taxonomy":"product_cat","embeddable":true,"href":"https:\/\/jamonesibericosmadrid.com\/fr\/wp-json\/wp\/v2\/product_cat?post=2137"},{"taxonomy":"product_tag","embeddable":true,"href":"https:\/\/jamonesibericosmadrid.com\/fr\/wp-json\/wp\/v2\/product_tag?post=2137"}],"curies":[{"name":"wp","href":"https:\/\/api.w.org\/{rel}","templated":true}]}}