{"id":2158,"date":"2018-11-28T21:28:38","date_gmt":"2018-11-28T20:28:38","guid":{"rendered":"https:\/\/jamonesibericosmadrid.com\/producto\/delavenne-grand-cru-rose\/"},"modified":"2018-11-28T21:28:38","modified_gmt":"2018-11-28T20:28:38","slug":"delavenne-grand-cru-rose","status":"publish","type":"product","link":"https:\/\/jamonesibericosmadrid.com\/fr\/producto\/delavenne-grand-cru-rose\/","title":{"rendered":"DELAVENNE Grand Cru Ros\u00e9"},"content":{"rendered":"<p>BRUT ROS\u00c9<br \/>\nGRAND CRU<br \/>\nFra\u00eecheur et fruit\u00e9<\/p>\n<p>Cuv\u00e9e Mono-cru Bouzy, cr\u00e9e d&rsquo;un assemblage de deux ann\u00e9es de vendange s\u00e9lectionn\u00e9 . Ce champagne Ros\u00e9 est le fruit de l&rsquo;assemblage de Pinot noir, de Chardonnay et de notre A.O.C. Bouzy Rouge. Laissez-vous s\u00e9duire par sa robe framboise et son nez franc aux ar\u00f4mes de fraises et de m\u00fbres.<\/p>\n<p>CARACT\u00c9RISTIQUES<br \/>\n43% de Pinot noir, 40% de Chardonnay et 17% de Bouzy Rouge, sans fermentation malolactique. Vinifi\u00e9 en inox<\/p>\n<p>D\u00c9GUSTATION<br \/>\nG\u00e9n\u00e9reuse et vineuse aux ar\u00f4mes de fruits rouges, pommes rouges r\u00f4ties au four, aux \u00e9pices et de p\u00e9tales de rose. Se d\u00e9guste parfaitement \u00e0 l&rsquo;ap\u00e9ritif ainsi qu&rsquo;avec des desserts chocolat\u00e9s ou aux fruits rouges.<\/p>\n","protected":false},"excerpt":{"rendered":"<p>BRUT ROS\u00c9 GRAND CRU Fra\u00eecheur et fruit\u00e9 Cuv\u00e9e Mono-cru Bouzy,  [&#8230;]<\/p>\n","protected":false},"featured_media":2186,"comment_status":"open","ping_status":"closed","template":"","meta":[],"product_brand":[],"product_cat":[62],"product_tag":[],"class_list":{"0":"post-2158","1":"product","2":"type-product","3":"status-publish","4":"has-post-thumbnail","6":"product_cat-champagnes-fr","7":"tm-no-options","9":"first","10":"instock","11":"taxable","12":"shipping-taxable","13":"purchasable","14":"product-type-simple"},"_links":{"self":[{"href":"https:\/\/jamonesibericosmadrid.com\/fr\/wp-json\/wp\/v2\/product\/2158","targetHints":{"allow":["GET"]}}],"collection":[{"href":"https:\/\/jamonesibericosmadrid.com\/fr\/wp-json\/wp\/v2\/product"}],"about":[{"href":"https:\/\/jamonesibericosmadrid.com\/fr\/wp-json\/wp\/v2\/types\/product"}],"replies":[{"embeddable":true,"href":"https:\/\/jamonesibericosmadrid.com\/fr\/wp-json\/wp\/v2\/comments?post=2158"}],"wp:featuredmedia":[{"embeddable":true,"href":"https:\/\/jamonesibericosmadrid.com\/fr\/wp-json\/wp\/v2\/media\/2186"}],"wp:attachment":[{"href":"https:\/\/jamonesibericosmadrid.com\/fr\/wp-json\/wp\/v2\/media?parent=2158"}],"wp:term":[{"taxonomy":"product_brand","embeddable":true,"href":"https:\/\/jamonesibericosmadrid.com\/fr\/wp-json\/wp\/v2\/product_brand?post=2158"},{"taxonomy":"product_cat","embeddable":true,"href":"https:\/\/jamonesibericosmadrid.com\/fr\/wp-json\/wp\/v2\/product_cat?post=2158"},{"taxonomy":"product_tag","embeddable":true,"href":"https:\/\/jamonesibericosmadrid.com\/fr\/wp-json\/wp\/v2\/product_tag?post=2158"}],"curies":[{"name":"wp","href":"https:\/\/api.w.org\/{rel}","templated":true}]}}