{"id":2848,"date":"2019-11-29T11:21:01","date_gmt":"2019-11-29T10:21:01","guid":{"rendered":"https:\/\/jamonesibericosmadrid.com\/producto\/jambon-iberique-de-bellota-qualite-superiore-4-ans\/"},"modified":"2021-05-05T22:12:01","modified_gmt":"2021-05-05T20:12:01","slug":"jambon-iberique-de-bellota-qualite-superiore-4-ans","status":"publish","type":"product","link":"https:\/\/jamonesibericosmadrid.com\/fr\/producto\/jambon-iberique-de-bellota-qualite-superiore-4-ans\/","title":{"rendered":"Jambon 100% Ib\u00e9rique de bellota qualit\u00e9 superiore 4 ans avec en cadeau un lomo ( filet 100% iberique) de bellota + couteau professionnel"},"content":{"rendered":"<h4>Jambon 100% Ib\u00e9rique de bellota qualit\u00e9 superiore 4 ans avec en cadeau un lomo ( filet 100% iberique) de bellota + couteau professionnel<\/h4>\n","protected":false},"excerpt":{"rendered":"<h4>Jambon 100% Ib\u00e9rique de bellota qualit\u00e9 superiore 4 ans avec en cadeau un lomo ( filet 100% iberique) de bellota + couteau professionnel<\/h4>\n<p>Notre offre du centenaire comprend un extraordinaire jambon 100% ib\u00e9rique Gabriel Casta\u00f1o + un filet ib\u00e9rique \u00ab\u00a0G. Casta\u00f1o\u00a0\u00bb et un couteau \u00e0 jambon.<\/p>\n","protected":false},"featured_media":2820,"comment_status":"open","ping_status":"closed","template":"","meta":[],"product_brand":[],"product_cat":[66],"product_tag":[],"class_list":{"0":"post-2848","1":"product","2":"type-product","3":"status-publish","4":"has-post-thumbnail","6":"product_cat-jambon-iberique","7":"tm-no-options","9":"first","10":"outofstock","11":"sale","12":"taxable","13":"shipping-taxable","14":"purchasable","15":"product-type-simple"},"_links":{"self":[{"href":"https:\/\/jamonesibericosmadrid.com\/fr\/wp-json\/wp\/v2\/product\/2848","targetHints":{"allow":["GET"]}}],"collection":[{"href":"https:\/\/jamonesibericosmadrid.com\/fr\/wp-json\/wp\/v2\/product"}],"about":[{"href":"https:\/\/jamonesibericosmadrid.com\/fr\/wp-json\/wp\/v2\/types\/product"}],"replies":[{"embeddable":true,"href":"https:\/\/jamonesibericosmadrid.com\/fr\/wp-json\/wp\/v2\/comments?post=2848"}],"wp:featuredmedia":[{"embeddable":true,"href":"https:\/\/jamonesibericosmadrid.com\/fr\/wp-json\/wp\/v2\/media\/2820"}],"wp:attachment":[{"href":"https:\/\/jamonesibericosmadrid.com\/fr\/wp-json\/wp\/v2\/media?parent=2848"}],"wp:term":[{"taxonomy":"product_brand","embeddable":true,"href":"https:\/\/jamonesibericosmadrid.com\/fr\/wp-json\/wp\/v2\/product_brand?post=2848"},{"taxonomy":"product_cat","embeddable":true,"href":"https:\/\/jamonesibericosmadrid.com\/fr\/wp-json\/wp\/v2\/product_cat?post=2848"},{"taxonomy":"product_tag","embeddable":true,"href":"https:\/\/jamonesibericosmadrid.com\/fr\/wp-json\/wp\/v2\/product_tag?post=2848"}],"curies":[{"name":"wp","href":"https:\/\/api.w.org\/{rel}","templated":true}]}}