{"id":3300,"date":"2020-11-05T13:22:34","date_gmt":"2020-11-05T12:22:34","guid":{"rendered":"https:\/\/jamonesibericosmadrid.com\/?post_type=product&#038;p=3300"},"modified":"2025-11-24T14:36:47","modified_gmt":"2025-11-24T13:36:47","slug":"jambon-iberique-de-bellota-gabriel-castano-2021","status":"publish","type":"product","link":"https:\/\/jamonesibericosmadrid.com\/fr\/producto\/jambon-iberique-de-bellota-gabriel-castano-2021\/","title":{"rendered":"Jambon ib\u00e9rique de bellota Gabriel Casta\u00f1o 2021"},"content":{"rendered":"<h1>Jambon ib\u00e9rique de bellota Gabriel Casta\u00f1o 2021<\/h1>\n<p>Ces jambons proviennent de porcs \u00e9lev\u00e9s \u00e0 l&rsquo;air libre, puis mis \u00e0 s\u00e9cher pendant au moins 48 mois dans des grottes.<\/p>\n<p>C&rsquo;est ce processus qui leur donne cette saveur intense et si particuli\u00e8re<span class=\"Apple-converted-space\">\u00a0\u00a0<\/span>floraison typique de cette maison v\u00e9ritablement artisanale. <strong>Production limit\u00e9e.<\/strong><br \/>\nIngr\u00e9dients. jambon de porc ib\u00e9rique pur, sel marin et temps.<\/p>\n<div id=\"attachment_2713\" style=\"width: 203px\" class=\"wp-caption alignleft\"><img decoding=\"async\" aria-describedby=\"caption-attachment-2713\" class=\"wp-image-2713 \" src=\"https:\/\/jamonesibericosmadrid.com\/wp-content\/uploads\/2019\/11\/casta\u00f1o.jpg\" alt=\"Jambon ib\u00e9rique de bellota Gabriel Casta\u00f1o 2021\" width=\"193\" height=\"136\" srcset=\"https:\/\/jamonesibericosmadrid.com\/wp-content\/uploads\/2019\/11\/casta\u00f1o-200x141.jpg 200w, https:\/\/jamonesibericosmadrid.com\/wp-content\/uploads\/2019\/11\/casta\u00f1o.jpg 250w\" sizes=\"(max-width: 193px) 100vw, 193px\" \/><p id=\"caption-attachment-2713\" class=\"wp-caption-text\">Jambon ib\u00e9rique de bellota Gabriel Casta\u00f1o 2021<\/p><\/div>\n<p>Porte-drapeau du joyau de la gastronomie, car chaque pi\u00e8ce de jambon de gland 100% ib\u00e9rique est unique : l\u2019aboutissement de la confluence de la meilleure mati\u00e8re premi\u00e8re, \u00e9lev\u00e9e en race pure dans les meilleurs p\u00e2turages.<\/p>\n<p>Et du processus naturel de maturation dans nos caves de Cumbres Mayores.<\/p>\n<p>L\u2019\u00e2me d\u2019<a href=\"https:\/\/jamonesibericosmadrid.com\/fr\/produit\/jambon-iberique-de-la-maison-gabriel-castano-avec-en-cadeau-un-lomo-filet-100-iberique-de-bellota\/\" target=\"_blank\" rel=\"noopener\">Gabriel Casta\u00f1o<\/a>\u00a0 . L\u2019insigne des piliers qui soutiennent notre entreprise depuis 1917 : excellence, artisanat, honn\u00eatet\u00e9, tradition.<\/p>\n<p id=\"product-description-heading\" class=\"info__title accordion-header\">Ss\u00e9lectionn\u00e9s parmi les meilleurs jambons, directement chez les producteurs en Espagne, dans chaque r\u00e9gion d\u2019affinage.<\/p>\n<div id=\"product-description-collapse\" class=\"info__content accordion-collapse collapse show\" data-bs-parent=\"#product-infos-accordion\">\n<div class=\"product__description accordion-body rich-text\">\n<p>Issus du fameux cochon ib\u00e9rique aux pattes noires, ces jambons sont produits artisanalement avec un processus de fabrication qui dure des ann\u00e9es.<\/p>\n<p>Salage, post-salage, s\u00e9chage et affinage\u00a0: ce sont les quatre \u00e9tapes qui fa\u00e7onnent chaque jambon, lui donnent son aspect, son go\u00fbt, ses saveurs, ses ar\u00f4mes et sa texture unique.<\/p>\n<h2>Jambon ib\u00e9rique de bellota Gabriel Casta\u00f1o 2021<\/h2>\n<p>Issus du fameux cochon ib\u00e9rique aux pattes noires, ces jambons sont produits artisanalement avec un processus de fabrication qui dure des ann\u00e9es.<\/p>\n<p>Salage, post-salage, s\u00e9chage et affinage\u00a0: ce sont les quatre \u00e9tapes qui fa\u00e7onnent chaque jambon, lui donnent son aspect, son go\u00fbt, ses saveurs, ses ar\u00f4mes et sa texture unique.<\/p>\n<p>Le jambon entier fera son effet aupr\u00e8s de vos convives. Majestueux, imposant, sa d\u00e9coupe est spectaculaire et sa d\u00e9gustation, une exp\u00e9rience gustative unique.<\/p>\n<section class=\"elementor-section elementor-top-section elementor-element elementor-element-9bc0523 elementor-section-boxed elementor-section-height-default elementor-section-height-default\" data-id=\"9bc0523\" data-element_type=\"section\">\n<div class=\"elementor-container elementor-column-gap-wider\">\n<div class=\"elementor-row\">\n<div class=\"elementor-column elementor-col-100 elementor-top-column elementor-element elementor-element-1982302\" data-id=\"1982302\" data-element_type=\"column\">\n<div class=\"elementor-column-wrap elementor-element-populated\">\n<div class=\"elementor-widget-wrap\">\n<div class=\"elementor-element elementor-element-ec8a76d elementor-widget elementor-widget-pp-advanced-tabs\" data-id=\"ec8a76d\" data-element_type=\"widget\" data-widget_type=\"pp-advanced-tabs.default\">\n<div class=\"elementor-widget-container\">\n<div class=\"pp-advanced-tabs pp-style-0 pp-tabs-responsive-tablet pp-advabced-tabs-responsive\" role=\"tablist\">\n<div class=\"pp-advanced-tabs-content-wrapper pp-tabs-panels at-horizontal-content\">\n<div class=\"pp-tabs-panel\">\n<div id=\"pp-advanced-tabs-content-2481\" class=\"pp-advanced-tabs-content elementor-clearfix pp-advanced-tabs-tab_content pp-tab-active\" role=\"tabpanel\" data-tab=\"1\" data-index=\"2481\" aria-labelledby=\"pp-advanced-tabs-title-2481\">\n<p>Le porte-drapeau du joyau de la gastronomie, car chaque pi\u00e8ce de jambon ib\u00e9rique est unique : l\u2019aboutissement de la confluence de la meilleure mati\u00e8re premi\u00e8re, de race pure et \u00e9lev\u00e9e dans les meilleurs p\u00e2turages, et du processus naturel de maturation dans nos caves de Cumbres.<\/p>\n<p>Le temps n\u2019est un alli\u00e9 que si l\u2019on sait attendre : deux ans de vie \u00e0 l\u2019\u00e9tat sauvage, dans les p\u00e2turages, avec deux \u201cmontaneras\u201d pour garantir le double apport des glands et leurs saines propri\u00e9t\u00e9s nutritionnelles .<\/p>\n<p>Puis un minimum de 36 mois d\u2019affinage \u00e0 <a href=\"https:\/\/es.wikipedia.org\/wiki\/Cumbres_Mayores\" target=\"_blank\" rel=\"nofollow noopener\">Cumbres<\/a>, dans des s\u00e9choirs naturels, au vent froid et sec des cha\u00eenes de montagnes de Huelva.<\/p>\n<p>Il en r\u00e9sulte la production d\u2019un jambon de gland 100% ib\u00e9rique, unique au monde et aux caract\u00e9ristiques exceptionnelles, un v\u00e9ritable joyau de la gastronomie.<\/p>\n<h2>Jambon ib\u00e9rique de bellota Gabriel Casta\u00f1o 2021<\/h2>\n<p>Chaque jour est diff\u00e9rent, un v\u00e9ritable d\u00e9fi, et seule la connaissance approfondie de plus de cent ans d\u2019exp\u00e9rience d\u2019une famille qui aime son travail peut garantir que le jambon 100% ib\u00e9rique nourri au gland qui arrive sur votre table est unique parmi les jambons ib\u00e9riques : l\u2019essence d\u2019une saveur pure, \u00e9quilibr\u00e9e et compl\u00e8te. Inoubliable.<\/p>\n<p>L\u2019insigne des piliers qui soutiennent notre entreprise depuis 1917 : excellence, artisanat, honn\u00eatet\u00e9, tradition.<\/p>\n<\/div>\n<\/div>\n<div class=\"pp-tabs-panel\">\n<div class=\"elementor-column elementor-col-50 elementor-inner-column elementor-element elementor-element-d4e28d0\" data-id=\"d4e28d0\" data-element_type=\"column\">\n<div class=\"elementor-column-wrap elementor-element-populated\">\n<div class=\"elementor-widget-wrap\">\n<div class=\"elementor-element elementor-element-a2605ae elementor-widget elementor-widget-text-editor\" data-id=\"a2605ae\" data-element_type=\"widget\" data-widget_type=\"text-editor.default\">\n<div class=\"elementor-widget-container\">\n<div class=\"elementor-text-editor elementor-clearfix\">\n<h3>Jambon ib\u00e9rique de bellota Gabriel Casta\u00f1o 2021<\/h3>\n<div id=\"attachment_5019\" style=\"width: 220px\" class=\"wp-caption alignleft\"><img decoding=\"async\" aria-describedby=\"caption-attachment-5019\" class=\"wp-image-5019 \" src=\"https:\/\/jamonesibericosmadrid.com\/wp-content\/uploads\/2021\/02\/FOTO-DE-PRODUCTOS-JAMON-1-300x206.jpg\" alt=\"Jambon ib\u00e9rique de bellota Gabriel Casta\u00f1o 2021\" width=\"210\" height=\"144\" srcset=\"https:\/\/jamonesibericosmadrid.com\/wp-content\/uploads\/2021\/02\/FOTO-DE-PRODUCTOS-JAMON-1-200x137.jpg 200w, https:\/\/jamonesibericosmadrid.com\/wp-content\/uploads\/2021\/02\/FOTO-DE-PRODUCTOS-JAMON-1-300x206.jpg 300w, https:\/\/jamonesibericosmadrid.com\/wp-content\/uploads\/2021\/02\/FOTO-DE-PRODUCTOS-JAMON-1-400x275.jpg 400w, https:\/\/jamonesibericosmadrid.com\/wp-content\/uploads\/2021\/02\/FOTO-DE-PRODUCTOS-JAMON-1-500x343.jpg 500w, https:\/\/jamonesibericosmadrid.com\/wp-content\/uploads\/2021\/02\/FOTO-DE-PRODUCTOS-JAMON-1.jpg 510w\" sizes=\"(max-width: 210px) 100vw, 210px\" \/><p id=\"caption-attachment-5019\" class=\"wp-caption-text\">Jambon ib\u00e9rique de bellota Gabriel Casta\u00f1o 2021<\/p><\/div>\n<p>ASPECT<\/p>\n<\/div>\n<\/div>\n<\/div>\n<div class=\"elementor-element elementor-element-8399280 elementor-widget elementor-widget-text-editor\" data-id=\"8399280\" data-element_type=\"widget\" data-widget_type=\"text-editor.default\">\n<div class=\"elementor-widget-container\">\n<div class=\"elementor-text-editor elementor-clearfix\">\n<ul>\n<li>Brillant et uniforme, avec une excellente couverture du gras.<\/li>\n<li>Des tranches d\u2019un rouge profond tachet\u00e9es de thyroxine, l\u2019acide amin\u00e9 qui se cristallise sous l\u2019effet d\u2019une excellente maturation.<\/li>\n<\/ul>\n<\/div>\n<\/div>\n<\/div>\n<div class=\"elementor-element elementor-element-6f91fe7 elementor-widget elementor-widget-text-editor\" data-id=\"6f91fe7\" data-element_type=\"widget\" data-widget_type=\"text-editor.default\">\n<div class=\"elementor-widget-container\">\n<div class=\"elementor-text-editor elementor-clearfix\">\n<p>AROMA<\/p>\n<\/div>\n<\/div>\n<\/div>\n<div class=\"elementor-element elementor-element-2ca2220 elementor-widget elementor-widget-text-editor\" data-id=\"2ca2220\" data-element_type=\"widget\" data-widget_type=\"text-editor.default\">\n<div class=\"elementor-widget-container\">\n<div class=\"elementor-text-editor elementor-clearfix\">\n<ul>\n<li>Ar\u00f4mes puissants, agr\u00e9ables, sp\u00e9cifiques, attractifs.<\/li>\n<li>Ils restent longs, tr\u00e8s francs et clairs.<br \/>\nEn arri\u00e8re-plan, il pr\u00e9sente des notes tr\u00e8s sinc\u00e8res de fruits secs frais et de noix.<\/li>\n<\/ul>\n<\/div>\n<\/div>\n<\/div>\n<\/div>\n<\/div>\n<\/div>\n<div class=\"elementor-column elementor-col-50 elementor-inner-column elementor-element elementor-element-1e5484b\" data-id=\"1e5484b\" data-element_type=\"column\">\n<div class=\"elementor-column-wrap elementor-element-populated\">\n<div class=\"elementor-widget-wrap\">\n<div class=\"elementor-element elementor-element-0268830 elementor-widget elementor-widget-text-editor\" data-id=\"0268830\" data-element_type=\"widget\" data-widget_type=\"text-editor.default\">\n<div class=\"elementor-widget-container\">\n<div class=\"elementor-text-editor elementor-clearfix\">\n<p>TEXTURE<\/p>\n<\/div>\n<\/div>\n<\/div>\n<div class=\"elementor-element elementor-element-3149285 elementor-widget elementor-widget-text-editor\" data-id=\"3149285\" data-element_type=\"widget\" data-widget_type=\"text-editor.default\">\n<div class=\"elementor-widget-container\">\n<div class=\"elementor-text-editor elementor-clearfix\">\n<ul>\n<li>Texture juteuse, tr\u00e8s agr\u00e9able en bouche.<\/li>\n<li>Tendre mais ferme : conserve sa structure pendant la mastication.<\/li>\n<\/ul>\n<\/div>\n<\/div>\n<\/div>\n<div class=\"elementor-element elementor-element-d0834bc elementor-widget elementor-widget-text-editor\" data-id=\"d0834bc\" data-element_type=\"widget\" data-widget_type=\"text-editor.default\">\n<div class=\"elementor-widget-container\">\n<div class=\"elementor-text-editor elementor-clearfix\">\n<p>TASTE<\/p>\n<\/div>\n<\/div>\n<\/div>\n<div class=\"elementor-element elementor-element-11ecb1e elementor-widget elementor-widget-text-editor\" data-id=\"11ecb1e\" data-element_type=\"widget\" data-widget_type=\"text-editor.default\">\n<div class=\"elementor-widget-container\">\n<div class=\"elementor-text-editor elementor-clearfix\">\n<ul>\n<li>Fin, personnel, \u00e9quilibr\u00e9, savoureux. C\u2019est un jambon \u00e9l\u00e9gant qui impr\u00e8gne ses saveurs fondamentales d\u00e9j\u00e0 en bouche.<\/li>\n<li>Son excellent \u00e9quilibre en salinit\u00e9 r\u00e9v\u00e8le les justes notes sucr\u00e9es, l\u00e9g\u00e8res et claires, qui nuancent pr\u00e9cis\u00e9ment les points caract\u00e9ristiques de l\u2019amertume.<\/li>\n<\/ul>\n<\/div>\n<\/div>\n<\/div>\n<\/div>\n<\/div>\n<\/div>\n<\/div>\n<\/div>\n<\/div>\n<\/div>\n<\/div>\n<\/div>\n<\/div>\n<\/div>\n<\/div>\n<\/div>\n<\/section>\n<section class=\"elementor-section elementor-top-section elementor-element elementor-element-5d8ebec elementor-section-boxed elementor-section-height-default elementor-section-height-default\" data-id=\"5d8ebec\" data-element_type=\"section\">\n<div class=\"elementor-container elementor-column-gap-wider\">\n<div class=\"elementor-row\">\n<div class=\"elementor-column elementor-col-50 elementor-top-column elementor-element elementor-element-764475e\" data-id=\"764475e\" data-element_type=\"column\">\n<div class=\"elementor-column-wrap elementor-element-populated\">\n<div class=\"elementor-widget-wrap\">\n<div class=\"elementor-element elementor-element-5742700 elementor-widget elementor-widget-image\" data-id=\"5742700\" data-element_type=\"widget\" data-widget_type=\"image.default\">\n<div class=\"elementor-widget-container\">\u00a0<strong>En<a href=\"https:\/\/es.wikipedia.org\/wiki\/Cumbres_Mayores\" target=\"_blank\" rel=\"noopener\"> Cumbres Mayores<\/a>, L\u00f3pez Pascual s\u00e9lectionne des jambons au go\u00fbt puissant, savoureux et g\u00e9n\u00e9reux \u00e0 la fois.<\/strong><\/div>\n<\/div>\n<\/div>\n<\/div>\n<\/div>\n<\/div>\n<\/div>\n<\/section>\n<p>Tranch\u00e9 en p\u00e9tales, le jambon\u00a0 Gabriel Casta\u00f1o est mis sous vide pour une conservation optimale. Avant de le d\u00e9guster, suivez les conseils ci-dessous pour une exp\u00e9rience parfaite de d\u00e9gustation.<\/p>\n<\/div>\n<\/div>\n<div class=\"product-feature-title\">\n<h3>Jambon ib\u00e9rique de bellota Gabriel Casta\u00f1o 2021<\/h3>\n<p>INGR\u00c9DIENTS<\/p>\n<\/div>\n<p class=\"product-feature-text\"><strong>Jambon et sel de mer. <span style=\"font-size: 16px;\">Sans agents nitrifiants, lac<\/span>tose, gluten ni allerg\u00e8nes.<\/strong><\/p>\n","protected":false},"excerpt":{"rendered":"<h2>Jambon ib\u00e9rique de bellota Gabriel Casta\u00f1o 2021<\/h2>\n[caption id=\"attachment_969\" align=\"alignleft\" width=\"365\"]<img decoding=\"async\" class=\"wp-image-969\" src=\"https:\/\/jamonesibericosmadrid.com\/wp-content\/uploads\/2018\/04\/jamones-ibericos-madrid-slider-1.jpg\" alt=\"Jambon ib\u00e9rique de bellota Gabriel Casta\u00f1o 2021\" width=\"365\" height=\"114\" \/> Jambon ib\u00e9rique de bellota Gabriel Casta\u00f1o 2021[\/caption]\n<p>Ces jambons proviennent de porcs \u00e9lev\u00e9s \u00e0 l&rsquo;air libre, puis mis \u00e0 s\u00e9cher pendant au moins 36 mois dans des grottes.<\/p>\n<p>Le temps n\u2019est un alli\u00e9 que si l\u2019on sait attendre : deux ans de vie \u00e0 l\u2019\u00e9tat sauvage, dans les p\u00e2turages, avec deux \u201cmontaneras\u201d pour garantir le double apport des glands.<\/p>\n<p>Puis un minimum de 36 mois d\u2019affinage \u00e0 Cumbres, dans des s\u00e9choirs naturels, au vent froid et sec des cha\u00eenes de montagnes de Huelva.<\/p>\n<p>Jambon pata fina. Graisse dor\u00e9e \u00e0 ros\u00e9e avec une consistance douce et onctueuse.<\/p>\n<p>La couleur de la viande varie du rouge profond au rose p\u00e2le, avec de nombreuses infiltrations de graisse laissant appara\u00eetre un marbrage brillant qui fond sur le palais.<\/p>\n<p>Son go\u00fbt est doux et d\u00e9licat, l\u00e9g\u00e8rement sucr\u00e9 \u00e0 l\u2019attaque, avec une graisse \u00e9tonnamment onctueuse qui fond sur le palais de fa\u00e7on sublime.<\/p>\n<p>&nbsp;<\/p>\n","protected":false},"featured_media":8188,"comment_status":"open","ping_status":"closed","template":"","meta":[],"product_brand":[],"product_cat":[333,66],"product_tag":[],"class_list":{"0":"post-3300","1":"product","2":"type-product","3":"status-publish","4":"has-post-thumbnail","6":"product_cat-entiers","7":"product_cat-jambon-iberique","8":"tm-has-options","10":"first","11":"instock","12":"taxable","13":"shipping-taxable","14":"purchasable","15":"product-type-variable"},"_links":{"self":[{"href":"https:\/\/jamonesibericosmadrid.com\/fr\/wp-json\/wp\/v2\/product\/3300","targetHints":{"allow":["GET"]}}],"collection":[{"href":"https:\/\/jamonesibericosmadrid.com\/fr\/wp-json\/wp\/v2\/product"}],"about":[{"href":"https:\/\/jamonesibericosmadrid.com\/fr\/wp-json\/wp\/v2\/types\/product"}],"replies":[{"embeddable":true,"href":"https:\/\/jamonesibericosmadrid.com\/fr\/wp-json\/wp\/v2\/comments?post=3300"}],"wp:featuredmedia":[{"embeddable":true,"href":"https:\/\/jamonesibericosmadrid.com\/fr\/wp-json\/wp\/v2\/media\/8188"}],"wp:attachment":[{"href":"https:\/\/jamonesibericosmadrid.com\/fr\/wp-json\/wp\/v2\/media?parent=3300"}],"wp:term":[{"taxonomy":"product_brand","embeddable":true,"href":"https:\/\/jamonesibericosmadrid.com\/fr\/wp-json\/wp\/v2\/product_brand?post=3300"},{"taxonomy":"product_cat","embeddable":true,"href":"https:\/\/jamonesibericosmadrid.com\/fr\/wp-json\/wp\/v2\/product_cat?post=3300"},{"taxonomy":"product_tag","embeddable":true,"href":"https:\/\/jamonesibericosmadrid.com\/fr\/wp-json\/wp\/v2\/product_tag?post=3300"}],"curies":[{"name":"wp","href":"https:\/\/api.w.org\/{rel}","templated":true}]}}