{"id":3407,"date":"2020-11-20T12:24:26","date_gmt":"2020-11-20T11:24:26","guid":{"rendered":"https:\/\/jamonesibericosmadrid.com\/?post_type=product&#038;p=3407"},"modified":"2024-11-27T22:37:20","modified_gmt":"2024-11-27T21:37:20","slug":"artajo-albador-coupage-bio","status":"publish","type":"product","link":"https:\/\/jamonesibericosmadrid.com\/fr\/producto\/artajo-albador-coupage-bio\/","title":{"rendered":"Artajo Albador Coupage BIO."},"content":{"rendered":"<h2>Artajo Albador Coupage BIO.<\/h2>\n<p>Huile d&rsquo;olive extra vierge. Culture biologique \u00e0 la propri\u00e9t\u00e9 avec la vari\u00e9t\u00e9 arbequina. Hautement fruit\u00e9e.<\/p>\n<p>Vari\u00e9t\u00e9 d&rsquo;olive: arbequina- Koroneikki-Arbosana\u00a0 Canette de 250 cc<\/p>\n<p>Acidit\u00e9 autour de 0,2\u00b0<\/p>\n<p>Origine: Tudela, (R\u00e9gion de Navarra)<\/p>\n","protected":false},"excerpt":{"rendered":"<h3>Artajo Albador Coupage BIO.<\/h3>\n<p>Huile d&rsquo;olive extra vierge. Culture biologique \u00e0 la propri\u00e9t\u00e9 avec la vari\u00e9t\u00e9 arbequina. Hautement fruit\u00e9e.<\/p>\n","protected":false},"featured_media":4813,"comment_status":"open","ping_status":"closed","template":"","meta":[],"product_brand":[],"product_cat":[60],"product_tag":[],"class_list":{"0":"post-3407","1":"product","2":"type-product","3":"status-publish","4":"has-post-thumbnail","6":"product_cat-huiles","7":"tm-no-options","9":"first","10":"instock","11":"taxable","12":"shipping-taxable","13":"purchasable","14":"product-type-simple"},"_links":{"self":[{"href":"https:\/\/jamonesibericosmadrid.com\/fr\/wp-json\/wp\/v2\/product\/3407","targetHints":{"allow":["GET"]}}],"collection":[{"href":"https:\/\/jamonesibericosmadrid.com\/fr\/wp-json\/wp\/v2\/product"}],"about":[{"href":"https:\/\/jamonesibericosmadrid.com\/fr\/wp-json\/wp\/v2\/types\/product"}],"replies":[{"embeddable":true,"href":"https:\/\/jamonesibericosmadrid.com\/fr\/wp-json\/wp\/v2\/comments?post=3407"}],"wp:featuredmedia":[{"embeddable":true,"href":"https:\/\/jamonesibericosmadrid.com\/fr\/wp-json\/wp\/v2\/media\/4813"}],"wp:attachment":[{"href":"https:\/\/jamonesibericosmadrid.com\/fr\/wp-json\/wp\/v2\/media?parent=3407"}],"wp:term":[{"taxonomy":"product_brand","embeddable":true,"href":"https:\/\/jamonesibericosmadrid.com\/fr\/wp-json\/wp\/v2\/product_brand?post=3407"},{"taxonomy":"product_cat","embeddable":true,"href":"https:\/\/jamonesibericosmadrid.com\/fr\/wp-json\/wp\/v2\/product_cat?post=3407"},{"taxonomy":"product_tag","embeddable":true,"href":"https:\/\/jamonesibericosmadrid.com\/fr\/wp-json\/wp\/v2\/product_tag?post=3407"}],"curies":[{"name":"wp","href":"https:\/\/api.w.org\/{rel}","templated":true}]}}