{"id":3443,"date":"2020-11-20T12:59:35","date_gmt":"2020-11-20T11:59:36","guid":{"rendered":"https:\/\/jamonesibericosmadrid.com\/?post_type=product&#038;p=3443"},"modified":"2024-01-20T11:17:14","modified_gmt":"2024-01-20T10:17:14","slug":"huile-dolive-extra-vierge-dans-une-boite-cadeau","status":"publish","type":"product","link":"https:\/\/jamonesibericosmadrid.com\/fr\/producto\/huile-dolive-extra-vierge-dans-une-boite-cadeau\/","title":{"rendered":"Huile d&rsquo;olive extra vierge dans une bo\u00eete cadeau"},"content":{"rendered":"<h2>6 vari\u00e9t\u00e9s de la meilleure huile d&rsquo;olive du monde<\/h2>\n<p>Huile d&rsquo;olive extra vierge. Culture biologique \u00e0 la propri\u00e9t\u00e9 avec la vari\u00e9t\u00e9 arbequina. Hautement fruit\u00e9e.<\/p>\n<p>Vari\u00e9t\u00e9 d&rsquo;olive: Arbequina: Verduras y elaboraci\u00f3n de salsas (mayonesa, alioli, etc.)<br \/>\nArbosana: C\u00edtricos y reposter\u00eda<br \/>\nArr\u00f3niz: Legumbres y guisos de caza.<br \/>\nCoupage: Ensaladas templadas, carpaccios de hongos y granada.<br \/>\nKoroneiki: C\u00edtricos, ensaladas de escarola y pescados azules, como el at\u00fan rojo.<br \/>\nManzanilla Cacere\u00f1a: Pescados blancos, chocolate y esp\u00e1rragos.<\/p>\n<p>Acidit\u00e9 autour de 0,2\u00b0<\/p>\n<p>Origine: Tudela, (R\u00e9gion de Navarra)<\/p>\n","protected":false},"excerpt":{"rendered":"<h3>6 vari\u00e9t\u00e9s de la meilleure huile d&rsquo;olive du monde<\/h3>\n<p>Huile d&rsquo;olive extra vierge. Culture biologique \u00e0 la propri\u00e9t\u00e9 avec la vari\u00e9t\u00e9s :Arbequina, Arbosana, Arr\u00f3niz, Coupage, Koroneiki.<br \/>\nManzanilla Cacere\u00f1a. Hautement fruit\u00e9e.<\/p>\n","protected":false},"featured_media":5726,"comment_status":"open","ping_status":"closed","template":"","meta":[],"product_brand":[],"product_cat":[60],"product_tag":[],"class_list":{"0":"post-3443","1":"product","2":"type-product","3":"status-publish","4":"has-post-thumbnail","6":"product_cat-huiles","7":"tm-no-options","9":"first","10":"instock","11":"taxable","12":"shipping-taxable","13":"purchasable","14":"product-type-simple"},"_links":{"self":[{"href":"https:\/\/jamonesibericosmadrid.com\/fr\/wp-json\/wp\/v2\/product\/3443","targetHints":{"allow":["GET"]}}],"collection":[{"href":"https:\/\/jamonesibericosmadrid.com\/fr\/wp-json\/wp\/v2\/product"}],"about":[{"href":"https:\/\/jamonesibericosmadrid.com\/fr\/wp-json\/wp\/v2\/types\/product"}],"replies":[{"embeddable":true,"href":"https:\/\/jamonesibericosmadrid.com\/fr\/wp-json\/wp\/v2\/comments?post=3443"}],"wp:featuredmedia":[{"embeddable":true,"href":"https:\/\/jamonesibericosmadrid.com\/fr\/wp-json\/wp\/v2\/media\/5726"}],"wp:attachment":[{"href":"https:\/\/jamonesibericosmadrid.com\/fr\/wp-json\/wp\/v2\/media?parent=3443"}],"wp:term":[{"taxonomy":"product_brand","embeddable":true,"href":"https:\/\/jamonesibericosmadrid.com\/fr\/wp-json\/wp\/v2\/product_brand?post=3443"},{"taxonomy":"product_cat","embeddable":true,"href":"https:\/\/jamonesibericosmadrid.com\/fr\/wp-json\/wp\/v2\/product_cat?post=3443"},{"taxonomy":"product_tag","embeddable":true,"href":"https:\/\/jamonesibericosmadrid.com\/fr\/wp-json\/wp\/v2\/product_tag?post=3443"}],"curies":[{"name":"wp","href":"https:\/\/api.w.org\/{rel}","templated":true}]}}