{"id":3511,"date":"2020-11-25T20:21:53","date_gmt":"2020-11-25T19:21:54","guid":{"rendered":"https:\/\/jamonesibericosmadrid.com\/?post_type=product&#038;p=3511"},"modified":"2024-02-06T11:29:11","modified_gmt":"2024-02-06T10:29:11","slug":"martelo-2012-copia","status":"publish","type":"product","link":"https:\/\/jamonesibericosmadrid.com\/fr\/producto\/martelo-2012-copia\/","title":{"rendered":"Martelo 2014"},"content":{"rendered":"<h2>Finca Martelo 2014<\/h2>\n<p>C&rsquo;est un grand vin, avec du caract\u00e8re, en accords avec les nouvelles tendances.\u00a0 A la d\u00e9gustation, il pr\u00e9sente une robe d&rsquo;un intense rouge cerise griotte. Le nez est riche d&rsquo;ar\u00f4mes, de caract\u00e8re fruit\u00e9 uni \u00e0 un excellent bois. En bouche, tr\u00e8s charpent\u00e9 au palais, concentr\u00e9, onctueusement tanique, \u00e9quilibr\u00e9 avec de la rondeur. Gouleyant et long en bouche.<\/p>\n<p>Un grand vin, de personnalit\u00e9 \u00e9clatante.<\/p>\n<p>Cat\u00e9gorie: Tinto\u00a0 crianza 24 mois (= rouge mill\u00e9sim\u00e9)<\/p>\n<p>C\u00e9pages:\u00a0 Tempranillo.<\/p>\n<p>Vieillissement: \u00a0 24 mois entre f\u00fbt neuf.<\/p>\n<p>D.O. (=AOC): Rioja<\/p>\n<p>Mill\u00e9sime : Excellent<\/p>\n","protected":false},"excerpt":{"rendered":"<h2>Finca Martelo 2014<\/h2>\n<p>C&rsquo;est un grand vin, avec du caract\u00e8re, en accords avec les nouvelles tendances.\u00a0 A la d\u00e9gustation, il pr\u00e9sente une robe d&rsquo;un intense rouge cerise griotte.<\/p>\n","protected":false},"featured_media":1662,"comment_status":"open","ping_status":"closed","template":"","meta":[],"product_brand":[],"product_cat":[68],"product_tag":[],"class_list":{"0":"post-3511","1":"product","2":"type-product","3":"status-publish","4":"has-post-thumbnail","6":"product_cat-vins","7":"tm-no-options","9":"first","10":"instock","11":"taxable","12":"shipping-taxable","13":"purchasable","14":"product-type-simple"},"_links":{"self":[{"href":"https:\/\/jamonesibericosmadrid.com\/fr\/wp-json\/wp\/v2\/product\/3511","targetHints":{"allow":["GET"]}}],"collection":[{"href":"https:\/\/jamonesibericosmadrid.com\/fr\/wp-json\/wp\/v2\/product"}],"about":[{"href":"https:\/\/jamonesibericosmadrid.com\/fr\/wp-json\/wp\/v2\/types\/product"}],"replies":[{"embeddable":true,"href":"https:\/\/jamonesibericosmadrid.com\/fr\/wp-json\/wp\/v2\/comments?post=3511"}],"wp:featuredmedia":[{"embeddable":true,"href":"https:\/\/jamonesibericosmadrid.com\/fr\/wp-json\/wp\/v2\/media\/1662"}],"wp:attachment":[{"href":"https:\/\/jamonesibericosmadrid.com\/fr\/wp-json\/wp\/v2\/media?parent=3511"}],"wp:term":[{"taxonomy":"product_brand","embeddable":true,"href":"https:\/\/jamonesibericosmadrid.com\/fr\/wp-json\/wp\/v2\/product_brand?post=3511"},{"taxonomy":"product_cat","embeddable":true,"href":"https:\/\/jamonesibericosmadrid.com\/fr\/wp-json\/wp\/v2\/product_cat?post=3511"},{"taxonomy":"product_tag","embeddable":true,"href":"https:\/\/jamonesibericosmadrid.com\/fr\/wp-json\/wp\/v2\/product_tag?post=3511"}],"curies":[{"name":"wp","href":"https:\/\/api.w.org\/{rel}","templated":true}]}}