{"id":422,"date":"2018-02-28T13:44:28","date_gmt":"2018-02-28T12:44:28","guid":{"rendered":"https:\/\/jamonesibericosmadrid.com\/?post_type=product&#038;p=422"},"modified":"2026-02-28T11:46:49","modified_gmt":"2026-02-28T10:46:49","slug":"coppa-iberica-de-bellota","status":"publish","type":"product","link":"https:\/\/jamonesibericosmadrid.com\/fr\/producto\/coppa-iberica-de-bellota\/","title":{"rendered":"Coppa ib\u00e9rica de bellota"},"content":{"rendered":"<h1>Coppa ib\u00e9rica de bellota<\/h1>\n<p>La Coppa de Bellota Ib\u00e9rica se encuentra en el cabecero de lomo del cerdo de bellota, la misma zona que el lomo de presa de bellota. De ah\u00ed su gran cantidad de infiltraci\u00f3n de grasa de bellota, su sabor suave y su textura untuosa. Su color es muy caracter\u00edstico de esta parte del cerdo de bellota; blanco ros\u00e1ceo y magro rojo apagado que dejan ver el vetado de aspecto marm\u00f3reo.<\/p>\n<p>Para su degustaci\u00f3n recomendamos el corte muy fino para potenciar el sabor y su jugosidad.<\/p>\n<p>La coppa ib\u00e9rica de bellota permanece en bodegas naturales durante\u00a0 unos 6 &#8211; 7\u00a0 meses mientras madura y\u00a0 se caracteriza por ser una pieza extremadamente\u00a0 veteada de grasa intramuscular. El caracter\u00edstico tono ligeramente plateado, se debe a su adobo con pimienta en vez de piment\u00f3n como otros productores.<\/p>\n<p>Este adobo le otorga un delicado y elegante sabor , pues este tipo de carne manifiesta mucho mejor su calidad con este tipo de aderezo. Y produce un embutido de carne jugosa e intenso aroma.<\/p>\n<div id=\"attachment_8725\" style=\"width: 250px\" class=\"wp-caption alignleft\"><img decoding=\"async\" aria-describedby=\"caption-attachment-8725\" class=\"size-medium wp-image-8725\" src=\"https:\/\/jamonesibericosmadrid.com\/wp-content\/uploads\/2018\/02\/coppa-joselito-03__60270-240x300.webp\" alt=\"Coppa ib\u00e9rica de bellota\" width=\"240\" height=\"300\" srcset=\"https:\/\/jamonesibericosmadrid.com\/wp-content\/uploads\/2018\/02\/coppa-joselito-03__60270-200x250.webp 200w, https:\/\/jamonesibericosmadrid.com\/wp-content\/uploads\/2018\/02\/coppa-joselito-03__60270-240x300.webp 240w, https:\/\/jamonesibericosmadrid.com\/wp-content\/uploads\/2018\/02\/coppa-joselito-03__60270-400x500.webp 400w, https:\/\/jamonesibericosmadrid.com\/wp-content\/uploads\/2018\/02\/coppa-joselito-03__60270-500x625.webp 500w, https:\/\/jamonesibericosmadrid.com\/wp-content\/uploads\/2018\/02\/coppa-joselito-03__60270-600x750.webp 600w, https:\/\/jamonesibericosmadrid.com\/wp-content\/uploads\/2018\/02\/coppa-joselito-03__60270-700x875.webp 700w, https:\/\/jamonesibericosmadrid.com\/wp-content\/uploads\/2018\/02\/coppa-joselito-03__60270.webp 750w\" sizes=\"(max-width: 240px) 100vw, 240px\" \/><p id=\"caption-attachment-8725\" class=\"wp-caption-text\">Coppa ib\u00e9rica de bellota<\/p><\/div>\n<p>La coppa de Cumbres Mayores se elabora \u00fanicamente con el cabecero o aguja del cerdo ib\u00e9rico, se trata es una pieza de morfolog\u00eda triangular que se localiza a continuaci\u00f3n del lomo en situaci\u00f3n craneal. Es sazonada con sal marina, pimienta y ajo y comparte con el lomo los mismos m\u00fasculos, (long\u00edsimos, lumbar y tor\u00e1cico), aunque \u00fanicamente las porciones correspondientes a su inserci\u00f3n.<\/p>\n<p>Procede de\u00a0 <a href=\"https:\/\/es.wikipedia.org\/wiki\/Jabugo\" target=\"_blank\" rel=\"noopener\">Cumbres Mayores<\/a>, en Huelva.\u00a0 Del mismo modo, proviene de cerdos 100% ib\u00e9ricos , y lo m\u00e1s importante, alimentados con bellota y hierba en las dehesas durante la montanera.<\/p>\n<p>La Coppa\u00a0 se caracteriza por un sabor intenso y prolongado en el paladar. Se trata de una pieza de gran jugosidad que se encuentra a continuaci\u00f3n del lomo en situaci\u00f3n craneal. Su excepcional veteado se distribuye con pericia en la carne rojiza de distintos matices y el toque liviano de la pimienta, le aporta elegancia.<\/p>\n<p>La Coppa es una pieza equilibrada y de f\u00e1cil degustaci\u00f3n, capaz de conquistar a cualquier paladar con su sabor envolvente y refinado.<\/p>\n<p>En cuanto a su degustaci\u00f3n, debido a la intensidad de su sabor, combina magn\u00edficamente con\u00a0 tintos de reserva, que mezclen sus taninos con la potencia gustativa de la bellota.\u00a0 Entre otras opciones, encajan muy bien los elaborados con uva Tempranillo. Por\u00a0 ejemplo este <a href=\"https:\/\/jamonesibericosmadrid.com\/producto\/torre-de-ona-reserva-2014\/\" target=\"_blank\" rel=\"noopener\">Rioja Reserva del 2014<\/a><\/p>\n<p>Al corte ofrece una gran variedad de tonalidades ros\u00e1ceas-oscuras con presencia de grasa entreverada, proporcionando por tanto una explosi\u00f3n de untuosos sabores para el paladar.<\/p>\n<p>La denominaci\u00f3n de \u201ccoppa\u201d para un producto tradicional de\u00a0 como es el cabecero de lomo, proviene de la denominaci\u00f3n de su hom\u00f3logo italiano. La innovaci\u00f3n en la elaboraci\u00f3n tradicional de la receta, aprovechando la materia prima de raza ib\u00e9rica pura de m\u00e1xima calidad; da como resultado un producto ib\u00e9rico de sabor y textura excepcionales.<\/p>\n<p>Su aspecto marm\u00f3reo esculpido con la grasa infiltrada del m\u00fasculo de color ros\u00e1ceo, le da un aspecto cincelado muy caracter\u00edstico. Su jugosidad excepcional provoca que se deshaga en la boca, llenando de matices el paladar cuando las especias de su ali\u00f1o se liberan al contacto con el gusto.<\/p>\n<h2>Coppa ib\u00e9rica de bellota<\/h2>\n<p>Este magn\u00edfico embutido procede de animales que se alimentan en r\u00e9gimen de absoluta libertad, durante un promedio de 18 meses a dos a\u00f1os.<\/p>\n<p>En Cumbres Mayores\u00a0 (Huelva) se elabora este embutido ib\u00e9rico de bellota. El mejor cabecero seleccionado, adobado, y curado a la manera tradicional para que permanezca intacto su car\u00e1cter y conserve su punto de curaci\u00f3n.<\/p>\n<p>La carne tiene un color rojo p\u00e1lido, es muy olorosa y desprende un sabor suave, con abundantes infiltraciones de grasa. Es un aut\u00e9ntico placer disfrutarlo de forma pausada para apreciar todos los matices y aromas.<\/p>\n<p><strong>Ingredientes: cabecero de cerdo 100% ib\u00e9rico de bellota, sal marina, pimienta y ajo. Sin gluten ni lactosa.<\/strong><strong>\u00a0<\/strong><\/p>\n","protected":false},"excerpt":{"rendered":"<h2>Coppa ib\u00e9rica de bellota<\/h2>\n<p>La Coppa de Bellota Ib\u00e9rica se encuentra en el cabecero de lomo del cerdo de bellota, la misma zona que el lomo de presa de bellota. De ah\u00ed su gran cantidad de infiltraci\u00f3n de grasa de bellota, su sabor suave y su textura untuosa. Su color es muy caracter\u00edstico de esta parte del cerdo de bellota; blanco ros\u00e1ceo y magro rojo apagado que dejan ver el vetado de aspecto marm\u00f3reo.<\/p>\n<p>Para su degustaci\u00f3n recomendamos el corte muy fino para potenciar el sabor y su jugosidad.<\/p>\n","protected":false},"featured_media":8725,"comment_status":"open","ping_status":"closed","template":"","meta":[],"product_brand":[],"product_cat":[41],"product_tag":[],"class_list":{"0":"post-422","1":"product","2":"type-product","3":"status-publish","4":"has-post-thumbnail","6":"product_cat-embutidos-ibericos","7":"tm-no-options","9":"first","10":"instock","11":"taxable","12":"shipping-taxable","13":"purchasable","14":"product-type-variable"},"_links":{"self":[{"href":"https:\/\/jamonesibericosmadrid.com\/fr\/wp-json\/wp\/v2\/product\/422","targetHints":{"allow":["GET"]}}],"collection":[{"href":"https:\/\/jamonesibericosmadrid.com\/fr\/wp-json\/wp\/v2\/product"}],"about":[{"href":"https:\/\/jamonesibericosmadrid.com\/fr\/wp-json\/wp\/v2\/types\/product"}],"replies":[{"embeddable":true,"href":"https:\/\/jamonesibericosmadrid.com\/fr\/wp-json\/wp\/v2\/comments?post=422"}],"wp:featuredmedia":[{"embeddable":true,"href":"https:\/\/jamonesibericosmadrid.com\/fr\/wp-json\/wp\/v2\/media\/8725"}],"wp:attachment":[{"href":"https:\/\/jamonesibericosmadrid.com\/fr\/wp-json\/wp\/v2\/media?parent=422"}],"wp:term":[{"taxonomy":"product_brand","embeddable":true,"href":"https:\/\/jamonesibericosmadrid.com\/fr\/wp-json\/wp\/v2\/product_brand?post=422"},{"taxonomy":"product_cat","embeddable":true,"href":"https:\/\/jamonesibericosmadrid.com\/fr\/wp-json\/wp\/v2\/product_cat?post=422"},{"taxonomy":"product_tag","embeddable":true,"href":"https:\/\/jamonesibericosmadrid.com\/fr\/wp-json\/wp\/v2\/product_tag?post=422"}],"curies":[{"name":"wp","href":"https:\/\/api.w.org\/{rel}","templated":true}]}}