{"id":4616,"date":"2021-02-27T12:23:36","date_gmt":"2021-02-27T11:23:37","guid":{"rendered":"https:\/\/jamonesibericosmadrid.com\/?post_type=product&#038;p=4616"},"modified":"2021-03-11T19:55:39","modified_gmt":"2021-03-11T18:55:39","slug":"jambon-iberique-appellation-cebo-de-campo-coupe-a-la-main","status":"publish","type":"product","link":"https:\/\/jamonesibericosmadrid.com\/fr\/producto\/jambon-iberique-appellation-cebo-de-campo-coupe-a-la-main\/","title":{"rendered":"Jambon ib\u00e9rique appellation \u00ab cebo de campo \u00bb coup\u00e9 \u00e1 la main"},"content":{"rendered":"<h3 class=\"fusion-responsive-typography-calculated\" data-fontsize=\"24\" data-lineheight=\"36px\"><strong>Jambon ib\u00e9rique appellation \u00ab cebo de campo \u00bb coup\u00e9 \u00e1 la main<\/strong><\/h3>\n<p>Le jambon ib\u00e9rique appellation \u00ab cebo de campo \u00bb (autrefois connu comme \u00ab recebo \u00bb), fait l\u2019objet des m\u00eames soins et d\u2019un proc\u00e9d\u00e9 d\u2019\u00e9laboration en tous points similaire au jambon de bellota. C\u2019est un produit qui n\u2019est pas aussi exclusif car les porcs n\u2019occupent pas le m\u00eame espace sur le domaine, et la dur\u00e9e d\u2019\u00e9levage et de s\u00e9chage n\u2019est pas la m\u00eame. Mais cela reste un jambon ib\u00e9rique Pata Negra obtenu avec l\u2019unique aide du temps et du sel.<br \/>\nIngr\u00e9dients. jambon de porc ib\u00e9rique , sel marin et temps.<br \/>\nSans agents nitrifiants, lactose, gluten ni allerg\u00e8nes.<\/p>\n","protected":false},"excerpt":{"rendered":"<h3><strong>Jambon ib\u00e9rique appellation \u00ab cebo de campo \u00bb coup\u00e9 \u00e1 la main<\/strong><\/h3>\n<p>Ces jambons proviennent de porcs \u00e9lev\u00e9s \u00e0 l&rsquo;air libre, puis mis \u00e0 s\u00e9cher pendant au moins 28-36 mois dans des grottes.<\/p>\n<p>Mais cela reste un jambon ib\u00e9rique Pata Negra obtenu avec l\u2019unique aide du temps et du sel.<br \/>\nIngr\u00e9dients. jambon de porc ib\u00e9rique , sel marin et temps.<\/p>\n","protected":false},"featured_media":4620,"comment_status":"open","ping_status":"closed","template":"","meta":[],"product_brand":[],"product_cat":[267,66],"product_tag":[],"class_list":{"0":"post-4616","1":"product","2":"type-product","3":"status-publish","4":"has-post-thumbnail","6":"product_cat-coupe-a-la-main","7":"product_cat-jambon-iberique","8":"tm-no-options","10":"first","11":"instock","12":"taxable","13":"shipping-taxable","14":"purchasable","15":"product-type-variable"},"_links":{"self":[{"href":"https:\/\/jamonesibericosmadrid.com\/fr\/wp-json\/wp\/v2\/product\/4616","targetHints":{"allow":["GET"]}}],"collection":[{"href":"https:\/\/jamonesibericosmadrid.com\/fr\/wp-json\/wp\/v2\/product"}],"about":[{"href":"https:\/\/jamonesibericosmadrid.com\/fr\/wp-json\/wp\/v2\/types\/product"}],"replies":[{"embeddable":true,"href":"https:\/\/jamonesibericosmadrid.com\/fr\/wp-json\/wp\/v2\/comments?post=4616"}],"wp:featuredmedia":[{"embeddable":true,"href":"https:\/\/jamonesibericosmadrid.com\/fr\/wp-json\/wp\/v2\/media\/4620"}],"wp:attachment":[{"href":"https:\/\/jamonesibericosmadrid.com\/fr\/wp-json\/wp\/v2\/media?parent=4616"}],"wp:term":[{"taxonomy":"product_brand","embeddable":true,"href":"https:\/\/jamonesibericosmadrid.com\/fr\/wp-json\/wp\/v2\/product_brand?post=4616"},{"taxonomy":"product_cat","embeddable":true,"href":"https:\/\/jamonesibericosmadrid.com\/fr\/wp-json\/wp\/v2\/product_cat?post=4616"},{"taxonomy":"product_tag","embeddable":true,"href":"https:\/\/jamonesibericosmadrid.com\/fr\/wp-json\/wp\/v2\/product_tag?post=4616"}],"curies":[{"name":"wp","href":"https:\/\/api.w.org\/{rel}","templated":true}]}}