{"id":4654,"date":"2021-02-27T13:28:52","date_gmt":"2021-02-27T12:28:53","guid":{"rendered":"https:\/\/jamonesibericosmadrid.com\/?post_type=product&#038;p=4654"},"modified":"2021-03-10T19:36:53","modified_gmt":"2021-03-10T18:36:53","slug":"jambon-5-jotas-coupe-a-la-main","status":"publish","type":"product","link":"https:\/\/jamonesibericosmadrid.com\/fr\/producto\/jambon-5-jotas-coupe-a-la-main\/","title":{"rendered":"Jambon 5 Jotas coup\u00e9 \u00e0 la main"},"content":{"rendered":"<h1>Jambon 5 Jotas coup\u00e9 \u00e0 la main<\/h1>\n<p>Ces jambons proviennent de porcs \u00e9lev\u00e9s \u00e0 l&rsquo;air libre, puis mis \u00e0 s\u00e9cher pendant au moins 36 mois dans des grottes. C&rsquo;est ce processus qui leur donne cette saveur intense et si particuli\u00e8re<span class=\"Apple-converted-space\">\u00a0 <\/span>floraison typique de cette maison v\u00e9ritablement artisanale. Production limit\u00e9e.<br \/>\nIngr\u00e9dients. jambon de porc ib\u00e9rique pur, sel marin .<br \/>\nNo lactose, gluten ni allerg\u00e8nes.<\/p>\n","protected":false},"excerpt":{"rendered":"<h3>Jambon 5 Jotas coup\u00e9 \u00e0 la main<\/h3>\n<p>Ces jambons proviennent de porcs \u00e9lev\u00e9s \u00e0 l&rsquo;air libre, puis mis \u00e0 s\u00e9cher pendant au moins 36 mois dans des grottes.<\/p>\n<p>&nbsp;<\/p>\n","protected":false},"featured_media":5023,"comment_status":"open","ping_status":"closed","template":"","meta":[],"product_brand":[],"product_cat":[267,66],"product_tag":[],"class_list":{"0":"post-4654","1":"product","2":"type-product","3":"status-publish","4":"has-post-thumbnail","6":"product_cat-coupe-a-la-main","7":"product_cat-jambon-iberique","8":"tm-no-options","10":"first","11":"instock","12":"taxable","13":"shipping-taxable","14":"purchasable","15":"product-type-variable"},"_links":{"self":[{"href":"https:\/\/jamonesibericosmadrid.com\/fr\/wp-json\/wp\/v2\/product\/4654","targetHints":{"allow":["GET"]}}],"collection":[{"href":"https:\/\/jamonesibericosmadrid.com\/fr\/wp-json\/wp\/v2\/product"}],"about":[{"href":"https:\/\/jamonesibericosmadrid.com\/fr\/wp-json\/wp\/v2\/types\/product"}],"replies":[{"embeddable":true,"href":"https:\/\/jamonesibericosmadrid.com\/fr\/wp-json\/wp\/v2\/comments?post=4654"}],"wp:featuredmedia":[{"embeddable":true,"href":"https:\/\/jamonesibericosmadrid.com\/fr\/wp-json\/wp\/v2\/media\/5023"}],"wp:attachment":[{"href":"https:\/\/jamonesibericosmadrid.com\/fr\/wp-json\/wp\/v2\/media?parent=4654"}],"wp:term":[{"taxonomy":"product_brand","embeddable":true,"href":"https:\/\/jamonesibericosmadrid.com\/fr\/wp-json\/wp\/v2\/product_brand?post=4654"},{"taxonomy":"product_cat","embeddable":true,"href":"https:\/\/jamonesibericosmadrid.com\/fr\/wp-json\/wp\/v2\/product_cat?post=4654"},{"taxonomy":"product_tag","embeddable":true,"href":"https:\/\/jamonesibericosmadrid.com\/fr\/wp-json\/wp\/v2\/product_tag?post=4654"}],"curies":[{"name":"wp","href":"https:\/\/api.w.org\/{rel}","templated":true}]}}